{"id":9908,"date":"2019-03-27T19:22:18","date_gmt":"2019-03-27T12:22:18","guid":{"rendered":"https:\/\/khachhang.webrt.vn\/phong\/ali\/?page_id=9908"},"modified":"2021-03-22T09:09:13","modified_gmt":"2021-03-22T02:09:13","slug":"goi-incredible-english-2020","status":"publish","type":"page","link":"https:\/\/truonganhngu.mauthemewp.com\/?page_id=9908","title":{"rendered":"Incredible English 2021"},"content":{"rendered":"<h1 style=\"text-align: center;\"><span style=\"color: #000000;\"><strong>G\u00d3I INCREDIBLE ENGLISH 2021<br \/><\/strong><span style=\"font-size: 14px;\">Kh\u00f4ng ph\u1ea3i \u0111\u1eafn \u0111o xem m\u00ecnh ph\u1ea3i l\u1ef1a ch\u1ecdn kho\u00e1 h\u1ecdc n\u00e0o \u1edf <strong>ALIBABA<\/strong> n\u1eefa. V\u1edbi <strong>INCREDIBLE ENGLISH 2021<\/strong>\u00a0c\u00f9ng <strong>96\u00a0bu\u1ed5i h\u1ecdc<\/strong>, b\u1ea1n c\u00f3 th\u1ec3 l\u1ef1a ch\u1ecdn nh\u1eefng kho\u00e1 h\u1ecdc m\u00e0 m\u00ecnh th\u00edch v\u00e0 ghi danh 2 th\u00e1ng m\u1ed7i kho\u00e1 h\u1ecdc, b\u1ea1n s\u1ebd tha h\u1ed3 b\u1ed5 sung nh\u1eefng k\u1ef9 n\u0103ng m\u1edbi,\u00a0<\/span><span style=\"font-size: 14px;\">h\u00e3y\u00a0c\u00f9ng xem qua nh\u1eefng gi\u00e1 tr\u1ecb m\u00e0 kho\u00e1 h\u1ecdc n\u00e0y mang l\u1ea1i nh\u00e9!<\/span><\/span><\/h1>\n<p style=\"text-align: center;\"><iframe loading=\"lazy\" src=\"https:\/\/www.youtube.com\/embed\/MaeclJGoNqo\" width=\"560\" height=\"315\" frameborder=\"0\" allowfullscreen=\"allowfullscreen\" data-mce-fragment=\"1\"><\/iframe><\/p>\n<p style=\"text-align: center;\"><em>VTV1 N\u00d3I G\u00cc V\u1ec0 ALIBABA<\/em><\/p>\n<p><span style=\"color: #000000; font-size: 16px;\"><strong><span style=\"color: #0000ff;\">\u25ba<\/span><a href=\"https:\/\/khachhang.webrt.vn\/phong\/ali\/khoa-hoc-tieng-anh-giao-tiep-co-ban\"><span style=\"color: #0000ff;\">Kho\u00e1 PRONUNCIATION MASTER (Xem t\u1ea1i Link)<\/span><\/a><br \/><\/strong><\/span><span style=\"color: #000000;\">Kho\u00e1 h\u1ecdc 15 bu\u1ed5i h\u1ecdc ch\u00ednh trong 2 th\u00e1ng, 8 bu\u1ed5i h\u1ecdc C\u00e2u L\u1ea1c b\u1ed9. H\u1ecdc l\u1ea1i ph\u00e1t \u00e2m v\u00e0 c\u00e1c c\u1ea5u tr\u00fac c\u00e2u th\u01b0\u1eddng g\u1eb7p. 15 ch\u1ee7 \u0111\u1ec1 c\u01a1 b\u1ea3n nh\u1ea5t trong \u0111\u1eddi s\u1ed1ng h\u00e0ng ng\u00e0y v\u00e0 c\u00e1c k\u1ef9 n\u0103ng m\u1ec1m cho sinh vi\u00ean.<\/span><br \/><strong><span style=\"color: #ed1c24;\">Gi\u00e1: 2.000.000 \u0111<\/span><\/strong><\/p>\n<p><span style=\"font-size: 16px;\"><a href=\"https:\/\/khachhang.webrt.vn\/phong\/ali\/khoa-hoc-tieng-anh-giao-tiep-nang-cao-cung-nguoi-ban-ngu\"><span style=\"color: #0000ff;\"><strong>\u25ba\u00a0Kho\u00e1 MASTER COMMUNICATION (Xem t\u1ea1i Link)<\/strong><\/span><\/a><\/span><\/p>\n<p><span style=\"font-size: 16px;\"><span style=\"color: #00ccff;\"><a style=\"color: #00ccff;\" href=\"https:\/\/khachhang.webrt.vn\/phong\/ali\/khoa-hoc-tieng-anh-giao-tiep-nang-cao-cung-nguoi-ban-ngu\"><strong>* Giai \u0111o\u1ea1n 1:\u00a0 BASIC COMMUNICATION (Xem t\u1ea1i Link)<\/strong><\/a><\/span><br \/><span style=\"color: #000000;\">Kho\u00e1 h\u1ecdc 16 bu\u1ed5i h\u1ecdc ch\u00ednh trong 2 th\u00e1ng, 8 bu\u1ed5i h\u1ecdc C\u00e2u L\u1ea1c B\u1ed9. B\u1ed5 sung nh\u1eefng t\u1eeb v\u1ef1ng c\u00e1c c\u1ea5u tr\u00fac ng\u1eef ph\u00e1p th\u01b0\u1eddng g\u1eb7p. C\u1ea3i thi\u1ec7n k\u1ef9 n\u0103ng nghe v\u00e0 ph\u1ea3n x\u1ea1 giao ti\u1ebfp v\u1edbi l\u01b0\u1ee3ng b\u00e0i t\u1eadp b\u1ed5 sung k\u1ef9 n\u0103ng Nghe &#8211; \u0110\u1ecdc qua nhi\u1ec1u game v\u00e0 ph\u01b0\u01a1ng ph\u00e1p h\u1ecdc m\u1edbi l\u1ea1.<\/span><br \/><span style=\"font-size: 14px;\"><strong><span style=\"color: #ed1c24;\">Gi\u00e1: 2.000.000 \u0111<\/span><\/strong><\/span><\/span><\/p>\n<p><span style=\"font-size: 16px;\"><span style=\"color: #00ccff;\"><strong>*\u00a0<a style=\"color: #00ccff;\" href=\"https:\/\/khachhang.webrt.vn\/phong\/ali\/giai-doan-2-advanced-communication\">Giai \u0111o\u1ea1n 2:\u00a0 ADVANCED COMMUNICATION (Xem t\u1ea1i Link)<\/a><\/strong><\/span><br \/><\/span><span style=\"color: #000000;\">Kho\u00e1 h\u1ecdc 16 bu\u1ed5i h\u1ecdc ch\u00ednh trong 2 th\u00e1ng, 8 bu\u1ed5i h\u1ecdc C\u00e2u L\u1ea1c B\u1ed9. \u0110\u01b0\u1ee3c t\u1ea1o m\u00f4i tr\u01b0\u1eddng luy\u1ec7n t\u1eadp ti\u1ebfng Anh tr\u00ean l\u1edbp v\u1edbi Gi\u1ea3ng Vi\u00ean, Tr\u1ee3 Gi\u1ea3ng. Ho\u00e0n thi\u1ec7n c\u00e1c k\u1ef9 thu\u1eadt cao v\u1ec1 \u00e2m bao g\u1ed3m: N\u1ed1i \u00e2m, nu\u1ed1t \u00e2m, gi\u1ea3m \u00e2m. \u0110\u1ed3ng th\u1eddi h\u1ecdc c\u00e1ch vi\u1ebft CV v\u00e0 tr\u1ea3 l\u1eddi ph\u1ecfng v\u1ea5n xin vi\u1ec7c b\u1eb1ng ti\u1ebfng Anh c\u0169ng nh\u1eefng k\u1ef9 n\u0103ng c\u1ee7a giao ti\u1ebfp: Thuy\u1ebft tr\u00ecnh m\u00e1y chi\u1ebfu, ph\u1ea3n bi\u1ec7n ti\u1ebfng Anh.<\/span><br \/><strong><span style=\"color: #ed1c24;\">Gi\u00e1: 2.000.000 \u0111<\/span><\/strong><\/p>\n<p><img decoding=\"async\" loading=\"lazy\" class=\"alignnone size-medium wp-image-17941 aligncenter\" src=\"https:\/\/khachhang.webrt.vn\/phong\/ali\/wp-content\/uploads\/2020\/09\/7b5f98f26fe190bfc9f0-533x400.jpg\" alt=\"\" width=\"533\" height=\"400\" srcset=\"https:\/\/truonganhngu.mauthemewp.com\/wp-content\/uploads\/2020\/09\/7b5f98f26fe190bfc9f0-533x400.jpg 533w, https:\/\/truonganhngu.mauthemewp.com\/wp-content\/uploads\/2020\/09\/7b5f98f26fe190bfc9f0-768x576.jpg 768w, https:\/\/truonganhngu.mauthemewp.com\/wp-content\/uploads\/2020\/09\/7b5f98f26fe190bfc9f0-1067x800.jpg 1067w\" sizes=\"(max-width: 533px) 100vw, 533px\" \/><\/p>\n<p><span style=\"font-size: 16px;\"><span style=\"color: #0000ff;\"><strong><a style=\"color: #0000ff;\" href=\"https:\/\/khachhang.webrt.vn\/phong\/ali\/khoa-pre-toeic-350\">\u25baKho\u00e1 Pre Toeic (Xem t\u1ea1i Link)<\/a><br \/><\/strong><\/span><\/span><span style=\"color: #000000;\">Kho\u00e1 h\u1ecdc 12 bu\u1ed5i trong v\u00f2ng 1,5 th\u00e1ng. Kh\u00f3a h\u1ecdc PRE TOEIC \u0111\u01b0\u1ee3c thi\u1ebft k\u1ebf nh\u1eb1m gi\u00fap c\u00e1c b\u1ea1n h\u1ecdc vi\u00ean c\u00f3 \u0111\u01b0\u1ee3c nh\u1eefng ki\u1ebfn th\u1ee9c c\u01a1 b\u1ea3n v\u00e0 n\u1ec1n t\u1ea3ng nh\u1ea5t t\u1eeb \u0111\u00f3 t\u1ea1o \u0111\u00e0 n\u00e2ng cao \u0111i\u1ec3m thi trong nh\u1eefng kh\u00f3a h\u1ecdc ti\u1ebfp theo. K\u1ebft th\u00fac kh\u00f3a h\u1ecdc, h\u1ecdc vi\u00ean c\u00f3 th\u1ec3 n\u1eafm \u0111\u01b0\u1ee3c nh\u1eefng ki\u1ebfn th\u1ee9c c\u1ea7n thi\u1ebft v\u00e0 c\u00f3 th\u1ec3 \u0111\u1ea1t Toeic 350+. \u0110\u01b0\u1ee3c gi\u1ea3ng d\u1ea1y b\u1edfi c\u00e1c Gi\u1ea3ng Vi\u00ean c\u00f3 ch\u1ee9ng ch\u1ec9 Toeic chu\u1ea9n qu\u1ed1c t\u1ebf 950+.<\/span><br \/><strong><span style=\"color: #ed1c24;\">Gi\u00e1: 2.000.000 \u0111<\/span><\/strong><\/p>\n<p><span style=\"font-size: 16px;\"><span style=\"color: #0000ff;\"><strong><a style=\"color: #0000ff;\" href=\"https:\/\/khachhang.webrt.vn\/phong\/ali\/khoa-hoc-toeic\">\u25baKho\u00e1 Toeic Starter (Xem t\u1ea1i Link)<\/a><br \/><\/strong><\/span><\/span><span style=\"color: #000000;\">Kho\u00e1 h\u1ecdc 20 bu\u1ed5i trong v\u00f2ng 3 th\u00e1ng. \u0110\u01b0\u1ee3c thi\u1ebft k\u1ebf nh\u1eb1m ph\u00e1t tri\u1ec3n kh\u1ea3 n\u0103ng ti\u1ebfng Anh gi\u00fap h\u1ecdc vi\u00ean n\u00e2ng cao \u0111i\u1ec3m thi TOEIC &#8211; l\u00e0 ch\u1ee9ng ch\u1ec9 \u0111\u01b0\u1ee3c c\u00f4ng nh\u1eadn \u1edf nhi\u1ec1u Doanh nghi\u1ec7p v\u00e0 c\u00e1c tr\u01b0\u1eddng \u0111\u1ea1i h\u1ecdc \u1edf Vi\u1ec7t Nam. K\u1ebft th\u00fac kh\u00f3a h\u1ecdc, h\u1ecdc vi\u00ean c\u00f3 th\u1ec3 \u0111\u1ea1t Toeic 500+. \u0110\u01b0\u1ee3c gi\u1ea3ng d\u1ea1y b\u1edfi c\u00e1c Gi\u1ea3ng Vi\u00ean c\u00f3 ch\u1ee9ng ch\u1ec9 chu\u1ea9n qu\u1ed1c t\u1ebf tr\u00ean 950 \u0111i\u1ec3m.<\/span><br \/><strong><span style=\"color: #ed1c24;\">Gi\u00e1: 2.500.000 \u0111<\/span><\/strong><\/p>\n<p><span style=\"font-size: 16px;\"><span style=\"color: #0000ff;\"><strong><a style=\"color: #0000ff;\" href=\"https:\/\/khachhang.webrt.vn\/phong\/ali\/khoa-hoc-toeic-flyer-700\">\u25baKho\u00e1 Toeic Flyer 700+ (Xem t\u1ea1i Link)<\/a><br \/><\/strong><\/span><\/span><span style=\"color: #000000;\"> Alibaba \u0111\u1ea3m b\u1ea3o \u0111\u1ea7u ra b\u1eb1ng h\u1ee3p \u0111\u1ed3ng, h\u1ecdc vi\u00ean khi k\u1ebft th\u00fac kh\u00f3a h\u1ecdc c\u00f3 th\u1ec3 \u0111\u1ea1t Toeic 700+ . \u0110\u01b0\u1ee3c gi\u1ea3ng d\u1ea1y b\u1edfi c\u00e1c Gi\u1ea3ng Vi\u00ean c\u00f3 ch\u1ee9ng ch\u1ec9 chu\u1ea9n qu\u1ed1c t\u1ebf 950+, Alibaba c\u00f3 ni\u1ec1m tin v\u00e0o nh\u1eefng gi\u00e1 tr\u1ecb c\u1ee7a kh\u00f3a h\u1ecdc mang l\u1ea1i cho h\u1ecdc vi\u00ean.<br \/><strong><span style=\"color: #ed1c24;\">Gi\u00e1: 2.500.000 \u0111<\/span><\/strong><br \/><\/span><\/p>\n<p style=\"text-align: center;\"><span style=\"font-size: 19px; color: #000000;\"><strong>CH\u00cdNH S\u00c1CH<\/strong><\/span><span style=\"font-size: 19px; color: #ed1c24;\"><strong> \u01afU \u0110\u00c3I <span style=\"color: #000000;\">KHO\u00c1 INCREDIBLE ENGLISH<\/span> TRONG TH\u00c1NG 3 N\u00c0Y<br \/><\/strong><\/span><\/p>\n<p><span style=\"font-size: 18px;\"><span style=\"color: #000000;\"><strong>\u25ba<\/strong><\/span><strong><span style=\"color: #000000;\">G\u00d3I 12 TH\u00c1NG: Gi\u1ea3m t\u1eeb<\/span>\u00a0<em><span style=\"color: #ed1c24; font-size: 20px;\">13.000.000\u0111<\/span><\/em> <span style=\"color: #000000;\">ch\u1ec9 c\u00f2n<\/span> <span style=\"color: #ed1c24;\">9<\/span><\/strong><\/span><span style=\"color: #ed1c24; font-size: 18px;\"><strong><span style=\"color: #ed1c24;\">.500.000<\/span>\u0111<\/strong><\/span><span style=\"color: #000000;\"><br \/><span style=\"font-size: 17px;\">&#8211; H\u1ecdc t\u1ea5t c\u1ea3 c\u00e1c kho\u00e1 h\u1ecdc c\u1ee7a Alibaba trong 12 th\u00e1ng<\/span><\/span><br \/><span style=\"color: #000000; font-size: 17px;\"> &#8211; Tho\u1ea3i m\u00e1i l\u1ef1a ch\u1ecdn \u0111\u1ecba \u0111i\u1ec3m h\u1ecdc, th\u1eddi gian h\u1ecdc<\/span><\/p>\n<div class=\"\" data-block=\"true\" data-editor=\"4jlpu\" data-offset-key=\"168f4-0-0\">\n<div class=\"_1mf _1mj\" data-offset-key=\"168f4-0-0\"><span style=\"color: #000000;\"><span style=\"color: #ed1c24;\"><strong><span style=\"font-size: 18px;\"><span class=\"_3gl1 _5zz4\" data-offset-key=\"168f4-0-0\"><span class=\"_ncl\">?<\/span><\/span>\u00a0G\u00f3i INCREDIBLE ENGLISH m\u1edbi c\u1ee7a Alibaba c\u00f3 g\u00ec \u0111\u1eb7c bi\u1ec7t?<\/span><\/strong><\/span><br \/><span class=\"_3gl1 _5zz4\" style=\"color: #ed1c24;\" data-offset-key=\"m3qq-0-0\"><span class=\"_ncl\">?<strong> \u0110\u0103ng k\u00fd b\u00e2y gi\u1edd h\u1ecdc l\u00fac n\u00e0o c\u0169ng \u0111\u01b0\u1ee3c!<\/strong><\/span><\/span><br \/><\/span><\/div>\n<\/div>\n<div class=\"\" data-block=\"true\" data-editor=\"4jlpu\" data-offset-key=\"m3qq-0-0\">\n<div class=\"_1mf _1mj\" data-offset-key=\"m3qq-0-0\"><span style=\"color: #000000;\"><span class=\"_3gl1 _5zz4\" data-offset-key=\"m3qq-0-0\"><span class=\"_ncl\">?<\/span><\/span> H\u1ecdc c\u00e1c kho\u00e1 h\u1ecdc c\u1ee7a Alibaba. Ghi \u0111i\u1ec3m &amp; th\u1ef1c h\u00e0nh c\u00e1c k\u1ef9 n\u0103ng.<\/span><\/div>\n<\/div>\n<div class=\"\" data-block=\"true\" data-editor=\"4jlpu\" data-offset-key=\"e4g96-0-0\">\n<div class=\"_1mf _1mj\" data-offset-key=\"e4g96-0-0\"><span style=\"color: #000000;\"><span class=\"_3gl1 _5zz4\" data-offset-key=\"e4g96-0-0\"><span class=\"_ncl\">?<\/span><\/span> H\u1ecdc tr\u1ecdn b\u1ed9 ti\u1ebfng Anh giao ti\u1ebfp t\u1eeb c\u01a1 b\u1ea3n \u0111\u1ebfn n\u00e2ng cao ph\u1ee5c v\u1ee5 vi\u1ec7c h\u1ecdc t\u1eadp v\u00e0 c\u00f4ng vi\u1ec7c sau n\u00e0y.<\/span><\/div>\n<\/div>\n<div class=\"\" data-block=\"true\" data-editor=\"4jlpu\" data-offset-key=\"acd1m-0-0\">\n<div class=\"_1mf _1mj\" data-offset-key=\"acd1m-0-0\"><span style=\"color: #000000;\"><span class=\"_3gl1 _5zz4\" data-offset-key=\"acd1m-0-0\"><span class=\"_ncl\">?<\/span><\/span> H\u1ecdc tr\u1ecdn b\u1ed9 Ti\u1ebfng Anh thi ch\u1ee9ng ch\u1ec9 Toeic 700+ sau khi ho\u00e0n th\u00e0nh kh\u00f3a h\u1ecdc.<\/span><\/div>\n<\/div>\n<div class=\"\" data-block=\"true\" data-editor=\"4jlpu\" data-offset-key=\"947ca-0-0\">\n<div class=\"_1mf _1mj\" data-offset-key=\"947ca-0-0\"><span style=\"color: #000000;\"><span class=\"_3gl1 _5zz4\" data-offset-key=\"947ca-0-0\"><span class=\"_ncl\">?<\/span><\/span> Ch\u1ee7 \u0111\u1ed9ng ho\u00e0n to\u00e0n th\u1eddi gian, tho\u1ea3i m\u00e1i \u0111\u0103ng k\u00ed.<\/span><\/div>\n<div data-offset-key=\"947ca-0-0\"><img decoding=\"async\" loading=\"lazy\" class=\" wp-image-18027 aligncenter\" src=\"https:\/\/khachhang.webrt.vn\/phong\/ali\/wp-content\/uploads\/2020\/09\/IMG_1224-781x400.jpg\" alt=\"\" width=\"607\" height=\"311\" srcset=\"https:\/\/truonganhngu.mauthemewp.com\/wp-content\/uploads\/2020\/09\/IMG_1224-781x400.jpg 781w, https:\/\/truonganhngu.mauthemewp.com\/wp-content\/uploads\/2020\/09\/IMG_1224-768x393.jpg 768w, https:\/\/truonganhngu.mauthemewp.com\/wp-content\/uploads\/2020\/09\/IMG_1224-1400x717.jpg 1400w\" sizes=\"(max-width: 607px) 100vw, 607px\" \/><br \/>(Gi\u1ea3ng Vi\u00ean \u0111\u1ec1u c\u00f3 ch\u1ee9ng ch\u1ec9 Toeic Qu\u1ed1c T\u1ebf 950+)<\/div>\n<\/div>\n<p><span style=\"color: #000000; font-size: 14px;\"><strong><span style=\"color: #000000;\"><span class=\"_3gl1 _5zz4\" data-offset-key=\"168f4-0-0\"><span class=\"_ncl\">?<\/span><\/span><span data-offset-key=\"168f4-1-0\">\u00a0<\/span>PH\u1ea6N QU\u00c0 KH\u1ee6NG <span style=\"color: #ed1c24; font-size: 20px;\">2<\/span><\/span><span style=\"color: #ed1c24; font-size: 20px;\">.000.000\u0111<\/span><span style=\"color: #000000;\"> KHI \u0110\u0102NG K\u00dd THEO L\u1ed8 TR\u00ccNH TRONG TH\u00c1NG 3:<\/span><\/strong><br \/>? T\u1eb7ng 01 th\u1ebb tham gia C\u00e2u L\u1ea1c B\u1ed9 t\u1ed1i ch\u1ee7 nh\u1eadt h\u00e0ng tu\u1ea7n 12 th\u00e1ng\u00a0tr\u1ecb gi\u00e1 1.200K<br \/>?\u00a0T\u1eb7ng 01 B\u1ed9 DVD ph\u00e1t \u00e2m chu\u1ea9n American Accent &#8211; Paul Gruber 500K<br \/>? T\u1eb7ng 01 B\u1ed9 gi\u00e1o tr\u00ecnh tr\u1ecb gi\u00e1 300K<br \/><\/span><\/p>\n<p><span style=\"color: #000000;\"><strong>&gt; GI\u1ea2M TI\u1ebeP NGAY:<br \/><\/strong><span style=\"color: #000000; font-size: 100%;\"><strong>&#8211; 150K<\/strong>\/nh\u00f3m n\u1ebfu \u0111\u0103ng k\u00fd theo nh\u00f3m 3 ng\u01b0\u1eddi.<\/span><br \/><span style=\"color: #000000; font-size: 100%;\"> &#8211;\u00a0<strong>300K<\/strong>\/nh\u00f3m n\u1ebfu \u0111\u0103ng k\u00fd theo nh\u00f3m 4 ng\u01b0\u1eddi.<\/span><br \/><span style=\"color: #000000; font-size: 100%;\"> &#8211;\u00a0<strong>500K<\/strong>\/nh\u00f3m n\u1ebfu \u0111\u0103ng k\u00fd theo nh\u00f3m 5 ng\u01b0\u1eddi tr\u1edf l\u00ean.<\/span><br \/><\/span><\/p>\n<p><span style=\"color: #000000;\"><strong>\u25baC\u00c1CH HO\u00c0N TH\u00c0NH H\u1eccC PH\u00cd:<\/strong><\/span><\/p>\n<p><span style=\"color: #000000;\"><strong>1: Tr\u1ef1c ti\u1ebfp:<br \/><\/strong>C\u00e1c b\u1ea1n c\u00f3 th\u1ec3 qua v\u0103n ph\u00f2ng c\u1ee7a ALIBABA t\u1ea1i t\u1ea7ng\u00a0<strong>5 s\u1ed1 186 \u0111\u01b0\u1eddng Gi\u1ea3i Ph\u00f3ng\u00a0\u2013 Thanh Xu\u00e2n \u2013 H\u00e0 N\u1ed9i<\/strong> ho\u1eb7c <strong>s\u1ed1 1 ng\u00f5 243 Tr\u1ea7n Qu\u1ed1c Ho\u00e0n &#8211; C\u1ea7u Gi\u1ea5y<\/strong> \u0111\u1ec3 gi\u1eef ch\u1ed7 v\u00e0 \u0111\u01b0\u1ee3c t\u01b0 v\u1ea5n mi\u1ec5n ph\u00ed.<\/span><\/p>\n<p><span style=\"color: #000000;\"><strong>2: Chuy\u1ec3n Kho\u1ea3n:<br \/><\/strong><\/span><span style=\"color: #000000;\">T\u00ean Ch\u1ee7 TK:<strong>\u00a0DINH THI LY<\/strong>\u00a0\u2013 NG\u00c2N H\u00c0NG <strong>TP BANK<\/strong><\/span><br \/><span style=\"color: #000000;\">STK: 03142609001\u00a0 \u2013 Chi nh\u00e1nh H\u00e0 N\u1ed9i<\/span><br \/><span style=\"color: #000000;\">N\u1ed9i dung Chuy\u1ec3n Kho\u1ea3n: <strong>T\u00caN + L\u1edaP + S\u0110T<\/strong><\/span><br \/><span style=\"color: #000000;\"><strong>\u2014\u2014\u2014\u2014\u2014\u2014\u2013<\/strong><\/span><\/p>\n<p><span style=\"color: #000000;\">\u25ba<strong>LI\u00caN H\u1ec6 V\u1edaI CH\u00daNG T\u00d4I: <\/strong><\/span><span style=\"color: #000000; font-size: 18px;\">Hotline<strong>: 02422391999\u00a0<\/strong>t\u1eeb\u00a0<strong>8h00 \u0111\u1ebfn 21h00 th\u1ee9 2 -&gt; th\u1ee9 7\u00a0<\/strong>h\u00e0ng tu\u1ea7n<\/span><\/p>\n<p><span style=\"color: #0000ff;\"><strong>&gt;&gt;&gt;<a style=\"color: #0000ff;\" href=\"https:\/\/www.facebook.com\/groups\/AlibabaEnglishClub\/\"> Tham Gia c\u1ed9ng \u0111\u1ed3ng ALIBABA v\u1edbi 75 ngh\u00ecn th\u00e0nh vi\u00ean tr\u00ean Facebook \u0111\u1ec3 nh\u1eadn nh\u1eefng ngu\u1ed3n t\u00e0i li\u1ec7u ti\u1ebfng Anh h\u1eefu \u00edch nh\u00e9 !<\/a><\/strong><\/span><\/p>\n<p><span style=\"color: #000000;\">\u25baCH\u1eccN L\u1edaP PH\u00d9 H\u1ee2P V\u1edaI B\u1ea0N \u1ede \u0110\u00c2Y NH\u00c9 ^^<\/span><\/p>\n\n\n<iframe src=\"https:\/\/alibaba.eduto.net\/pages\/registers\/dang-ki-khoa-hoc-incredible-english?page_type=iframe\" style=\"width:100%!important;height:800px!important;border: none!important;\" title=\"\u0110\u0103ng k\u00ed kh\u00f3a h\u1ecdc Incredible English\">\n<\/iframe>\n","protected":false},"excerpt":{"rendered":"<p>G\u00d3I INCREDIBLE ENGLISH 2021Kh\u00f4ng ph\u1ea3i \u0111\u1eafn \u0111o xem m\u00ecnh ph\u1ea3i l\u1ef1a ch\u1ecdn kho\u00e1 h\u1ecdc n\u00e0o \u1edf ALIBABA n\u1eefa. V\u1edbi INCREDIBLE ENGLISH 2021\u00a0c\u00f9ng 96\u00a0bu\u1ed5i h\u1ecdc, b\u1ea1n c\u00f3 th\u1ec3 l\u1ef1a ch\u1ecdn nh\u1eefng kho\u00e1 h\u1ecdc m\u00e0 m\u00ecnh th\u00edch v\u00e0 ghi danh 2 th\u00e1ng m\u1ed7i kho\u00e1 h\u1ecdc, b\u1ea1n s\u1ebd tha h\u1ed3 b\u1ed5 sung nh\u1eefng k\u1ef9 n\u0103ng m\u1edbi,\u00a0h\u00e3y\u00a0c\u00f9ng xem qua [&#8230;]\n","protected":false},"author":1,"featured_media":0,"parent":0,"menu_order":0,"comment_status":"closed","ping_status":"closed","template":"page-right-sidebar.php","meta":[],"yst_prominent_words":[],"_links":{"self":[{"href":"https:\/\/truonganhngu.mauthemewp.com\/index.php?rest_route=\/wp\/v2\/pages\/9908"}],"collection":[{"href":"https:\/\/truonganhngu.mauthemewp.com\/index.php?rest_route=\/wp\/v2\/pages"}],"about":[{"href":"https:\/\/truonganhngu.mauthemewp.com\/index.php?rest_route=\/wp\/v2\/types\/page"}],"author":[{"embeddable":true,"href":"https:\/\/truonganhngu.mauthemewp.com\/index.php?rest_route=\/wp\/v2\/users\/1"}],"replies":[{"embeddable":true,"href":"https:\/\/truonganhngu.mauthemewp.com\/index.php?rest_route=%2Fwp%2Fv2%2Fcomments&post=9908"}],"version-history":[{"count":26,"href":"https:\/\/truonganhngu.mauthemewp.com\/index.php?rest_route=\/wp\/v2\/pages\/9908\/revisions"}],"predecessor-version":[{"id":21290,"href":"https:\/\/truonganhngu.mauthemewp.com\/index.php?rest_route=\/wp\/v2\/pages\/9908\/revisions\/21290"}],"wp:attachment":[{"href":"https:\/\/truonganhngu.mauthemewp.com\/index.php?rest_route=%2Fwp%2Fv2%2Fmedia&parent=9908"}],"wp:term":[{"taxonomy":"yst_prominent_words","embeddable":true,"href":"https:\/\/truonganhngu.mauthemewp.com\/index.php?rest_route=%2Fwp%2Fv2%2Fyst_prominent_words&post=9908"}],"curies":[{"name":"wp","href":"https:\/\/api.w.org\/{rel}","templated":true}]}}