{"id":8513,"date":"2018-09-30T21:32:32","date_gmt":"2018-09-30T14:32:32","guid":{"rendered":"https:\/\/alibabaenglishclub.blog\/?page_id=8513"},"modified":"2021-03-12T17:29:52","modified_gmt":"2021-03-12T10:29:52","slug":"lo-trinh-toan-dien","status":"publish","type":"page","link":"https:\/\/truonganhngu.mauthemewp.com\/?page_id=8513","title":{"rendered":"English Skills Building"},"content":{"rendered":"<h2 style=\"text-align: center;\"><strong>KHO\u00c1 H\u1eccC GIAO TI\u1ebeP <\/strong><strong>V\u00c0 PH\u1ee4C V\u1ee4 TI\u1ebeNG ANH TRONG C\u00d4NG VI\u1ec6C<\/strong><\/h2>\n<p><span style=\"color: #282828;\">\u00a0 \u00a0 \u00a0 \u00a0 \u00a0 \u00a0 \u00a0 \u00a0 \u00a0 \u00a0 \u00a0 \u00a0 \u00a0 \u00a0<\/span><iframe loading=\"lazy\" src=\"https:\/\/www.youtube.com\/embed\/MaeclJGoNqo\" width=\"560\" height=\"315\" frameborder=\"0\" allowfullscreen=\"allowfullscreen\" data-mce-fragment=\"1\"><\/iframe><\/p>\n<p style=\"text-align: center;\">VTV1 N\u00d3I G\u00cc V\u1ec0 ALIBABA<\/p>\n<h3><span style=\"color: #000000; font-size: 21px;\"><strong>\u25ba 2 th\u00e1ng \u0111\u1ea7u h\u1ecdc kh\u00f3a Pronunciation Master: <span style=\"color: #ed1c24;\">Gi\u00e1 2 tri\u1ec7u<\/span><\/strong><\/span><\/h3>\n<p><span style=\"color: #000000;\">V\u1edbi 2 th\u00e1ng \u0111\u1ea7u ti\u00ean c\u1ee7a kh\u00f3a h\u1ecdc b\u1ea1n s\u1ebd \u0111\u01b0\u1ee3c h\u1ecdc k\u0129 n\u0103ng Nghe v\u00e0 n\u00f3i \u0111\u1ea7u ti\u00ean. \u0110\u00e2y l\u00e0 2 k\u0129 n\u0103ng kh\u1edfi \u0111\u1ea7u cho qu\u00e1 tr\u00ecnh h\u1ecdc ti\u1ebfng Anh l\u00e2u d\u00e0i v\u00e0 c\u00f3 h\u1ec7 th\u1ed1ng.<\/span><\/p>\n<p><span style=\"color: #000000;\">-&gt;\u00a0<strong>16<\/strong>\u00a0bu\u1ed5i h\u1ecdc ch\u00ednh \u2013 <strong>2h<\/strong>\/bu\u1ed5i h\u1ecdc<br \/><\/span><span style=\"color: #000000;\">-&gt;\u00a0<strong>8<\/strong>\u00a0bu\u1ed5i h\u1ecdc C\u00e2u L\u1ea1c B\u1ed9 t\u1ed1i ch\u1ee7 nh\u1eadt h\u00e0ng tu\u1ea7n \u0111\u1ec3 trau d\u1ed3i th\u00eam ki\u1ebfn th\u1ee9c.<br \/><\/span><span style=\"color: #000000;\">-&gt; H\u1ecdc l\u1ea1i c\u00e1c \u00e2m trong b\u1ea3ng IPA trong ti\u1ebfng Anh qua nh\u1eefng b\u00e0i h\u1ecdc\u00a0 H\u00c0I H\u01af\u1edaC V\u00c0 SINH \u0110\u1ed8NG, kh\u00f4ng G\u00d2 B\u00d3 r\u1ea5t d\u1ec5 h\u1ecdc v\u00e0 d\u1ec5 GHI NH\u1eda!<br \/><\/span><span style=\"color: #000000;\">-&gt; H\u1ecdc v\u00e0 s\u1eeda l\u1ea1i<strong>\u00a0nh\u1eefng t\u1eeb<\/strong>\u00a0b\u1ecb ph\u00e1t \u00e2m sai.<br \/><\/span><span style=\"color: #000000;\">-&gt; H\u1ecdc c\u00e1ch \u0111\u1ec3 b\u1eaft chuy\u1ec7n, gi\u1eef cu\u1ed9c h\u1ed9i tho\u1ea1i v\u00e0 k\u1ebft th\u00fac sao cho l\u1ecbch s\u1ef1,\u00a0<strong>t\u1ea1o \u1ea5n t\u01b0\u1ee3ng<\/strong>\u00a0v\u1edbi ng\u01b0\u1eddi n\u00f3i.<br \/><\/span><span style=\"color: #000000;\">-&gt; H\u1ecdc\u00a0<strong>nghe, t\u1eeb v\u1ef1ng, ng\u1eef ph\u00e1p<\/strong> v\u1ec1 c\u00e1c ch\u1ee7 \u0111\u1ec1 th\u01b0\u1eddng g\u1eb7p trong \u0111\u1eddi s\u1ed1ng h\u00e0ng ng\u00e0y, \u0111\u01b0\u1ee3c thi\u1ebft k\u1ebf d\u00e0nh ri\u00eang cho ng\u01b0\u1eddi <strong>M\u1edaI B\u1eaeT \u0110\u1ea6U.<br \/><\/strong><\/span><span style=\"color: #000000;\">-&gt; H\u1ecdc c\u00e1ch\u00a0<strong>thuy\u1ebft tr\u00ecnh b\u1eb1ng ti\u1ebfng Anh<\/strong>. C\u00e1c k\u1ef9 n\u0103ng m\u1ec1m trong thuy\u1ebft tr\u00ecnh.<br \/><\/span><span style=\"color: #000000;\">-&gt; H\u1ecdc c\u00e1ch\u00a0<strong>t\u1ef1 tin \u0111\u1ee9ng n\u00f3i tr\u01b0\u1edbc \u0111\u00e1m \u0111\u00f4ng<\/strong>, c\u00e1ch c\u00e2n b\u1eb1ng cu\u1ed9c s\u1ed1ng, gi\u1eef v\u00e0 t\u1ef1 t\u1ea1o \u0111\u1ed9ng l\u1ef1c cho b\u1ea3n th\u00e2n.<br \/><\/span><span style=\"color: #000000;\">-&gt; H\u1ecdc c\u00e1ch\u00a0<strong>ph\u1ea3n bi\u1ec7n b\u1eb1ng ti\u1ebfng Anh.<\/strong><\/span><\/p>\n<h3><span style=\"color: #000000; font-size: 23px;\"><strong>\u25ba 4 th\u00e1ng ti\u1ebfp theo h\u1ecdc kh\u00f3a Master Communication<\/strong><\/span><\/h3>\n<ul>\n<li><span style=\"font-size: 15px;\"><strong><span style=\"color: #282828;\">GIAI \u0110O\u1ea0N 1: BASIC COMMUNICATION -&gt;<\/span> <span style=\"color: #ed1c24;\">Gi\u00e1 2tr<\/span><\/strong><\/span><\/li>\n<\/ul>\n<p><span style=\"color: #282828;\">-&gt; H\u1ecdc nh\u1eefng T\u1eea V\u1ef0NG th\u00f4ng d\u1ee5ng trong Ti\u1ebfng Anh b\u1eb1ng nh\u1eefng c\u00e1ch M\u1edaI M\u1eba, TH\u00da V\u1eca, KH\u00d4NG NH\u00c0M CH\u00c1N: h\u1ecdc qua <strong>tr\u00f2 ch\u01a1i<\/strong>,\u00a0<strong>gameshow<\/strong>,\u00a0<strong>kahoot it<\/strong>,\u00a0<strong>flash card<\/strong>\u2026<\/span><br \/><span style=\"color: #282828;\">-&gt; H\u1ecdc l\u1ea1i c\u00e1c th\u00ec trong ti\u1ebfng Anh theo m\u1ed9t ph\u01b0\u01a1ng ph\u00e1p h\u1ecdc<strong>\u00a0M\u1edaI!<br \/><\/strong>-&gt; Nh\u1eefng C\u1ea4U TR\u00daC C\u00c2U th\u01b0\u1eddng \u00e1p d\u1ee5ng trong c\u1ea3 v\u0103n n\u00f3i v\u00e0 v\u0103n vi\u1ebft!<\/span><br \/><span style=\"color: #282828;\">-&gt; C\u00e1c B\u00c0I H\u1eccC NG\u1eee PH\u00c1P phong ph\u00fa, d\u1ec5 d\u00e0ng \u00e1p d\u1ee5ng trong giao ti\u1ebfp h\u1eb1ng ng\u00e0y.<\/span><br \/><span style=\"color: #282828;\">-&gt; N\u00e2ng cao k\u0129 n\u0103ng n\u00f3i, ph\u1ea3n x\u1ea1 ti\u1ebfng anh qua c\u00e1c ho\u1ea1t \u0111\u1ed9ng tr\u00ean l\u1edbp v\u00e0 l\u01b0\u1ee3ng b\u00e0i t\u1eadp phong ph\u00fa full k\u1ef9 n\u0103ng: <strong>NGHE \u2013 N\u00d3I \u2013 \u0110\u1eccC \u2013 VI\u1ebeT<br \/><\/strong>-&gt; \u0110\u01b0\u1ee3c luy\u1ec7n t\u1eadp v\u00e0 th\u1ef1c h\u00e0nh n\u00f3i c\u00e1c t\u1eeb v\u1ef1ng v\u00e0 c\u1ea5u tr\u00fac ngay t\u1ea1i l\u1edbp h\u1ecdc.<\/span><br \/><span style=\"color: #282828;\">-&gt; \u0110\u01b0\u1ee3c Gi\u1ea3ng Vi\u00ean h\u1ed7 tr\u1ee3 v\u00e0 k\u00e8m c\u1eb7p t\u1eebng ch\u00fat m\u1ed9t!<\/span><\/p>\n<p><img decoding=\"async\" loading=\"lazy\" class=\"size-medium wp-image-9383 aligncenter\" src=\"https:\/\/khachhang.webrt.vn\/phong\/ali\/wp-content\/uploads\/2019\/03\/IMG-4014-561x400.jpg\" alt=\"\" width=\"561\" height=\"400\" srcset=\"https:\/\/truonganhngu.mauthemewp.com\/wp-content\/uploads\/2019\/03\/IMG-4014-561x400.jpg 561w, https:\/\/truonganhngu.mauthemewp.com\/wp-content\/uploads\/2019\/03\/IMG-4014-768x548.jpg 768w, https:\/\/truonganhngu.mauthemewp.com\/wp-content\/uploads\/2019\/03\/IMG-4014.jpg 857w\" sizes=\"(max-width: 561px) 100vw, 561px\" \/><\/p>\n<ul>\n<li><span style=\"font-size: 15px;\"><strong><span style=\"color: #282828;\">GIAI \u0110O\u1ea0N 2: ADVANCED COMMUNICATION -&gt;<\/span>\u00a0<\/strong><strong style=\"color: #000000;\"><span style=\"color: #ed1c24;\">Gi\u00e1 2tr<\/span><\/strong><\/span><\/li>\n<\/ul>\n<p><span style=\"color: #000000;\">-&gt; K\u1ef9 n\u0103ng thuy\u1ebft tr\u00ecnh m\u00e1y chi\u1ebfu.<br \/><\/span><span style=\"color: #000000;\">-&gt; K\u1ef9 n\u0103ng ph\u1ea3n bi\u1ec7n ti\u1ebfng Anh theo ph\u01b0\u01a1ng ph\u00e1p\u00a0<strong>Ph\u1ea3n X\u1ea1 Giao Ti\u1ebfp<br \/><\/strong><\/span><span style=\"color: #000000;\">-&gt; Thuy\u1ebft tr\u00ecnh c\u00e1c b\u1ea3n tin b\u1eb1ng ti\u1ebfng Anh.<br \/><\/span><span style=\"color: #000000;\">-&gt; S\u1eed d\u1ee5ng c\u00e1c <strong>c\u1ea5u tr\u00fac ng\u1eef ph\u00e1p c\u01a1 b\u1ea3n<\/strong>\u00a0v\u00e0\u00a0<strong>tuy\u1ec7t k\u1ef9 v\u1ec1 \u00e2m<\/strong>\u00a0l\u00fac n\u00f3i.<br \/><\/span><span style=\"color: #000000;\">-&gt; H\u1ecdc c\u00e1c\u00a0<strong>ph\u01b0\u01a1ng ph\u00e1p h\u1ecdc t\u1eeb v\u1ef1ng th\u00fa v\u1ecb!<br \/><\/strong><\/span><span style=\"color: #000000;\">-&gt; H\u1ecdc ti\u1ebfng Anh qua video t\u1ea1o \u0111\u1ed9ng l\u1ef1c c\u1ee7a nh\u1eefng ng\u01b0\u1eddi th\u00e0nh c\u00f4ng nh\u01b0: Jack Ma, Mark Zuckerberg, Bill Gates \u2026.<\/span><span style=\"color: #000000;\"><br \/><\/span><span style=\"color: #000000;\">-&gt; H\u1ecdc c\u00e1ch vi\u1ebft CV b\u1eb1ng ti\u1ebfng Anh.<br \/><\/span><span style=\"color: #000000;\">-&gt; Th\u1ef1c h\u00e0nh\u00a0<strong>Ph\u1ecfng V\u1ea5n \u2013 Tuy\u1ec3n D\u1ee5ng\u00a0<\/strong>ngay t\u1ea1i l\u1edbp h\u1ecdc.<br \/><\/span><span style=\"color: #000000;\">-&gt; H\u1ecdc qua Game, FlashCard \u0111\u01b0\u1ee3c l\u1ef1a ch\u1ecdn thi\u1ebft k\u1ebf TH\u00da V\u1eca \u0111\u1ec3 v\u1eeba h\u1ecdc v\u1eeba ch\u01a1i.<\/span><\/p>\n<p><img decoding=\"async\" loading=\"lazy\" class=\"wp-image-17962 aligncenter\" src=\"https:\/\/khachhang.webrt.vn\/phong\/ali\/wp-content\/uploads\/2020\/09\/c91f65b1b5ce4e9017df-600x400.jpg\" alt=\"\" width=\"504\" height=\"336\" srcset=\"https:\/\/truonganhngu.mauthemewp.com\/wp-content\/uploads\/2020\/09\/c91f65b1b5ce4e9017df-600x400.jpg 600w, https:\/\/truonganhngu.mauthemewp.com\/wp-content\/uploads\/2020\/09\/c91f65b1b5ce4e9017df-768x512.jpg 768w, https:\/\/truonganhngu.mauthemewp.com\/wp-content\/uploads\/2020\/09\/c91f65b1b5ce4e9017df-272x182.jpg 272w, https:\/\/truonganhngu.mauthemewp.com\/wp-content\/uploads\/2020\/09\/c91f65b1b5ce4e9017df.jpg 960w\" sizes=\"(max-width: 504px) 100vw, 504px\" \/><\/p>\n<p><strong><span style=\"color: #000000; font-size: large;\">\u25ba <span style=\"font-size: 24px;\"><span style=\"color: #0000ff;\">\u01afU \u0110\u00c3I\u00a0<\/span><\/span><span style=\"font-size: 24px;\">H\u1eccC PH\u00cd<\/span><\/span><span style=\"font-size: 16px;\"><span style=\"color: #0000ff;\"><span style=\"font-size: 30px;\"><span style=\"color: #282828;\"><span style=\"color: #ed1c24;\"><span style=\"font-size: 24px;\">\u00a0<\/span><\/span><\/span><\/span><\/span><span style=\"font-size: 30px; color: #000000;\"><span style=\"font-size: 24px;\">TRONG<\/span><\/span><span style=\"color: #0000ff;\"><span style=\"font-size: 30px;\"><span style=\"color: #282828;\"><span style=\"color: #ed1c24;\"><span style=\"font-size: 24px;\"> TH\u00c1NG 3\/2021<\/span>\u00a0?<br \/><span style=\"font-size: 24px;\">\u25ba Gi\u1ea3m t\u1eeb 6.000k c\u00f2n 4000k<\/span><\/span><\/span><\/span><\/span><\/span><\/strong><\/p>\n<p><span style=\"color: #000000; font-size: 90%;\"><span style=\"color: #000000; font-size: 14px;\"><strong><span style=\"color: #000000;\"><span class=\"_3gl1 _5zz4\" data-offset-key=\"168f4-0-0\"><span class=\"_ncl\">?<\/span><\/span><span data-offset-key=\"168f4-1-0\">\u00a0<\/span>PH\u1ea6N QU\u00c0 <span style=\"color: #ed1c24; font-size: 20px;\">1<\/span><\/span><span style=\"color: #ed1c24; font-size: 20px;\">.500.000\u0111<\/span><span style=\"color: #000000;\">\u00a0KHI \u0110\u0102NG K\u00dd THEO L\u1ed8 TR\u00ccNH TRONG TH\u00c1NG 11:<\/span><\/strong><br \/>? T\u1eb7ng 01 th\u1ebb tham gia C\u00e2u L\u1ea1c B\u1ed9 t\u1ed1i ch\u1ee7 nh\u1eadt h\u00e0ng tu\u1ea7n 12 th\u00e1ng\u00a0tr\u1ecb gi\u00e1 1.200K<\/span><br \/><span style=\"color: #000000; font-size: 14px;\"> ? T\u1eb7ng 01 B\u1ed9 gi\u00e1o tr\u00ecnh tr\u1ecb gi\u00e1 300K<br \/><\/span><\/span><span style=\"color: #000000;\"><strong>&gt; GI\u1ea2M TI\u1ebeP NGAY:<br \/><\/strong><span style=\"color: #282828;\"><strong>\u2013 150K<\/strong>\/nh\u00f3m n\u1ebfu \u0111\u0103ng k\u00fd theo nh\u00f3m 3 ng\u01b0\u1eddi.<\/span><br \/><span style=\"color: #282828;\"> \u2013\u00a0<strong>300K<\/strong>\/nh\u00f3m n\u1ebfu \u0111\u0103ng k\u00fd theo nh\u00f3m 4 ng\u01b0\u1eddi.<\/span><br \/><span style=\"color: #282828;\"> \u2013\u00a0<strong>500K<\/strong>\/nh\u00f3m n\u1ebfu \u0111\u0103ng k\u00fd theo nh\u00f3m 5 ng\u01b0\u1eddi tr\u1edf l\u00ean.<\/span><br \/><\/span><\/p>\n<p><span style=\"color: #282828;\"><strong>\u25ba C\u00c1CH HO\u00c0N TH\u00c0NH H\u1eccC PH\u00cd:<\/strong><\/span><\/p>\n<p><span style=\"color: #282828;\"><strong>1: Tr\u1ef1c ti\u1ebfp:<br \/><\/strong>C\u00e1c b\u1ea1n c\u00f3 th\u1ec3 qua v\u0103n ph\u00f2ng c\u1ee7a ALIBABA t\u1ea1i t\u1ea7ng\u00a0<strong>5 s\u1ed1 186 \u0111\u01b0\u1eddng Gi\u1ea3i Ph\u00f3ng<\/strong>\u00a0ho\u1eb7c s\u1ed1 <strong>1 Ng\u00f5 243 Tr\u1ea7n Qu\u1ed1c Ho\u00e0n<\/strong>\u00a0<strong>&#8211; C\u1ea7u Gi\u1ea5y<\/strong> \u0111\u1ec3 gi\u1eef ch\u1ed7 v\u00e0 \u0111\u01b0\u1ee3c t\u01b0 v\u1ea5n mi\u1ec5n ph\u00ed.<br \/><\/span><\/p>\n<p><span style=\"color: #000000;\"><strong>2: Chuy\u1ec3n Kho\u1ea3n:<br \/><\/strong><\/span><span style=\"color: #000000;\">T\u00ean Ch\u1ee7 TK:<strong>\u00a0DINH THI LY<\/strong>\u00a0\u2013 NG\u00c2N H\u00c0NG <strong>TP BANK<\/strong><\/span><br \/><span style=\"color: #000000;\">STK: 03142609001\u00a0 \u2013 Chi nh\u00e1nh H\u00e0 N\u1ed9i<\/span><br \/><span style=\"color: #000000;\">N\u1ed9i dung Chuy\u1ec3n Kho\u1ea3n: <strong>T\u00caN + L\u1edaP + S\u0110T<\/strong><\/span><\/p>\n<p><span style=\"color: #000000;\"><strong>\u2014\u2014\u2014\u2014\u2014\u2014\u2013<\/strong><\/span><\/p>\n<p><span style=\"color: #282828;\">\u25ba<strong> LI\u00caN H\u1ec6 V\u1edaI CH\u00daNG T\u00d4I<\/strong><\/span><br \/><span style=\"color: #282828;\">Hotline<strong>: 02422391999\u00a0<\/strong>t\u1eeb\u00a0<strong>8h00 \u0111\u1ebfn 21h00 th\u1ee9 2 -&gt; th\u1ee9 7\u00a0<\/strong>h\u00e0ng tu\u1ea7n<\/span><\/p>\n<p><strong><em>&gt;&gt;&gt;<\/em><a href=\"https:\/\/www.facebook.com\/groups\/AlibabaEnglishClub\/\"><span style=\"color: #0000ff;\"> Tham Gia c\u1ed9ng \u0111\u1ed3ng ALIBABA v\u1edbi 60 ngh\u00ecn th\u00e0nh vi\u00ean tr\u00ean FACEBOOK\u00a0 \u0111\u1ec3 nh\u1eadn nh\u1eefng ngu\u1ed3n t\u00e0i li\u1ec7u ti\u1ebfng Anh h\u1eefu \u00edch nh\u00e9 !<\/span><\/a><\/strong><\/p>\n<p><span style=\"color: #282828;\">\u25baCH\u1eccN L\u1edaP PH\u00d9 H\u1ee2P V\u1edaI B\u1ea0N \u1ede \u0110\u00c2Y NH\u00c9 ^^<\/span><\/p>\n<p><span style=\"color: #282828;\"><strong>\u2014\u2014\u2014\u2014\u2014\u2014\u2013<br \/><\/strong><\/span><\/p>\n<p><span style=\"color: #000000;\"><strong>H\u1ec6 TH\u1ed0NG C\u01a0 S\u1ede ALIBABA:<br \/>CS1: S\u1ed1 186 Gi\u1ea3i Ph\u00f3ng, Thanh Xu\u00e2n, H\u00e0 N\u1ed9i.<br \/>CS2: S\u1ed1 1 ng\u00f5 243 Tr\u1ea7n Qu\u1ed1c Ho\u00e0n, C\u1ea7u Gi\u1ea5y.<br \/>CS3: S\u1ed1 51 Nguy\u1ec5n Tr\u00e3i, Gi\u1ea3i Ph\u00f3ng, H\u00e0 N\u1ed9i.<br \/>CS4: S\u1ed1 19 \u2013 21 \u00a0\u0110\u01b0\u1eddng V\u1ea1n An, Th\u00e0nh Ph\u1ed1 Vinh, Ngh\u1ec7 An.<br \/>Cs5: S\u1ed1 471 Tr\u1ea7n H\u01b0ng \u0110\u1ea1o \u2013 Th\u00e1i Ho\u00e0 \u2013 Ngh\u1ec7 An.<br \/>Cs6: S\u1ed1 177 B\u1ea1ch \u0110\u1eb1ng, qu\u1eadn B\u00ecnh Th\u1ea1nh, TP HCM.<br \/>Cs7: S\u1ed1 34 ng\u00f5 6B Nguy\u1ec5n Khuy\u1ebfn, H\u00e0 \u0110\u00f4ng, H\u00e0 N\u1ed9i.<br \/>CS8: S\u1ed1 1, ng\u00e1ch 28\/5, D\u01b0\u01a1ng Khu\u00ea, H\u00e0 N\u1ed9i.<\/strong><\/span><\/p>\n\n\n<iframe src=\"https:\/\/alibaba.eduto.net\/pages\/registers\/dang-ki-khoa-hoc?page_type=iframe\" style=\"width:100%!important;height:800px!important;border: none!important;\" title=\"\u0110\u0103ng k\u00ed kh\u00f3a h\u1ecdc\">\n<\/iframe>\n","protected":false},"excerpt":{"rendered":"<p>KHO\u00c1 H\u1eccC GIAO TI\u1ebeP V\u00c0 PH\u1ee4C V\u1ee4 TI\u1ebeNG ANH TRONG C\u00d4NG VI\u1ec6C \u00a0 \u00a0 \u00a0 \u00a0 \u00a0 \u00a0 \u00a0 \u00a0 \u00a0 \u00a0 \u00a0 \u00a0 \u00a0 \u00a0 VTV1 N\u00d3I G\u00cc V\u1ec0 ALIBABA \u25ba 2 th\u00e1ng \u0111\u1ea7u h\u1ecdc kh\u00f3a Pronunciation Master: Gi\u00e1 2 tri\u1ec7u V\u1edbi 2 th\u00e1ng \u0111\u1ea7u ti\u00ean c\u1ee7a kh\u00f3a h\u1ecdc b\u1ea1n s\u1ebd \u0111\u01b0\u1ee3c h\u1ecdc k\u0129 [&#8230;]\n","protected":false},"author":2,"featured_media":0,"parent":0,"menu_order":0,"comment_status":"closed","ping_status":"closed","template":"page-right-sidebar.php","meta":[],"yst_prominent_words":[],"_links":{"self":[{"href":"https:\/\/truonganhngu.mauthemewp.com\/index.php?rest_route=\/wp\/v2\/pages\/8513"}],"collection":[{"href":"https:\/\/truonganhngu.mauthemewp.com\/index.php?rest_route=\/wp\/v2\/pages"}],"about":[{"href":"https:\/\/truonganhngu.mauthemewp.com\/index.php?rest_route=\/wp\/v2\/types\/page"}],"author":[{"embeddable":true,"href":"https:\/\/truonganhngu.mauthemewp.com\/index.php?rest_route=\/wp\/v2\/users\/2"}],"replies":[{"embeddable":true,"href":"https:\/\/truonganhngu.mauthemewp.com\/index.php?rest_route=%2Fwp%2Fv2%2Fcomments&post=8513"}],"version-history":[{"count":32,"href":"https:\/\/truonganhngu.mauthemewp.com\/index.php?rest_route=\/wp\/v2\/pages\/8513\/revisions"}],"predecessor-version":[{"id":21143,"href":"https:\/\/truonganhngu.mauthemewp.com\/index.php?rest_route=\/wp\/v2\/pages\/8513\/revisions\/21143"}],"wp:attachment":[{"href":"https:\/\/truonganhngu.mauthemewp.com\/index.php?rest_route=%2Fwp%2Fv2%2Fmedia&parent=8513"}],"wp:term":[{"taxonomy":"yst_prominent_words","embeddable":true,"href":"https:\/\/truonganhngu.mauthemewp.com\/index.php?rest_route=%2Fwp%2Fv2%2Fyst_prominent_words&post=8513"}],"curies":[{"name":"wp","href":"https:\/\/api.w.org\/{rel}","templated":true}]}}