{"id":8492,"date":"2019-04-02T12:00:32","date_gmt":"2019-04-02T05:00:32","guid":{"rendered":"https:\/\/alibabaenglishclub.blog\/?page_id=8492"},"modified":"2021-03-20T09:21:01","modified_gmt":"2021-03-20T02:21:01","slug":"khoa-hoc-toeic-4-ky-nang","status":"publish","type":"page","link":"https:\/\/truonganhngu.mauthemewp.com\/?page_id=8492","title":{"rendered":"Kh\u00f3a H\u1ecdc Toeic 4 K\u1ef9 N\u0103ng"},"content":{"rendered":"<div id=\"pl-8492\" class=\"panel-layout\">\n<div id=\"pg-8492-0\" class=\"panel-grid panel-no-style\" data-style=\"{&quot;background_image_attachment&quot;:false,&quot;background_display&quot;:&quot;tile&quot;,&quot;cell_alignment&quot;:&quot;flex-start&quot;}\" data-ratio=\"1\" data-ratio-direction=\"right\">\n<div id=\"pgc-8492-0-0\" class=\"panel-grid-cell\" data-weight=\"1\">\n<div id=\"panel-8492-0-0-0\" class=\"so-panel widget widget_text panel-first-child panel-last-child\" data-index=\"0\" data-style=\"{&quot;background_image_attachment&quot;:false,&quot;background_display&quot;:&quot;tile&quot;}\">\n<div class=\"textwidget\">\n<p style=\"text-align: center;\"><span style=\"color: #000000;\"><span style=\"font-size: 110%;\"><strong>H\u1eccC VI\u1ec6N ANH NG\u1eee V\u1ec0<br \/><\/strong><\/span><span style=\"font-size: 110%;\"><strong>\u0110\u00c0O T\u1ea0O K\u1ef8 N\u0102NG V\u00c0 TI\u1ebeNG ANH GIAO TI\u1ebeP CHO SINH VI\u00caN!<\/strong><\/span><\/span><\/p>\n<p><span style=\"color: #000000;\">\u00a0 \u00a0 \u00a0 \u00a0 \u00a0 \u00a0 \u00a0 \u00a0 \u00a0 \u00a0 \u00a0 \u00a0 \u00a0 <\/span><iframe loading=\"lazy\" src=\"https:\/\/www.youtube.com\/embed\/MaeclJGoNqo\" width=\"560\" height=\"315\" frameborder=\"0\" allowfullscreen=\"allowfullscreen\"><\/iframe><\/p>\n<p style=\"text-align: center;\"><span style=\"color: #000000;\"><em>VTV1 N\u00d3I G\u00cc V\u1ec0 ALIBABA?<\/em><\/span><\/p>\n<h3><span style=\"font-size: 18pt; color: #000000;\"><strong>\u25ba KH\u00d3A H\u1eccC TOEIC 4 K\u1ef8 N\u0102NG: NGHE-N\u00d3I-\u0110\u1eccC-VI\u1ebeT. H\u1ed6 TR\u1ee2 C\u1ef0C T\u1ed0T CHO C\u00d4NG VI\u1ec6C V\u00c0 K\u1ef2 THI TOEIC.<\/strong><\/span><\/h3>\n<p><span style=\"color: #000000;\"><strong>Kh\u00f3a h\u1ecdc Toeic 4 k\u0129 n\u0103ng &#8211; ch\u00eca kh\u00f3a ph\u00e1t tri\u1ec3n k\u0129 n\u0103ng Ti\u1ebfng Anh to\u00e0n di\u1ec7n.<\/strong><\/span><br \/><span style=\"color: #000000;\">\u0110\u1ec3 \u0111\u00e1p \u1ee9ng nhu c\u1ea7u \u0111\u1ea1t chu\u1ea9n \u0111\u1ea7u ra c\u1ee7a c\u00e1c tr\u01b0\u1eddng \u0111\u1ea1i h\u1ecdc c\u0169ng nh\u01b0 c\u1ee7a c\u00e1c nh\u00e0 tuy\u1ec3n d\u1ee5ng, <strong>Alitic<\/strong> ph\u00e1t tri\u1ec3n <strong>Kh\u00f3a h\u1ecdc toeic 4 k\u1ef9 n\u0103ng<\/strong> gi\u00fap b\u1ea1n \u0111\u1ea1t \u0111\u01b0\u1ee3c m\u1ee5c ti\u00eau, m\u00e0 c\u00f2n trang b\u1ecb cho b\u1ea1n nh\u1eefng k\u0129 n\u0103ng quan tr\u1ecdng trong c\u00f4ng vi\u1ec7c nh\u01b0 so\u1ea1n th\u1ea3o mail b\u1eb1ng Ti\u1ebfng Anh, \u0111\u1ec1 xu\u1ea5t \u00fd ki\u1ebfn,v..v\u2026<\/span><\/p>\n<p><span style=\"color: #000000;\"><strong>-&gt; K\u1ebft th\u00fac kh\u00f3a h\u1ecdc, h\u1ecdc vi\u00ean s\u1ebd \u00edt nh\u1ea5t \u0111\u1ea1t 550+ Toeic 2 k\u1ef9 n\u0103ng reading v\u00e0 listening c\u0169ng nh\u01b0 \u0111\u1ea1t \u00edt nh\u1ea5t level 6\/9 c\u1ee7a c\u1ea3 2 k\u1ef9 n\u0103ng speaking v\u00e0 writing.<\/strong><\/span><\/p>\n<h2><span style=\"font-size: 80%; color: #000000;\"><strong>\u25ba\u0110\u1ed0I T\u01af\u1ee2NG:<\/strong><\/span><\/h2>\n<p><span style=\"color: #000000;\">&#8211; Sinh vi\u00ean c\u1ea7n Toeic 4 k\u1ef9 n\u0103ng \u0111\u1ec3 ra tr\u01b0\u1eddng.<\/span><br \/><span style=\"color: #000000;\">&#8211; Ng\u01b0\u1eddi \u0111i l\u00e0m c\u1ea7n ch\u1ee9ng ch\u1ec9 \u0111\u1ec3 th\u0103ng ti\u1ebfn.<\/span><br \/><span style=\"color: #000000;\">&#8211; M\u1ecdi l\u1ee9a tu\u1ed5i c\u00f3 nhu c\u1ea7u n\u00e2ng cao kh\u1ea3 n\u0103ng Ti\u1ebfng Anh m\u1ed9t c\u00e1ch to\u00e0n di\u1ec7n.<\/span><br \/><span style=\"color: #000000;\"><strong>+ Reading:<\/strong> C\u00e1c \u0111\u1ec1 m\u1ee5c ng\u1eef ph\u00e1p quan tr\u1ecdng trong b\u00e0i thi Toeic c\u0169ng nh\u01b0 m\u1eb9o v\u00e0 t\u1eeb v\u1ef1ng.<\/span><br \/><span style=\"color: #000000;\"><strong>+ Listening:<\/strong> H\u01b0\u1edbng d\u1eabn luy\u1ec7n t\u1eadp nghe hi\u1ec7u qu\u1ea3 v\u00e0 c\u00e1c ph\u01b0\u01a1ng ph\u00e1p \u201c C\u1ee9 khoanh l\u00e0 \u0111\u00fang\u201d.<\/span><br \/><span style=\"color: #000000;\"><strong>+ Speaking:<\/strong> Ph\u00e1t \u00e2m chu\u1ea9n c\u00f9ng b\u1ea3ng phi\u00ean \u00e2m qu\u1ed1c t\u1ebf IPA c\u0169ng nh\u01b0 c\u00e1ch tr\u1ea3 l\u1eddi c\u00e2u h\u1ecfi Toeic \u0111\u1ec3 \u0111\u1ea1t \u0111i\u1ec3m t\u1ed1i \u0111a.<\/span><br \/><span style=\"color: #000000;\"><strong>+ Writing:<\/strong> V\u1eadn d\u1ee5ng th\u00f4ng minh c\u00e1c \u0111\u1ec1 m\u1ee5c ng\u1eef ph\u00e1p \u0111\u00e3 h\u1ecdc \u0111\u1ec3 c\u1ea5u t\u1ea1o th\u00e0nh m\u1ed9t b\u00e0i vi\u1ebft ho\u00e0n ch\u1ec9nh, h\u1ecdc c\u00e1ch th\u1ec3 hi\u1ec7n suy ngh\u0129 b\u1eb1ng Ti\u1ebfng Anh m\u1ed9t c\u00e1ch hi\u1ec7u qu\u1ea3 v\u00e0 ch\u00ednh x\u00e1c.<\/span><\/p>\n<h2 style=\"text-align: left;\"><span style=\"color: #000000;\">\u00a0 \u00a0 \u00a0 \u00a0 \u00a0 \u00a0 \u00a0 \u00a0 <\/span><iframe loading=\"lazy\" src=\"https:\/\/www.youtube.com\/embed\/jfoddGtgRxU\" width=\"560\" height=\"315\" frameborder=\"0\" allowfullscreen=\"allowfullscreen\" data-mce-fragment=\"1\"><\/iframe><\/h2>\n<h2><span style=\"font-size: 80%; color: #000000;\"><strong>\u25baTH\u1edcI L\u01af\u1ee2NG KH\u00d3A H\u1eccC:<\/strong><\/span><\/h2>\n<p><span style=\"color: #000000;\">-&gt; 18 bu\u1ed5i h\u1ecdc<\/span><br \/><span style=\"color: #000000;\">-&gt; 1,5h\/bu\u1ed5i<\/span><br \/><span style=\"color: #000000;\">-&gt; 2 bu\u1ed5i\/tu\u1ea7n<\/span><br \/><span style=\"color: #000000;\">-&gt; H\u1ecdc vi\u00ean \u0111\u01b0\u1ee3c h\u1ecdc b\u00f9, chuy\u1ec3n l\u1edbp n\u1ebfu trong qu\u00e1 tr\u00ecnh h\u1ecdc c\u00f3 v\u01b0\u1edbng b\u1eadn v\u1ec1 th\u1eddi gian, Alitic s\u1ebd lu\u00f4n t\u1ea1o \u0111i\u1ec1u ki\u1ec7n \u0111\u1ec3 h\u1ecdc vi\u00ean ho\u00e0n th\u00e0nh h\u1ebft kh\u00f3a h\u1ecdc.\u00a0\u00a0<\/span><\/p>\n<h2><span style=\"font-size: 80%; color: #000000;\"><strong>\u25baH\u1eccC PH\u00cd KH\u00d3A H\u1eccC TOEIC<\/strong><\/span><\/h2>\n<p><span style=\"color: #000000;\">+ H\u1ecdc ph\u00ed kh\u00f3a h\u1ecdc s\u1ebd l\u00e0<strong><span style=\"font-size: 110%;\"> 11.500.000\u0111<\/span><\/strong><strong>,\u00a0<\/strong>nh\u01b0ng s\u1ebd \u0111\u01b0\u1ee3c \u01b0u \u0111\u00e3i khi \u0111\u0103ng k\u00ed ngay trong ng\u00e0y ra m\u1eaft kh\u00f3a h\u1ecdc. C\u1ee5 th\u1ec3:<br \/><\/span><\/p>\n<p><span style=\"color: #000000;\"><strong>-&gt; GI\u1ea2M TI\u1ebeP NGAY:<br \/><\/strong><strong>\u2013 150K<\/strong>\/nh\u00f3m n\u1ebfu \u0111\u0103ng k\u00fd theo nh\u00f3m 3 ng\u01b0\u1eddi.<\/span><br \/><span style=\"color: #000000;\"> \u2013\u00a0<strong>300K<\/strong>\/nh\u00f3m n\u1ebfu \u0111\u0103ng k\u00fd theo nh\u00f3m 4 ng\u01b0\u1eddi.<\/span><br \/><span style=\"color: #000000;\"> \u2013\u00a0<strong>500K<\/strong>\/nh\u00f3m n\u1ebfu \u0111\u0103ng k\u00fd theo nh\u00f3m 5 ng\u01b0\u1eddi tr\u1edf l\u00ean.<\/span><\/p>\n<h2><span style=\"font-size: 80%;\"><strong><span style=\"color: #000000;\">\u25baV\u1ec0 KH\u00d3A H\u1eccC TOEIC 4 K\u1ef8 N\u0102NG:<\/span><\/strong><\/span><\/h2>\n<p><span style=\"color: #000000;\">+ Tr\u01b0\u1edbc khi b\u1eaft \u0111\u1ea7u h\u1ecdc kh\u00f3a TOEIC, Alitic s\u1ebd cho b\u1ea1n b\u00e0i TEST ki\u1ec3m tra tr\u00ecnh \u0111\u1ed9 hi\u1ec7n t\u1ea1i nh\u1eb1m \u0111\u01b0a ra c\u00e1c ph\u01b0\u01a1ng ph\u00e1p h\u1ecdc ph\u00f9 h\u1ee3p sao cho b\u1ea1n \u0111\u1ea1t \u0111\u01b0\u1ee3c \u0111i\u1ec3m s\u1ed1 mong mu\u1ed1n trong k\u1ef3 thi.<\/span><br \/><span style=\"color: #ed1c24;\"><strong>-&gt; K\u1ebft th\u00fac kh\u00f3a h\u1ecdc, h\u1ecdc vi\u00ean s\u1ebd \u00edt nh\u1ea5t \u0111\u1ea1t 550+ Toeic 2 k\u1ef9 n\u0103ng reading v\u00e0 listening c\u0169ng nh\u01b0 \u0111\u1ea1t \u00edt nh\u1ea5t level 6\/9 c\u1ee7a c\u1ea3 2 k\u1ef9 n\u0103ng speaking v\u00e0 writing.<\/strong><\/span><\/p>\n<h2><span style=\"font-size: 80%;\"><strong><span style=\"color: #000000;\">\u25ba\u0110\u1ed8I NG\u0168 GI\u1ea2NG VI\u00caN KH\u00d3A TOEIC<\/span><\/strong><\/span><\/h2>\n<p><span style=\"color: #000000;\">+ \u0110\u1ed9i ng\u0169 gi\u1ea3ng vi\u00ean gi\u00e0u kinh nghi\u1ec7m v\u00e0 c\u00f3 chuy\u00ean m\u00f4n cao v\u1edbi b\u1eb1ng TOEIC \u0111\u1ea1t t\u1ed1i thi\u1ec3u <strong><span style=\"font-size: 105%; color: #ed1c24;\">950+<\/span><\/strong> s\u1ebd l\u00e0 nh\u1eefng ng\u01b0\u1eddi h\u01b0\u1edbng d\u1eabn tuy\u1ec7t v\u1eddi cho c\u00e1c b\u1ea1n h\u1ecdc vi\u00ean.<\/span><\/p>\n<p><span style=\"color: #282828;\">+ V\u1edbi <span style=\"color: #ed1c24;\">\u00a0Gi\u1ea3ng Vi\u00ean, Tr\u1ee3 Gi\u1ea3ng<\/span>\u00a0v\u00e0 ch\u1ec9 <span style=\"color: #ed1c24;\">25 h\u1ecdc vi\u00ean\/l\u1edbp.<\/span> H\u1ecdc vi\u00ean s\u1ebd \u0111\u01b0\u1ee3c h\u1ed7 tr\u1ee3 s\u00e1t sao.<\/span><\/p>\n<p><span style=\"color: #000000; font-size: inherit;\">+ Nhi\u1ec7t t\u00ecnh v\u00e0 theo d\u00f5i s\u00e1t sao c\u0169ng nh\u01b0 \u0111\u1ed3ng h\u00e0nh c\u00f9ng v\u1edbi b\u1ea1n \u0111\u1ebfn khi xong kh\u00f3a h\u1ecdc v\u00e0 t\u01b0 v\u1ea5n cho b\u1ea1n khi b\u1eaft \u0111\u1ea7u \u0111\u0103ng k\u00ed thi TOEIC.<\/span><\/p>\n<p><img decoding=\"async\" loading=\"lazy\" class=\" wp-image-18029 aligncenter\" src=\"https:\/\/khachhang.webrt.vn\/phong\/ali\/wp-content\/uploads\/2020\/09\/IMG_1226-1-661x400.jpg\" alt=\"\" width=\"577\" height=\"349\" srcset=\"https:\/\/truonganhngu.mauthemewp.com\/wp-content\/uploads\/2020\/09\/IMG_1226-1-661x400.jpg 661w, https:\/\/truonganhngu.mauthemewp.com\/wp-content\/uploads\/2020\/09\/IMG_1226-1-768x465.jpg 768w, https:\/\/truonganhngu.mauthemewp.com\/wp-content\/uploads\/2020\/09\/IMG_1226-1-1322x800.jpg 1322w, https:\/\/truonganhngu.mauthemewp.com\/wp-content\/uploads\/2020\/09\/IMG_1226-1.jpg 1932w\" sizes=\"(max-width: 577px) 100vw, 577px\" \/><\/p>\n<h2><span style=\"font-size: 80%;\"><strong><span style=\"color: #000000;\">\u25baTH\u01af\u1edeNG KHI \u0110\u1ea0T M\u1ed0C \u0110I\u1ec2M TRONG KH\u00d3A H\u1eccC TOEIC<\/span><\/strong><\/span><\/h2>\n<p>+ Nh\u1eb1m khuy\u1ebfn kh\u00edch tinh th\u1ea7n h\u1ecdc t\u1eadp c\u1ee7a b\u1ea1n Alitic xin t\u1eb7ng b\u1ea1n ph\u1ea7n th\u01b0\u1edfng ngay khi \u0111\u1ea1t \u0111\u01b0\u1ee3c c\u00e1c m\u1ed1c \u0111i\u1ec3m nh\u1ea5t \u0111\u1ecbnh.\u00a0C\u1ee5 th\u1ec3:<br \/><span style=\"color: #ed1c24;\"><strong>+\u00a0Th\u01b0\u1edfng ngay 200.000 khi \u0111\u1ea1t \u0111\u01b0\u1ee3c m\u1ed1c \u0111i\u1ec3m 700+<br \/><\/strong><strong>+\u00a0Th\u01b0\u1edfng ngay 300.000 khi \u0111\u1ea1t \u0111\u01b0\u1ee3c m\u1ed1c \u0111i\u1ec3m 800+<br \/><\/strong><strong>+\u00a0Th\u01b0\u1edfng ngay 400.000 khi \u0111\u1ea1t \u0111\u01b0\u1ee3c m\u1ed1c \u0111i\u1ec3m 850+<\/strong><\/span><\/p>\n<p><span style=\"color: #000000;\"><strong>\u25ba Sau khi \u0111\u0103ng k\u00fd, ALITIC s\u1ebd li\u00ean h\u1ec7 test \u0111\u1ea7u v\u00e0o x\u1ebfp l\u1edbp cho b\u1ea1n nh\u00e9 \u00a0^^<\/strong><\/span><\/p>\n<p><span style=\"color: #000000;\"><strong>\u25baC\u00c1CH HO\u00c0N TH\u00c0NH H\u1eccC PH\u00cd:<\/strong><\/span><\/p>\n<p><span style=\"font-size: 16px;\"><span style=\"color: #000000;\"><strong>1: Tr\u1ef1c ti\u1ebfp:<br \/><\/strong><\/span><span style=\"color: #000000;\"><span style=\"color: #282828;\">C\u00e1c b\u1ea1n c\u00f3 th\u1ec3 qua v\u0103n ph\u00f2ng c\u1ee7a ALIBABA t\u1ea1i t\u1ea7ng\u00a0<strong>5 s\u1ed1 186 \u0111\u01b0\u1eddng Gi\u1ea3i Ph\u00f3ng<\/strong>\u00a0ho\u1eb7c s\u1ed1 <strong>1 Ng\u00f5 243 Tr\u1ea7n Qu\u1ed1c Ho\u00e0n<\/strong>\u00a0<strong>&#8211; C\u1ea7u Gi\u1ea5y<\/strong> \u0111\u1ec3 gi\u1eef ch\u1ed7 v\u00e0 \u0111\u01b0\u1ee3c t\u01b0 v\u1ea5n mi\u1ec5n ph\u00ed.<\/span><\/span><\/span><br \/><span style=\"color: #000000;\"><span style=\"font-size: 16px;\"><strong>2: Chuy\u1ec3n Kho\u1ea3n:<br \/><\/strong>T\u00ean Ch\u1ee7 TK:<strong>\u00a0DINH THI LY<\/strong>\u00a0\u2013 NG\u00c2N H\u00c0NG <strong>TP BANK<\/strong><\/span><br \/><span style=\"font-size: 16px;\">STK: 03142609001\u00a0 \u2013 Chi nh\u00e1nh H\u00e0 N\u1ed9i<\/span><br \/><span style=\"font-size: 16px;\">N\u1ed9i dung Chuy\u1ec3n Kho\u1ea3n: <strong>T\u00caN + L\u1edaP + S\u0110T<\/strong><\/span><br \/><\/span><\/p>\n<p><span style=\"color: #000000;\"><strong>\u00a0\u2014\u2014\u2014\u2014\u2014\u2014\u2013<\/strong><\/span><\/p>\n<p><span style=\"color: #000000;\">\u25ba<strong> LI\u00caN H\u1ec6 V\u1edaI CH\u00daNG T\u00d4I:<\/strong><\/span><br \/><span style=\"color: #000000;\">Hotline<strong>: 02422391999\u00a0<\/strong>t\u1eeb\u00a0<strong>8h00 \u0111\u1ebfn 21h00 th\u1ee9 2 -&gt; th\u1ee9 7\u00a0<\/strong>h\u00e0ng tu\u1ea7n<\/span><br \/><span style=\"color: #0000ff;\"><strong>&gt;&gt;&gt;<a style=\"color: #0000ff;\" href=\"https:\/\/www.facebook.com\/groups\/AlibabaEnglishClub\/\"> Tham Gia c\u1ed9ng \u0111\u1ed3ng ALIBABA v\u1edbi 60 ngh\u00ecn th\u00e0nh vi\u00ean tr\u00ean FACEBOOK\u00a0 \u0111\u1ec3 nh\u1eadn nh\u1eefng ngu\u1ed3n t\u00e0i li\u1ec7u ti\u1ebfng Anh h\u1eefu \u00edch nh\u00e9 !\u00a0<\/a><\/strong><\/span><\/p>\n<p><span style=\"color: #000000;\"><strong>\u25baC\u00c1C B\u1ea0N \u0110\u0102NG K\u00dd V\u00c0 CH\u1eccN L\u1edaP \u1ede \u0110\u00c2Y \u1ea0:<\/strong><\/span><\/p>\n<\/div>\n<\/div>\n<\/div>\n<\/div>\n<\/div>\n\n\n<iframe src=\"http:\/\/manage.alibabaenglish.vn\/pages\/registers\/dang-ky-khoa-hoc-toeic-4-ky-nang?page_type=iframe\" style=\"width:100%!important;height:800px!important;border: none!important;\" title=\"\u0110\u0103ng k\u00ed kh\u00f3a h\u1ecdc TOEIC 4 K\u1ef8 N\u0102NG\">\n<\/iframe>\n","protected":false},"excerpt":{"rendered":"<p>H\u1eccC VI\u1ec6N ANH NG\u1eee V\u1ec0\u0110\u00c0O T\u1ea0O K\u1ef8 N\u0102NG V\u00c0 TI\u1ebeNG ANH GIAO TI\u1ebeP CHO SINH VI\u00caN! \u00a0 \u00a0 \u00a0 \u00a0 \u00a0 \u00a0 \u00a0 \u00a0 \u00a0 \u00a0 \u00a0 \u00a0 \u00a0 VTV1 N\u00d3I G\u00cc V\u1ec0 ALIBABA? \u25ba KH\u00d3A H\u1eccC TOEIC 4 K\u1ef8 N\u0102NG: NGHE-N\u00d3I-\u0110\u1eccC-VI\u1ebeT. H\u1ed6 TR\u1ee2 C\u1ef0C T\u1ed0T CHO C\u00d4NG VI\u1ec6C V\u00c0 K\u1ef2 THI TOEIC. Kh\u00f3a h\u1ecdc [&#8230;]\n","protected":false},"author":2,"featured_media":0,"parent":0,"menu_order":0,"comment_status":"closed","ping_status":"closed","template":"page-right-sidebar.php","meta":[],"yst_prominent_words":[],"_links":{"self":[{"href":"https:\/\/truonganhngu.mauthemewp.com\/index.php?rest_route=\/wp\/v2\/pages\/8492"}],"collection":[{"href":"https:\/\/truonganhngu.mauthemewp.com\/index.php?rest_route=\/wp\/v2\/pages"}],"about":[{"href":"https:\/\/truonganhngu.mauthemewp.com\/index.php?rest_route=\/wp\/v2\/types\/page"}],"author":[{"embeddable":true,"href":"https:\/\/truonganhngu.mauthemewp.com\/index.php?rest_route=\/wp\/v2\/users\/2"}],"replies":[{"embeddable":true,"href":"https:\/\/truonganhngu.mauthemewp.com\/index.php?rest_route=%2Fwp%2Fv2%2Fcomments&post=8492"}],"version-history":[{"count":20,"href":"https:\/\/truonganhngu.mauthemewp.com\/index.php?rest_route=\/wp\/v2\/pages\/8492\/revisions"}],"predecessor-version":[{"id":21271,"href":"https:\/\/truonganhngu.mauthemewp.com\/index.php?rest_route=\/wp\/v2\/pages\/8492\/revisions\/21271"}],"wp:attachment":[{"href":"https:\/\/truonganhngu.mauthemewp.com\/index.php?rest_route=%2Fwp%2Fv2%2Fmedia&parent=8492"}],"wp:term":[{"taxonomy":"yst_prominent_words","embeddable":true,"href":"https:\/\/truonganhngu.mauthemewp.com\/index.php?rest_route=%2Fwp%2Fv2%2Fyst_prominent_words&post=8492"}],"curies":[{"name":"wp","href":"https:\/\/api.w.org\/{rel}","templated":true}]}}