{"id":8475,"date":"2018-09-25T17:18:54","date_gmt":"2018-09-25T10:18:54","guid":{"rendered":"https:\/\/alibabaenglishclub.blog\/?page_id=8475"},"modified":"2021-02-21T20:54:07","modified_gmt":"2021-02-21T13:54:07","slug":"lo-trinh-hoc-3","status":"publish","type":"page","link":"https:\/\/truonganhngu.mauthemewp.com\/?page_id=8475","title":{"rendered":"L\u1ed9 tr\u00ecnh h\u1ecdc"},"content":{"rendered":"<p><strong>&nbsp;<\/strong><\/p>\n<p style=\"text-align: center;\"><strong>&nbsp; &nbsp;1. L\u1ed9 Tr\u00ecnh Giao Ti\u1ebfp C\u0103n B\u1ea3n (2 th\u00e1ng)&nbsp;<\/strong><br><span style=\"text-decoration: underline;\"><span style=\"color: #0000ff;\"><a style=\"color: #0000ff; text-decoration: underline;\" href=\"https:\/\/khachhang.webrt.vn\/phong\/ali\/lo-trinh-4-ki-nang-nghe-noi-doc-viet\/\">&nbsp;LINK CHI TI\u1ebeT<\/a><\/span><\/span><\/p>\n<p>Hi\u1ec3u \u0111\u01b0\u1ee3c nh\u1eefng kh\u00f3 kh\u0103n khi b\u1eaft \u0111\u1ea7u h\u1ecdc ti\u1ebfng anh v\u00e0 nh\u1eefng \u0111i\u1ec1u c\u01a1 b\u1ea3n m\u00e0 1 ng\u01b0\u1eddi khi m\u1edbi b\u1eaft \u0111\u1ea7u c\u1ea7n n\u1eafm v\u1eefng. Trong l\u1ed9 tr\u00ecnh n\u00e0y, Alibaba s\u1ebd gi\u00fap c\u00e1c b\u1ea1n d\u1ea7n d\u1ea7n s\u1eeda \u0111\u1ed5i, ho\u00e0n thi\u1ec7n v\u00e0 chu\u1ea9n h\u00f3a ng\u1eef \u00e2m c\u0169ng nh\u01b0 cung c\u1ea5p cho c\u00e1c b\u1ea1n m\u1ed9t kho t\u1eeb v\u1ef1ng, ng\u1eef ph\u00e1p th\u00f4ng d\u1ee5ng nh\u1ea5t trong giao ti\u1ebfp v\u00e0 v\u0103n b\u1ea3n \u0111\u1ec3 r\u1ed3i t\u1eeb \u0111\u00f3 x\u00e2y d\u1ef1ng, ph\u00e1t tri\u1ec3n v\u00e0 h\u00ecnh th\u00e0nh n\u00ean n\u1ec1n t\u1ea3ng Ti\u1ebfng Anh Giao Ti\u1ebfp C\u0103n B\u1ea3n<\/p>\n<p style=\"text-align: center;\"><strong>2. L\u1ed9 tr\u00ecnh Giao Ti\u1ebfp chuy\u00ean s\u00e2u (4 th\u00e1ng)<br><\/strong><span style=\"color: #0000ff;\"><a style=\"color: #0000ff;\" href=\"https:\/\/khachhang.webrt.vn\/phong\/ali\/lo-trinh-giao-tiep-phan-xa-chuyen-sau\/\">LINK CHI TI\u1ebeT<\/a><\/span><\/p>\n<p>B\u1ea1n \u0111ang mu\u1ed1n r\u00e8n luy\u1ec7n kh\u1ea3 n\u0103ng ph\u1ea3n x\u1ea1 c\u0169ng nh\u01b0 t\u01b0 duy b\u1eb1ng Ti\u1ebfng Anh, b\u1ea1n mu\u1ed1n m\u1edf r\u1ed9ng nhi\u1ec1u h\u01a1n nh\u1eefng ch\u1ee7 \u0111\u1ec1 trong giao ti\u1ebfp c\u0169ng nh\u01b0 c\u00e1ch d\u00f9ng ng\u00f4n ng\u1eef 1 c\u00e1ch h\u1ee3p l\u00fd ho\u1eb7c \u0111\u01a1n gi\u1ea3n b\u1ea1n ch\u1ec9 mu\u1ed1n giao ti\u1ebfp, thuy\u1ebft tr\u00ecnh t\u1ef1 tin v\u00e0 tr\u00f4i ch\u1ea3y b\u1eb1ng Ti\u1ebfng Anh. T\u1ea5t c\u1ea3 nh\u1eefng \u0111i\u1ec1u \u0111\u00f3 s\u1ebd \u0111\u01b0\u1ee3c gi\u1ea3i quy\u1ebft g\u1ecdn g\u00e0ng trong L\u1ed9 Tr\u00ecnh \u201cGiao Ti\u1ebfp N\u00e2ng Cao\u201d v\u1edbi s\u1ef1 gi\u1ea3ng d\u1ea1y tr\u1ef1c ti\u1ebfp t\u1eeb nh\u1eefng Gi\u1ea3ng Vi\u00ean Xu\u1ea5t s\u1eafc c\u1ee7a Alibaba v\u00e0 Nh\u1eefng Chuy\u00ean Gia Ch\u1ea5t L\u01b0\u1ee3ng Cao v\u1ec1 k\u0129 n\u0103ng thuy\u1ebft tr\u00ecnh.<\/p>\n<p style=\"text-align: center;\"><strong>3. L\u1ed9 tr\u00ecnh VIP (6 Th\u00e1ng)<br><span style=\"color: #0000ff;\"><a style=\"color: #0000ff;\" href=\"https:\/\/khachhang.webrt.vn\/phong\/ali\/lo-trinh-toan-dien\/\">LINK CHI TI\u1ebeT<\/a><\/span><\/strong><\/p>\n<p>\u0110\u00e2y l\u00e0 m\u1ed9t l\u1ed9 tr\u00ecnh ho\u00e0n thi\u1ec7n v\u00e0 xuy\u00ean su\u1ed1t c\u1ee7a Alibaba nh\u1eb1m \u0111\u1ea3m b\u1ea3o m\u1ed9t \u0111\u1ea7u ra chu\u1ea9n m\u1ef1c v\u1edbi ch\u1ea5t l\u01b0\u1ee3ng cao nh\u1ea5t. V\u1edbi l\u1ed9 tr\u00ecnh n\u00e0y Alibaba cam k\u1ebft r\u1eb1ng h\u1ecdc vi\u00ean ho\u00e0n to\u00e0n c\u00f3 th\u1ec3 t\u1ef1 tin giao ti\u1ebfp, thuy\u1ebft tr\u00ecnh, ph\u1ea3n bi\u1ec7n, c\u00f9ng v\u1edbi m\u1ed9t l\u01b0\u1ee3ng t\u1eeb v\u1ef1ng ng\u1eef ph\u00e1p phong ph\u00fa v\u00e0 \u0111a d\u1ea1ng.<\/p>\n<p><\/p>\n\n\n<iframe src=\"https:\/\/alibaba.eduto.net\/pages\/registers\/dang-ki-khoa-hoc?page_type=iframe\" style=\"width:100%!important;height:800px!important;border: none!important;\" title=\"\u0110\u0103ng k\u00ed kh\u00f3a h\u1ecdc\">\n<\/iframe>\n","protected":false},"excerpt":{"rendered":"<p>&nbsp; &nbsp; &nbsp;1. L\u1ed9 Tr\u00ecnh Giao Ti\u1ebfp C\u0103n B\u1ea3n (2 th\u00e1ng)&nbsp;&nbsp;LINK CHI TI\u1ebeT Hi\u1ec3u \u0111\u01b0\u1ee3c nh\u1eefng kh\u00f3 kh\u0103n khi b\u1eaft \u0111\u1ea7u h\u1ecdc ti\u1ebfng anh v\u00e0 nh\u1eefng \u0111i\u1ec1u c\u01a1 b\u1ea3n m\u00e0 1 ng\u01b0\u1eddi khi m\u1edbi b\u1eaft \u0111\u1ea7u c\u1ea7n n\u1eafm v\u1eefng. Trong l\u1ed9 tr\u00ecnh n\u00e0y, Alibaba s\u1ebd gi\u00fap c\u00e1c b\u1ea1n d\u1ea7n d\u1ea7n s\u1eeda \u0111\u1ed5i, ho\u00e0n thi\u1ec7n v\u00e0 [&#8230;]\n","protected":false},"author":2,"featured_media":0,"parent":0,"menu_order":0,"comment_status":"closed","ping_status":"closed","template":"page-right-sidebar.php","meta":[],"yst_prominent_words":[],"_links":{"self":[{"href":"https:\/\/truonganhngu.mauthemewp.com\/index.php?rest_route=\/wp\/v2\/pages\/8475"}],"collection":[{"href":"https:\/\/truonganhngu.mauthemewp.com\/index.php?rest_route=\/wp\/v2\/pages"}],"about":[{"href":"https:\/\/truonganhngu.mauthemewp.com\/index.php?rest_route=\/wp\/v2\/types\/page"}],"author":[{"embeddable":true,"href":"https:\/\/truonganhngu.mauthemewp.com\/index.php?rest_route=\/wp\/v2\/users\/2"}],"replies":[{"embeddable":true,"href":"https:\/\/truonganhngu.mauthemewp.com\/index.php?rest_route=%2Fwp%2Fv2%2Fcomments&post=8475"}],"version-history":[{"count":3,"href":"https:\/\/truonganhngu.mauthemewp.com\/index.php?rest_route=\/wp\/v2\/pages\/8475\/revisions"}],"predecessor-version":[{"id":20711,"href":"https:\/\/truonganhngu.mauthemewp.com\/index.php?rest_route=\/wp\/v2\/pages\/8475\/revisions\/20711"}],"wp:attachment":[{"href":"https:\/\/truonganhngu.mauthemewp.com\/index.php?rest_route=%2Fwp%2Fv2%2Fmedia&parent=8475"}],"wp:term":[{"taxonomy":"yst_prominent_words","embeddable":true,"href":"https:\/\/truonganhngu.mauthemewp.com\/index.php?rest_route=%2Fwp%2Fv2%2Fyst_prominent_words&post=8475"}],"curies":[{"name":"wp","href":"https:\/\/api.w.org\/{rel}","templated":true}]}}