{"id":8258,"date":"2018-09-09T21:07:25","date_gmt":"2018-09-09T14:07:25","guid":{"rendered":"https:\/\/alibabaenglishclub.blog\/?page_id=8258"},"modified":"2021-03-12T17:27:25","modified_gmt":"2021-03-12T10:27:25","slug":"khoa-hoc-tieng-anh-giao-tiep-co-ban","status":"publish","type":"page","link":"https:\/\/truonganhngu.mauthemewp.com\/?page_id=8258","title":{"rendered":"Kho\u00e1 Pronunciation Master"},"content":{"rendered":"<h2 style=\"text-align: center;\"><span style=\"font-size: 110%; color: #000000;\"><strong>H\u1eccC VI\u1ec6N ANH NG\u1eee \u0110\u00c0O T\u1ea0O K\u1ef8 N\u0102NG<br \/><\/strong><\/span><span style=\"font-size: 110%; color: #000000;\"><strong>V\u00c0 TI\u1ebeNG ANH GIAO TI\u1ebeP CHO SINH VI\u00caN !<\/strong><\/span><\/h2>\n<div class=\"youtube-responsive-container\">\n<p style=\"text-align: center;\"><iframe loading=\"lazy\" src=\"https:\/\/www.youtube.com\/embed\/MaeclJGoNqo\" width=\"560\" height=\"315\" frameborder=\"0\" allowfullscreen=\"allowfullscreen\"><\/iframe><\/p>\n<p style=\"text-align: center;\"><em>VTV1 N\u00d3I G\u00cc V\u1ec0 ALIBABA<\/em><\/p>\n<\/div>\n<p><span style=\"color: #000000; font-size: 100%;\"><strong>\u25baKHO\u00c1 H\u1eccC PRONUNCIATION MASTER &#8211; D\u00c0NH CHO NH\u1eeeNG NG\u01af\u1edcI M\u1edaI B\u1eaeT \u0110\u1ea6U<\/strong><\/span><\/p>\n<p><span style=\"color: #000000; font-size: 100%;\">-&gt; H\u1ecdc theo 4 ph\u01b0\u01a1ng ph\u00e1p ph\u1ed5 bi\u1ebfn tr\u00ean th\u1ebf gi\u1edbi v\u1ec1 chinh ph\u1ee5c ng\u00f4n ng\u1eef g\u1ed3m: <strong>NLP &#8211; ALE &#8211; TPR<\/strong> v\u00e0 <strong>SHADOWING<\/strong><\/span><br \/><span style=\"color: #000000; font-size: 100%;\"> -&gt; H\u1ecdc c\u00e1c \u00e2m trong b\u1ea3ng IPA d\u00e0nh cho ti\u1ebfng Anh giao ti\u1ebfp qua nh\u1eefng b\u00e0i h\u1ecdc C\u1ef0C H\u00c0I H\u01af\u1edaC V\u00c0 SINH \u0110\u1ed8NG, kh\u00f4ng G\u00d2 B\u00d3!<\/span><br \/><span style=\"color: #000000; font-size: 100%;\"> -&gt; H\u1ecdc l\u1ea1i <strong>nh\u1eefng t\u1eeb<\/strong> ng\u01b0\u1eddi Vi\u1ec7t Nam hay ph\u00e1t \u00e2m sai.<br \/>-&gt; H\u1ecdc\u00a0<strong>nghe, t\u1eeb v\u1ef1ng, ng\u1eef ph\u00e1p<\/strong> v\u1ec1 c\u00e1c ch\u1ee7 \u0111\u1ec1 th\u01b0\u1eddng g\u1eb7p trong \u0111\u1eddi s\u1ed1ng h\u00e0ng ng\u00e0y, \u0111\u01b0\u1ee3c thi\u1ebft k\u1ebf ri\u00eang cho ng\u01b0\u1eddi <strong>M\u1edaI B\u1eaeT \u0110\u1ea6U.<\/strong><\/span><br \/><span style=\"color: #000000; font-size: 100%;\"> -&gt; H\u1ecdc c\u00e1ch \u0111\u1ec3 b\u1eaft chuy\u1ec7n, gi\u1eef cu\u1ed9c h\u1ed9i tho\u1ea1i v\u00e0 k\u1ebft th\u00fac sao cho l\u1ecbch s\u1ef1,\u00a0<strong>t\u1ea1o \u1ea5n t\u01b0\u1ee3ng<\/strong>\u00a0v\u1edbi ng\u01b0\u1eddi n\u00f3i.<\/span><br \/><span style=\"color: #000000; font-size: 100%;\"> -&gt; H\u1ecdc c\u00e1ch\u00a0<strong>thuy\u1ebft tr\u00ecnh b\u1eb1ng ti\u1ebfng Anh<\/strong>.<br \/>-&gt; H\u1ecdc <strong>c\u00e1c k\u1ef9 n\u0103ng m\u1ec1m cho sinh vi\u00ean v\u00e0 ng\u01b0\u1eddi \u0111i l\u00e0m <\/strong>\u0111\u01b0\u1ee3c \u00e1p d\u1ee5ng xuy\u00ean su\u1ed1t trong l\u1ed9 tr\u00ecnh h\u1ecdc.<\/span><br \/><span style=\"color: #000000; font-size: 100%;\"> -&gt; H\u1ecdc c\u00e1ch\u00a0<strong>t\u1ef1 tin \u0111\u1ee9ng n\u00f3i tr\u01b0\u1edbc \u0111\u00e1m \u0111\u00f4ng<\/strong>, c\u00e1ch c\u00e2n b\u1eb1ng cu\u1ed9c s\u1ed1ng, gi\u1eef v\u00e0 t\u1ef1 t\u1ea1o \u0111\u1ed9ng l\u1ef1c cho b\u1ea3n th\u00e2n.<\/span><br \/><span style=\"color: #000000; font-size: 100%;\"> -&gt; H\u1ecdc c\u00e1ch\u00a0<strong>ph\u1ea3n bi\u1ec7n b\u1eb1ng ti\u1ebfng Anh<\/strong><\/span><\/p>\n<p><img decoding=\"async\" loading=\"lazy\" class=\"alignnone size-medium wp-image-15724 aligncenter\" src=\"https:\/\/khachhang.webrt.vn\/phong\/ali\/wp-content\/uploads\/2020\/03\/71badc28925b6905304a-533x400.jpg\" alt=\"\" width=\"533\" height=\"400\" srcset=\"https:\/\/truonganhngu.mauthemewp.com\/wp-content\/uploads\/2020\/03\/71badc28925b6905304a-533x400.jpg 533w, https:\/\/truonganhngu.mauthemewp.com\/wp-content\/uploads\/2020\/03\/71badc28925b6905304a-768x576.jpg 768w, https:\/\/truonganhngu.mauthemewp.com\/wp-content\/uploads\/2020\/03\/71badc28925b6905304a-1067x800.jpg 1067w\" sizes=\"(max-width: 533px) 100vw, 533px\" \/><\/p>\n<p><span style=\"font-size: 100%; color: #000000;\"><strong>\u25baTH\u1edcI L\u01af\u1ee2NG<\/strong><\/span><br \/><span style=\"font-size: 100%;\"> <span style=\"color: #000000;\"> <strong>23 bu\u1ed5i h\u1ecdc tr\u00ean l\u1edbp g\u1ed3m c\u00f3:<br \/><\/strong><\/span><span style=\"color: #000000;\">-&gt;\u00a0<strong>15<\/strong>\u00a0bu\u1ed5i h\u1ecdc ch\u00ednh &#8211; <strong>2h<\/strong>\/bu\u1ed5i h\u1ecdc<\/span><\/span><br \/><span style=\"color: #000000; font-size: 100%;\"> -&gt;\u00a0<strong>8<\/strong>\u00a0bu\u1ed5i h\u1ecdc C\u00e2u L\u1ea1c B\u1ed9 t\u1ed1i ch\u1ee7 nh\u1eadt h\u00e0ng tu\u1ea7n \u0111\u1ec3 trau d\u1ed3i th\u00eam ki\u1ebfn th\u1ee9c.<\/span><br \/><span style=\"color: #000000; font-size: 100%;\"> -&gt; Ngo\u00e0i ra Alibaba c\u00f2n t\u1ed5 ch\u1ee9c\u00a0<strong>8<\/strong>\u00a0bu\u1ed5i ngo\u1ea1i kho\u00e1 s\u0103n T\u00e2y th\u1ef1c h\u00e0nh n\u00f3i chuy\u1ec7n v\u1edbi ng\u01b0\u1eddi n\u01b0\u1edbc ngo\u00e0i. (1 bu\u1ed5i\/tu\u1ea7n trong\u00a0<strong>8<\/strong>\u00a0tu\u1ea7n)<\/span><br \/><span style=\"color: #000000; font-size: 100%;\"> -&gt; H\u1ecdc vi\u00ean \u0111\u01b0\u1ee3c h\u1ecdc b\u00f9, chuy\u1ec3n l\u1edbp n\u1ebfu trong qu\u00e1 tr\u00ecnh h\u1ecdc c\u00f3 v\u01b0\u1edbng b\u1eadn v\u1ec1 th\u1eddi gian, Alibaba s\u1ebd lu\u00f4n t\u1ea1o \u0111i\u1ec1u ki\u1ec7n \u0111\u1ec3 h\u1ecdc vi\u00ean ho\u00e0n th\u00e0nh h\u1ebft kho\u00e1 h\u1ecdc.<\/span><br \/><span style=\"color: #000000; font-size: 100%;\"> -&gt; H\u1ecdc vi\u00ean \u0111\u01b0\u1ee3c c\u1ea5p <strong>ch\u1ee9ng ch\u1ec9 c\u1ee7a H\u1ecdc Vi\u1ec7n Anh Ng\u1eef<\/strong>, \u0111\u01b0\u1ee3c c\u00f4ng nh\u1eadn \u1edf nhi\u1ec1u doanh nghi\u1ec7p.<\/span><\/p>\n<p><img decoding=\"async\" loading=\"lazy\" class=\"alignnone size-medium wp-image-17941 aligncenter\" src=\"https:\/\/khachhang.webrt.vn\/phong\/ali\/wp-content\/uploads\/2020\/09\/7b5f98f26fe190bfc9f0-533x400.jpg\" alt=\"\" width=\"533\" height=\"400\" srcset=\"https:\/\/truonganhngu.mauthemewp.com\/wp-content\/uploads\/2020\/09\/7b5f98f26fe190bfc9f0-533x400.jpg 533w, https:\/\/truonganhngu.mauthemewp.com\/wp-content\/uploads\/2020\/09\/7b5f98f26fe190bfc9f0-768x576.jpg 768w, https:\/\/truonganhngu.mauthemewp.com\/wp-content\/uploads\/2020\/09\/7b5f98f26fe190bfc9f0-1067x800.jpg 1067w\" sizes=\"(max-width: 533px) 100vw, 533px\" \/><\/p>\n<h2><span style=\"font-size: 80%;\"><strong><span style=\"color: #000000;\">\u25ba\u0110\u1ed8I NG\u0168 GI\u1ea2NG VI\u00caN<\/span><\/strong><\/span><\/h2>\n<p><span style=\"color: #000000;\">+ \u0110\u1ed9i ng\u0169 gi\u1ea3ng vi\u00ean gi\u00e0u kinh nghi\u1ec7m v\u00e0 c\u00f3 chuy\u00ean m\u00f4n cao v\u1edbi b\u1eb1ng TOEIC \u0111\u1ea1t t\u1ed1i thi\u1ec3u <strong><span style=\"font-size: 105%; color: #ed1c24;\">950+<\/span><\/strong> ch\u1eafc ch\u1eafn s\u1ebd l\u00e0 ng\u01b0\u1eddi h\u01b0\u1edbng d\u1eabn tuy\u1ec7t v\u1eddi d\u00e0nh cho c\u00e1c b\u1ea1n.<\/span><\/p>\n<p><span style=\"color: #282828;\">+ V\u1edbi <span style=\"color: #ed1c24;\">1 Gi\u1ea3ng Vi\u00ean, 2 Tr\u1ee3 Gi\u1ea3ng\u00a0<\/span>v\u00e0 ch\u1ec9 <span style=\"color: #ed1c24;\">25 h\u1ecdc vi\u00ean\/l\u1edbp.<\/span> H\u1ecdc vi\u00ean s\u1ebd \u0111\u01b0\u1ee3c h\u1ed7 tr\u1ee3 s\u00e2u s\u00e1t c\u00f3 th\u1ec3.<\/span><\/p>\n<p><span style=\"color: #000000;\">+ Nhi\u1ec7t t\u00ecnh v\u00e0 theo d\u00f5i s\u00e1t sao c\u0169ng nh\u01b0 \u0111\u1ed3ng h\u00e0nh c\u00f9ng v\u1edbi b\u1ea1n \u0111\u1ebfn khi chinh ph\u1ee5c ho\u00e0n to\u00e0n \u0111\u01b0\u1ee3c Ti\u1ebfng Anh Giao Ti\u1ebfp.<\/span><\/p>\n<p><img decoding=\"async\" loading=\"lazy\" class=\" wp-image-18027 aligncenter\" src=\"https:\/\/khachhang.webrt.vn\/phong\/ali\/wp-content\/uploads\/2020\/09\/IMG_1224-781x400.jpg\" alt=\"\" width=\"607\" height=\"311\" srcset=\"https:\/\/truonganhngu.mauthemewp.com\/wp-content\/uploads\/2020\/09\/IMG_1224-781x400.jpg 781w, https:\/\/truonganhngu.mauthemewp.com\/wp-content\/uploads\/2020\/09\/IMG_1224-768x393.jpg 768w, https:\/\/truonganhngu.mauthemewp.com\/wp-content\/uploads\/2020\/09\/IMG_1224-1400x717.jpg 1400w\" sizes=\"(max-width: 607px) 100vw, 607px\" \/><\/p>\n<p>(Gi\u1ea3ng Vi\u00ean \u0111\u1ec1u c\u00f3 ch\u1ee9ng ch\u1ec9 Toeic Qu\u1ed1c T\u1ebf 950+)<\/p>\n<p><span style=\"font-size: 100%;\"><span style=\"color: #000000;\"><strong>\u25ba<\/strong><strong>H\u1eccC PH\u00cd G\u1ed0C: <span style=\"color: #ed1c24; font-size: 105%;\">1.999.000\u0111<\/span><br \/><\/strong><\/span><span style=\"color: #000000;\"><strong>\u25ba\u0110\u1eb6C BI\u1ec6T: <\/strong>KHI \u0110\u0102NG K\u00cd<\/span><span style=\"color: #000000;\"><span style=\"font-size: 20px;\"><strong><span style=\"color: #ed1c24;\"> TRONG TH\u00c1NG 3\/2021<\/span><\/strong><\/span>\u00a0GI\u1ea2M CH\u1ec8 C\u00d2N<span style=\"font-size: 20px;\"><strong><span style=\"color: #ed1c24;\"> 1333K<\/span><\/strong><\/span>\u00a0KHI \u0110\u0102NG K\u00dd THEO\u00a0<span style=\"color: #0000ff;\"><span style=\"text-decoration: underline;\"><strong><a style=\"color: #0000ff; text-decoration: underline;\" href=\"https:\/\/khachhang.webrt.vn\/phong\/ali\/lo-trinh-toan-dien\">ENGLISH SKILLS BUILDING<\/a><\/strong><\/span>\u00a0<\/span>(xem \u1edf link)<\/span><\/span><\/p>\n<p><span style=\"color: #000000; font-size: 100%;\"><strong>-&gt; GI\u1ea2M TI\u1ebeP NGAY:<br \/><\/strong><strong>&#8211; 150K<\/strong>\/nh\u00f3m n\u1ebfu \u0111\u0103ng k\u00fd theo nh\u00f3m 3 ng\u01b0\u1eddi.<\/span><br \/><span style=\"color: #000000; font-size: 100%;\"> &#8211;\u00a0<strong>300K<\/strong>\/nh\u00f3m n\u1ebfu \u0111\u0103ng k\u00fd theo nh\u00f3m 4 ng\u01b0\u1eddi.<\/span><br \/><span style=\"color: #000000; font-size: 100%;\"> &#8211;\u00a0<strong>500K<\/strong>\/nh\u00f3m n\u1ebfu \u0111\u0103ng k\u00fd theo nh\u00f3m 5 ng\u01b0\u1eddi tr\u1edf l\u00ean.<\/span><\/p>\n<table style=\"width: 100%; background-color: #ffd000;\">\n<tbody>\n<tr>\n<td style=\"width: 100%;\">\n<h3 style=\"text-align: center;\"><span style=\"font-size: 12px;\"><span style=\"color: #000000;\"><strong><span style=\"color: #ed1c24;\">\u0110\u1eb6C BI\u1ec6T<\/span><br \/><\/strong><\/span><\/span><span style=\"font-size: 10px;\"><strong><span style=\"color: #000000;\">-&gt; \u0110\u0102NG K\u00dd L\u1ed8 TR\u00ccNH ESB 6 TH\u00c1NG GIAO TI\u1ebeP , GI\u1ea2M 2.000K CH\u1ec8 C\u00d2N 4.000.000\u0111 (GI\u00c1 G\u1ed0C 6.000.000\u0111)<em> <span style=\"color: #0000ff;\"><a style=\"color: #0000ff;\" href=\"https:\/\/khachhang.webrt.vn\/phong\/ali\/lo-trinh-toan-dien\/\">T\u1ea0I \u0110\u00c2Y<\/a><br \/><\/span><\/em><\/span><\/strong><strong><span style=\"color: #000000;\">&gt; \u0110\u0102NG K\u00dd L\u1ed8 TR\u00ccNH ULTIMATE GIAO TI\u1ebeP &amp; TOEIC 500+, GI\u1ea2M 4.500K CH\u1ec8 C\u00d2N 6.000.000\u0111 (GI\u00c1 G\u1ed0C 10.500.000\u0111)<em> <span style=\"color: #0000ff;\"><a style=\"color: #0000ff;\" href=\"https:\/\/khachhang.webrt.vn\/phong\/ali\/goi-ultimate-english-2020\">T\u1ea0I \u0110\u00c2Y<br \/><\/a><\/span><\/em><\/span><\/strong><strong style=\"font-family: inherit;\"><span style=\"color: #000000;\">&gt; \u0110\u0102NG K\u00dd L\u1ed8 TR\u00ccNH INCREDIBLE GIAO TI\u1ebeP &amp; TOEIC 700+, GI\u1ea2M 3.500K CH\u1ec8 C\u00d2N 9.500.000\u0111 (GI\u00c1 G\u1ed0C 13.000.000\u0111)<em> <span style=\"color: #0000ff;\"><a style=\"color: #0000ff;\" href=\"https:\/\/khachhang.webrt.vn\/phong\/ali\/goi-incredible-english-2020\">T\u1ea0I \u0110\u00c2Y<\/a><\/span><\/em><\/span><\/strong><\/span><\/h3>\n<\/td>\n<\/tr>\n<\/tbody>\n<\/table>\n<p><span style=\"color: #000000; font-size: 100%;\"><strong>\u25baC\u00c1CH HO\u00c0N TH\u00c0NH H\u1eccC PH\u00cd:<\/strong><\/span><\/p>\n<p><span style=\"font-size: 100%;\"><span style=\"color: #000000;\"><strong>1: Tr\u1ef1c ti\u1ebfp:<br \/><\/strong>C\u00e1c b\u1ea1n c\u00f3 th\u1ec3 qua v\u0103n ph\u00f2ng c\u1ee7a ALIBABA t\u1ea1i t\u1ea7ng\u00a0<strong>5 s\u1ed1 186 \u0111\u01b0\u1eddng Gi\u1ea3i Ph\u00f3ng ho\u1eb7c s\u1ed1 1 ng\u00f5 243 Tr\u1ea7n Qu\u1ed1c Ho\u00e0n (C\u1ea7u Gi\u1ea5y)<\/strong> \u0111\u1ec3 \u0111\u0103ng k\u00fd v\u00e0 \u0111\u01b0\u1ee3c t\u01b0 v\u1ea5n mi\u1ec5n ph\u00ed.<br \/><\/span><span style=\"color: #000000;\"><strong>2: Chuy\u1ec3n Kho\u1ea3n:<br \/><\/strong><\/span><\/span><span style=\"color: #000000;\">T\u00ean Ch\u1ee7 TK:<strong>\u00a0DINH THI LY<\/strong>\u00a0\u2013 NG\u00c2N H\u00c0NG <strong>TP BANK<\/strong><\/span><br \/><span style=\"color: #000000;\">STK: 03142609001\u00a0 \u2013 Chi nh\u00e1nh H\u00e0 N\u1ed9i<\/span><br \/><span style=\"color: #000000;\">N\u1ed9i dung Chuy\u1ec3n Kho\u1ea3n: <strong>T\u00caN + L\u1edaP + S\u0110T<\/strong><\/span><br \/><span style=\"font-size: 100%;\"> <span style=\"color: #000000;\"><strong>\u2014\u2014\u2014\u2014\u2014\u2014\u2013<br \/><\/strong><\/span><span style=\"color: #000000;\">\u25ba<strong> LI\u00caN H\u1ec6 V\u1edaI CH\u00daNG T\u00d4I:<\/strong><\/span><\/span><br \/><span style=\"font-size: 100%;\"> <span style=\"color: #000000;\">Hotline<strong>: 02422391999\u00a0<\/strong>t\u1eeb\u00a0<strong>8h00 \u0111\u1ebfn 21h00 th\u1ee9 2 -&gt; th\u1ee9 7\u00a0<\/strong>h\u00e0ng tu\u1ea7n<br \/><\/span><span style=\"color: #0000ff;\"><strong>&gt;&gt;&gt;<a style=\"color: #0000ff;\" href=\"https:\/\/www.facebook.com\/groups\/AlibabaEnglishClub\/\"> Tham Gia c\u1ed9ng \u0111\u1ed3ng ALIBABA v\u1edbi 60 ngh\u00ecn th\u00e0nh vi\u00ean tr\u00ean Facebook\u00a0 \u0111\u1ec3 nh\u1eadn nh\u1eefng ngu\u1ed3n t\u00e0i li\u1ec7u ti\u1ebfng Anh h\u1eefu \u00edch nh\u00e9 !<\/a><\/strong><\/span><\/span><\/p>\n<p style=\"text-align: center;\"><span style=\"font-size: 100%;\"><span style=\"color: #000000;\"><strong>ALIBABA \u2013 H\u1eccC VI\u1ec6N ANH NG\u1eee V\u1ec0 \u0110\u00c0O T\u1ea0O TI\u1ebeNG ANH<br \/><\/strong><\/span><span style=\"color: #000000;\"><strong>V\u00c0 K\u1ef8 N\u0102NG M\u1ec0M CHO SINH VI\u00caN !<\/strong><\/span><\/span><\/p>\n<p><span style=\"font-size: 100%;\"><span style=\"color: #000000;\"><strong>\u2014\u2014\u2014\u2014\u2014\u2014\u2013<br \/><\/strong><\/span><span style=\"color: #000000;\"><strong>H\u1ec6 TH\u1ed0NG C\u01a0 S\u1ede ALIBABA:<br \/>CS1: S\u1ed1 186 Gi\u1ea3i Ph\u00f3ng, Thanh Xu\u00e2n, H\u00e0 N\u1ed9i.<br \/>CS2: S\u1ed1 1 ng\u00f5 243 Tr\u1ea7n Qu\u1ed1c Ho\u00e0n, C\u1ea7u Gi\u1ea5y.<br \/>CS3: S\u1ed1 51 Nguy\u1ec5n Tr\u00e3i, Gi\u1ea3i Ph\u00f3ng, H\u00e0 N\u1ed9i.<br \/>CS4: S\u1ed1 19 \u2013 21 \u00a0\u0110\u01b0\u1eddng V\u1ea1n An, Th\u00e0nh Ph\u1ed1 Vinh, Ngh\u1ec7 An.<br \/>Cs5: S\u1ed1 471 Tr\u1ea7n H\u01b0ng \u0110\u1ea1o \u2013 Th\u00e1i Ho\u00e0 \u2013 Ngh\u1ec7 An.<br \/>Cs6: S\u1ed1 177 B\u1ea1ch \u0110\u1eb1ng, qu\u1eadn B\u00ecnh Th\u1ea1nh, TP HCM.<br \/>Cs7: S\u1ed1 34 ng\u00f5 6B Nguy\u1ec5n Khuy\u1ebfn, H\u00e0 \u0110\u00f4ng, H\u00e0 N\u1ed9i.<br \/>CS8: S\u1ed1 1, ng\u00e1ch 28\/5, D\u01b0\u01a1ng Khu\u00ea, H\u00e0 N\u1ed9i.<\/strong><br \/><\/span><\/span><\/p>\n<p><span style=\"color: #000000; font-size: 100%;\">\u25ba \u0110\u0102NG K\u00dd V\u00c0 CH\u1eccN L\u1edaP \u1ede D\u01af\u1edaI B\u1ea0N NH\u00c9:<\/span><\/p>\n<p>\u00a0<\/p>\n\n\n<iframe src=\"https:\/\/alibaba.eduto.net\/pages\/registers\/dang-ki-khoa-hoc-pronunciation-master?page_type=iframe\" style=\"width:100%!important;height:800px!important;border: none!important;\" title=\"\u0110\u0103ng k\u00ed kh\u00f3a h\u1ecdc Pronunciation Master\">\n<\/iframe>\n","protected":false},"excerpt":{"rendered":"<p>H\u1eccC VI\u1ec6N ANH NG\u1eee \u0110\u00c0O T\u1ea0O K\u1ef8 N\u0102NGV\u00c0 TI\u1ebeNG ANH GIAO TI\u1ebeP CHO SINH VI\u00caN ! VTV1 N\u00d3I G\u00cc V\u1ec0 ALIBABA \u25baKHO\u00c1 H\u1eccC PRONUNCIATION MASTER &#8211; D\u00c0NH CHO NH\u1eeeNG NG\u01af\u1edcI M\u1edaI B\u1eaeT \u0110\u1ea6U -&gt; H\u1ecdc theo 4 ph\u01b0\u01a1ng ph\u00e1p ph\u1ed5 bi\u1ebfn tr\u00ean th\u1ebf gi\u1edbi v\u1ec1 chinh ph\u1ee5c ng\u00f4n ng\u1eef g\u1ed3m: NLP &#8211; ALE &#8211; TPR [&#8230;]\n","protected":false},"author":2,"featured_media":0,"parent":0,"menu_order":0,"comment_status":"closed","ping_status":"closed","template":"page-right-sidebar.php","meta":[],"yst_prominent_words":[],"_links":{"self":[{"href":"https:\/\/truonganhngu.mauthemewp.com\/index.php?rest_route=\/wp\/v2\/pages\/8258"}],"collection":[{"href":"https:\/\/truonganhngu.mauthemewp.com\/index.php?rest_route=\/wp\/v2\/pages"}],"about":[{"href":"https:\/\/truonganhngu.mauthemewp.com\/index.php?rest_route=\/wp\/v2\/types\/page"}],"author":[{"embeddable":true,"href":"https:\/\/truonganhngu.mauthemewp.com\/index.php?rest_route=\/wp\/v2\/users\/2"}],"replies":[{"embeddable":true,"href":"https:\/\/truonganhngu.mauthemewp.com\/index.php?rest_route=%2Fwp%2Fv2%2Fcomments&post=8258"}],"version-history":[{"count":31,"href":"https:\/\/truonganhngu.mauthemewp.com\/index.php?rest_route=\/wp\/v2\/pages\/8258\/revisions"}],"predecessor-version":[{"id":21139,"href":"https:\/\/truonganhngu.mauthemewp.com\/index.php?rest_route=\/wp\/v2\/pages\/8258\/revisions\/21139"}],"wp:attachment":[{"href":"https:\/\/truonganhngu.mauthemewp.com\/index.php?rest_route=%2Fwp%2Fv2%2Fmedia&parent=8258"}],"wp:term":[{"taxonomy":"yst_prominent_words","embeddable":true,"href":"https:\/\/truonganhngu.mauthemewp.com\/index.php?rest_route=%2Fwp%2Fv2%2Fyst_prominent_words&post=8258"}],"curies":[{"name":"wp","href":"https:\/\/api.w.org\/{rel}","templated":true}]}}