{"id":8242,"date":"2018-09-09T19:53:35","date_gmt":"2018-09-09T12:53:35","guid":{"rendered":"https:\/\/alibabaenglishclub.blog\/?page_id=8242"},"modified":"2021-03-22T08:51:28","modified_gmt":"2021-03-22T01:51:28","slug":"khoa-hoc-tieng-anh-master-communication","status":"publish","type":"page","link":"https:\/\/truonganhngu.mauthemewp.com\/?page_id=8242","title":{"rendered":"Kh\u00f3a Master Communication"},"content":{"rendered":"<p style=\"text-align: center;\"><span style=\"font-size: 90%; color: #000000;\"><strong>H\u1eccC VI\u1ec6N ANH NG\u1eee V\u1ec0 \u0110\u00c0O T\u1ea0O K\u1ef8 N\u0102NG V\u00c0 TI\u1ebeNG ANH GIAO TI\u1ebeP CHO SINH VI\u00caN !<\/strong><\/span><\/p>\n<p style=\"text-align: center;\"><span style=\"font-size: 110%; color: #000000;\"><strong>H\u1eccC VI\u1ec6N ANH NG\u1eee V\u1ec0<br><\/strong><\/span><span style=\"font-size: 110%; color: #000000;\"><strong>\u0110\u00c0O T\u1ea0O K\u1ef8 N\u0102NG V\u00c0 TI\u1ebeNG ANH GIAO TI\u1ebeP CHO SINH VI\u00caN !<\/strong><\/span><\/p>\n<p style=\"text-align: center;\"><iframe loading=\"lazy\" src=\"https:\/\/www.youtube.com\/embed\/MaeclJGoNqo\" width=\"560\" height=\"315\" frameborder=\"0\" allowfullscreen=\"allowfullscreen\" data-mce-fragment=\"1\"><\/iframe><\/p>\n<p style=\"text-align: center;\"><em>VTV1 N\u00d3I G\u00cc V\u1ec0 ALIBABA<\/em><\/p>\n<p><span style=\"font-size: 16px;\"><span style=\"color: #000000;\"><strong>\u25ba GIAI \u0110O\u1ea0N 1:<span style=\"font-size: 18px;\">&nbsp;BASIC COMMUNICATION!&nbsp;<span style=\"font-size: 90%;\"><span style=\"color: #ed1c24; font-size: 105%;\">\u25ba H\u1eccC PH\u00cd G\u1ed0C: 2<\/span><strong style=\"line-height: 1.5;\"><span style=\"color: #ed1c24; font-size: 105%;\">.000.000 \u0110<\/span><\/strong><\/span><\/span><\/strong><\/span><\/span><\/p>\n<p style=\"text-align: justify;\"><span style=\"font-size: 90%;\"><span style=\"color: #000000;\">-&gt; B\u1ea1n \u0111\u00e3 n\u00f3i \u0111\u01b0\u1ee3c ti\u1ebfng Anh nh\u01b0ng v\u1eabn sai t\u1eeb v\u1ef1ng ng\u1eef ph\u00e1p?<br><\/span><span style=\"color: #000000;\">-&gt; B\u1ea1n \u0111ang mu\u1ed1n n\u00e2ng cao v\u1ed1n t\u1eeb v\u1ef1ng v\u00e0 ng\u1eef ph\u00e1p c\u1ee7a m\u00ecnh nh\u01b0ng v\u1eabn ch\u01b0a t\u00ecm \u0111\u01b0\u1ee3c m\u1ed9t kh\u00f3a h\u1ecdc ph\u00f9 h\u1ee3p?<br><\/span><strong><span style=\"color: #000000;\">V\u1eady h\u00e3y c\u00f9ng ch\u00fang m\u00ecnh t\u00ecm hi\u1ec3u giai \u0111o\u1ea1n <span style=\"font-size: 15px;\">Basic Communication<\/span> t\u1ea1i Alibaba nh\u00e9!<br><\/span><\/strong><span style=\"color: #000000;\"><strong>\u25ba&nbsp;<\/strong><\/span><span style=\"color: #000000;\"><strong>B\u1ea0N S\u1ebc H\u1eccC \u0110\u01af\u1ee2C G\u00cc?<\/strong><\/span><\/span><\/p>\n<p style=\"text-align: justify;\"><span style=\"color: #000000; font-size: 90%;\">-&gt; C\u00c1C T\u1eea V\u1ef0NG c\u01a1 b\u1ea3n th\u00f4ng d\u1ee5ng b\u1eb1ng nh\u1eefng c\u00e1ch M\u1edaI M\u1eba, TH\u00da V\u1eca, KH\u00d4NG NH\u00c0M CH\u00c1N: h\u1ecdc qua <strong>tr\u00f2 ch\u01a1i<\/strong>,&nbsp;<strong>gameshow<\/strong>,&nbsp;<strong>kahoot it<\/strong>,&nbsp;<strong>flash card<\/strong>\u2026<\/span><br><span style=\"color: #000000; font-size: 90%;\"> -&gt; H\u1ecdc l\u1ea1i c\u00e1c th\u00ec trong ti\u1ebfng Anh theo m\u1ed9t ph\u01b0\u01a1ng ph\u00e1p h\u1ecdc<strong>&nbsp;M\u1edaI!<br><\/strong>-&gt; Nh\u1eefng C\u1ea4U TR\u00daC C\u00c2U ph\u1ed5 bi\u1ebfn \u00e1p d\u1ee5ng trong c\u1ea3 v\u0103n n\u00f3i v\u00e0 v\u0103n vi\u1ebft!<\/span><br><span style=\"color: #000000; font-size: 90%;\"> -&gt; C\u00e1c B\u00c0I H\u1eccC NG\u1eee PH\u00c1P phong ph\u00fa, \u00e1p d\u1ee5ng trong giao ti\u1ebfp h\u1eb1ng ng\u00e0y.<\/span><br><span style=\"color: #000000; font-size: 90%;\"> -&gt; C\u1ea3i thi\u1ec7n k\u0129 n\u0103ng n\u00f3i, ph\u1ea3n x\u1ea1 ti\u1ebfng anh qua c\u00e1c ho\u1ea1t \u0111\u1ed9ng tr\u00ean l\u1edbp v\u00e0 l\u01b0\u1ee3ng b\u00e0i t\u1eadp phong ph\u00fa \u0111\u1ec3 trau d\u1ed3i k\u1ef9 n\u0103ng: <strong>NGHE &#8211; N\u00d3I &#8211; \u0110\u1eccC &#8211; VI\u1ebeT<br><\/strong>-&gt; \u0110\u01b0\u1ee3c luy\u1ec7n t\u1eadp v\u00e0 th\u1ef1c h\u00e0nh n\u00f3i c\u00e1c t\u1eeb v\u1ef1ng v\u00e0 c\u1ea5u tr\u00fac ngay t\u1ea1i l\u1edbp h\u1ecdc.<\/span><\/p>\n<div class=\"youtube-responsive-container\"><img decoding=\"async\" loading=\"lazy\" class=\"alignnone size-medium wp-image-15727 aligncenter\" src=\"https:\/\/khachhang.webrt.vn\/phong\/ali\/wp-content\/uploads\/2020\/03\/72070316_1121106914762449_4650756425386033152_n-533x400.jpg\" alt=\"\" width=\"533\" height=\"400\" srcset=\"https:\/\/truonganhngu.mauthemewp.com\/wp-content\/uploads\/2020\/03\/72070316_1121106914762449_4650756425386033152_n-533x400.jpg 533w, https:\/\/truonganhngu.mauthemewp.com\/wp-content\/uploads\/2020\/03\/72070316_1121106914762449_4650756425386033152_n-768x576.jpg 768w, https:\/\/truonganhngu.mauthemewp.com\/wp-content\/uploads\/2020\/03\/72070316_1121106914762449_4650756425386033152_n.jpg 960w\" sizes=\"(max-width: 533px) 100vw, 533px\" \/><\/div>\n<p style=\"text-align: justify;\"><span style=\"font-size: 90%;\"><span style=\"color: #ed1c24;\"><strong>\u25ba&nbsp;<\/strong><\/span><span style=\"color: #000000;\"><strong><span style=\"color: #ed1c24;\">TH\u1edcI L\u01af\u1ee2NG:<\/span><br><\/strong><\/span><span style=\"color: #000000;\">-&gt;&nbsp;<strong>16<\/strong>&nbsp;bu\u1ed5i h\u1ecdc ch\u00ednh tr\u00ean l\u1edbp \u2013 <strong>2h<\/strong>\/ bu\u1ed5i h\u1ecdc<\/span><\/span><br><span style=\"color: #000000; font-size: 90%;\"> -&gt; <b>8<\/b>&nbsp;bu\u1ed5i h\u1ecdc C\u00e2u L\u1ea1c B\u1ed9 t\u1ed1i ch\u1ee7 nh\u1eadt h\u00e0ng tu\u1ea7n \u0111\u1ec3 trau d\u1ed3i th\u00eam ki\u1ebfn th\u1ee9c.<\/span><br><span style=\"color: #000000; font-size: 90%;\"> -&gt; Ngo\u00e0i ra Alibaba c\u00f2n t\u1ed5 ch\u1ee9c <b>8<\/b>&nbsp;bu\u1ed5i ngo\u1ea1i kho\u00e1 s\u0103n T\u00e2y th\u1ef1c h\u00e0nh n\u00f3i chuy\u1ec7n v\u1edbi ng\u01b0\u1eddi n\u01b0\u1edbc ngo\u00e0i. (1 bu\u1ed5i\/tu\u1ea7n trong 7 tu\u1ea7n)<\/span><br><span style=\"color: #000000; font-size: 90%;\"> -&gt; H\u1ecdc vi\u00ean \u0111\u01b0\u1ee3c h\u1ecdc b\u00f9, chuy\u1ec3n l\u1edbp n\u1ebfu trong qu\u00e1 tr\u00ecnh h\u1ecdc c\u00f3 v\u01b0\u1edbng v\u1ec1 th\u1eddi gian, Club s\u1ebd lu\u00f4n t\u1ea1o \u0111i\u1ec1u ki\u1ec7n \u0111\u1ec3 h\u1ecdc vi\u00ean h\u1ecdc h\u1ebft kho\u00e1.<\/span><br><span style=\"color: #000000; font-size: 90%;\"> -&gt; H\u1ecdc vi\u00ean \u0111\u01b0\u1ee3c c\u1ea5p ch\u1ee9ng ch\u1ec9, \u0111\u01b0\u1ee3c c\u00f4ng nh\u1eadn \u1edf nhi\u1ec1u doanh nghi\u1ec7p !<\/span><\/p>\n<table style=\"width: 0%; background-color: #ffd000;\">\n<tbody>\n<tr>\n<td style=\"width: 100%;\">\n<h3 style=\"text-align: center;\"><span style=\"font-size: 12px;\"><span style=\"color: #000000;\"><strong><span style=\"color: #ed1c24;\">\u0110\u1eb6C BI\u1ec6T<\/span><br><\/strong><\/span><\/span><span style=\"font-size: 10px;\"><strong><span style=\"color: #000000;\">-&gt; \u0110\u0102NG K\u00dd L\u1ed8 TR\u00ccNH ESB 6 TH\u00c1NG GIAO TI\u1ebeP, GI\u1ea2M 2.000K CH\u1ec8 C\u00d2N 4.000.000\u0111 (GI\u00c1 G\u1ed0C 6.000.000\u0111)<em> <span style=\"color: #0000ff;\"><a style=\"color: #0000ff;\" href=\"https:\/\/khachhang.webrt.vn\/phong\/ali\/lo-trinh-toan-dien\/\">T\u1ea0I \u0110\u00c2Y<\/a><br><\/span><\/em><\/span><\/strong><strong><span style=\"color: #000000;\">&gt; \u0110\u0102NG K\u00dd L\u1ed8 TR\u00ccNH ULTIMATE GIAO TI\u1ebeP &amp; TOEIC 500+ , GI\u1ea2M 4.500K CH\u1ec8 C\u00d2N 6.000.000\u0111 (GI\u00c1 G\u1ed0C 10.500.000\u0111)<em> <span style=\"color: #0000ff;\"><a style=\"color: #0000ff;\" href=\"https:\/\/khachhang.webrt.vn\/phong\/ali\/goi-ultimate-english-2020\">T\u1ea0I \u0110\u00c2Y<br><\/a><\/span><\/em><\/span><\/strong><strong style=\"font-family: inherit;\"><span style=\"color: #000000;\">&gt; \u0110\u0102NG K\u00dd L\u1ed8 TR\u00ccNH INCREDIBLE GIAO TI\u1ebeP &amp; TOEIC 700+ , GI\u1ea2M 3.500K CH\u1ec8 C\u00d2N 9.500.000\u0111 (GI\u00c1 G\u1ed0C 13.000.000\u0111)<em> <span style=\"color: #0000ff;\"><a style=\"color: #0000ff;\" href=\"https:\/\/khachhang.webrt.vn\/phong\/ali\/goi-incredible-english-2020\">T\u1ea0I \u0110\u00c2Y<\/a><\/span><\/em><\/span><\/strong><\/span><\/h3>\n<h3 style=\"text-align: center;\"><span style=\"font-size: 10px;\">&nbsp;<\/span><\/h3>\n<\/td>\n<\/tr>\n<\/tbody>\n<\/table>\n<p style=\"text-align: justify;\"><span style=\"font-size: 90%;\"><span style=\"color: #000000;\"><strong style=\"line-height: 1.5;\"><span style=\"color: #ed1c24; font-size: 105%;\">&nbsp;<\/span><\/strong><\/span><\/span><\/p>\n<p style=\"text-align: justify;\"><span style=\"color: #000000; font-size: 16px;\"><strong>\u25ba GIAI \u0110O\u1ea0N 2: ADVANCED COMMUNICATION &#8211; TI\u1ebeNG ANH GIAO TI\u1ebeP HO\u00c0N THI\u1ec6N<span style=\"font-size: 18px;\">&nbsp;<span style=\"color: #000000;\">\u25baH\u1eccC PH\u00cd G\u1ed0C: <span style=\"color: #e14d43;\">2.000.000\u0111<\/span><\/span><\/span><\/strong><\/span><\/p>\n<p><span style=\"color: #000000; font-size: 90%;\">-&gt; K\u1ef9 n\u0103ng thuy\u1ebft tr\u00ecnh m\u00e1y chi\u1ebfu.<br><\/span><span style=\"color: #000000; font-size: 90%;\">-&gt; K\u1ef9 n\u0103ng ph\u1ea3n bi\u1ec7n ti\u1ebfng Anh theo ph\u01b0\u01a1ng ph\u00e1p&nbsp;<\/span><strong style=\"color: #000000; font-size: 90%;\">Ph\u1ea3n X\u1ea1 Giao Ti\u1ebfp<br><\/strong><span style=\"color: #000000; font-size: 90%;\">-&gt; Thuy\u1ebft tr\u00ecnh c\u00e1c b\u1ea3n tin \u0110\u1ed8C &#8211; HOT &#8211; L\u1ea0 b\u1eb1ng ti\u1ebfng Anh.<br><\/span><span style=\"color: #000000; font-size: 90%;\">-&gt; S\u1eed d\u1ee5ng t\u1ea5t c\u1ea3 c\u00e1c&nbsp;<\/span><strong style=\"color: #000000; font-size: 90%;\">c\u1ea5u tr\u00fac ng\u1eef ph\u00e1p <\/strong><span style=\"color: #000000; font-size: 90%;\">v\u00e0&nbsp;<\/span><strong style=\"color: #000000; font-size: 90%;\">ph\u00e1t \u00e2m<\/strong><span style=\"color: #000000; font-size: 90%;\"> khi n\u00f3i.<br><\/span><span style=\"color: #000000; font-size: 90%;\">-&gt; H\u1ecdc c\u00e1c&nbsp;<\/span><strong style=\"color: #000000; font-size: 90%;\">ph\u01b0\u01a1ng ph\u00e1p h\u1ecdc t\u1eeb v\u1ef1ng!<br><\/strong><span style=\"color: #000000; font-size: 90%;\">-&gt; H\u1ecdc ti\u1ebfng Anh qua video t\u1ea1o \u0111\u1ed9ng l\u1ef1c c\u1ee7a nh\u1eefng ng\u01b0\u1eddi th\u00e0nh c\u00f4ng.<\/span><br><span style=\"color: #000000; font-size: 90%;\"> -&gt; H\u1ecdc&nbsp;<strong>c\u00e1ch vi\u1ebft CV xin vi\u1ec7c b\u1eb1ng ti\u1ebfng Anh giao ti\u1ebfp.<\/strong><\/span><br><span style=\"color: #000000; font-size: 90%;\"> -&gt; Th\u1ef1c h\u00e0nh&nbsp;<strong>Ph\u1ecfng V\u1ea5n &#8211; Tuy\u1ec3n D\u1ee5ng&nbsp;<\/strong>ngay t\u1ea1i l\u1edbp h\u1ecdc.<\/span><br><span style=\"color: #000000; font-size: 90%;\"> -&gt; H\u1ecdc qua Game, FlashCard \u0111\u01b0\u1ee3c l\u1ef1a ch\u1ecdn thi\u1ebft k\u1ebf TH\u00da V\u1eca \u0111\u1ec3 v\u1eeba h\u1ecdc v\u1eeba ch\u01a1i.<\/span><br><span style=\"color: #000000; font-size: 90%;\"> -&gt; Nh\u1eefng b\u00e0i truy\u1ec1n \u0111\u1ed9ng l\u1ef1c t\u1eeb nh\u1eefng doanh nh\u00e2n th\u00e0nh c\u00f4ng \u0111\u01b0\u1ee3c \u0111\u00fac r\u00fat l\u1ea1i !<\/span><br><span style=\"color: #000000; font-size: 90%;\"> -&gt; \u0110\u01b0\u1ee3c&nbsp;<strong>h\u1ed7 tr\u1ee3 xin vi\u1ec7c<\/strong>&nbsp;sau kho\u00e1 h\u1ecdc !<\/span><\/p>\n<p><img decoding=\"async\" loading=\"lazy\" class=\"alignnone size-medium wp-image-9652 aligncenter\" src=\"https:\/\/khachhang.webrt.vn\/phong\/ali\/wp-content\/uploads\/2019\/03\/MG_2984.-2-600x400.jpg\" alt=\"\" width=\"600\" height=\"400\" srcset=\"https:\/\/truonganhngu.mauthemewp.com\/wp-content\/uploads\/2019\/03\/MG_2984.-2-600x400.jpg 600w, https:\/\/truonganhngu.mauthemewp.com\/wp-content\/uploads\/2019\/03\/MG_2984.-2-768x512.jpg 768w, https:\/\/truonganhngu.mauthemewp.com\/wp-content\/uploads\/2019\/03\/MG_2984.-2-1200x800.jpg 1200w, https:\/\/truonganhngu.mauthemewp.com\/wp-content\/uploads\/2019\/03\/MG_2984.-2-272x182.jpg 272w\" sizes=\"(max-width: 600px) 100vw, 600px\" \/><\/p>\n<p style=\"text-align: justify;\"><span style=\"color: #000000; font-size: 90%;\"><strong>\u25baTH\u1edcI L\u01af\u1ee2NG: 2 TH\u00c1NG<\/strong><\/span><\/p>\n<p style=\"text-align: justify;\"><span style=\"color: #000000; font-size: 90%;\">-&gt;&nbsp;<strong>16<\/strong>&nbsp;bu\u1ed5i h\u1ecdc ch\u00ednh<\/span><br><span style=\"color: #000000; font-size: 90%;\"> -&gt;&nbsp;<strong>8<\/strong>&nbsp;bu\u1ed5i ngo\u1ea1i kho\u00e1 s\u0103n T\u00e2y &#8211; th\u1ef1c h\u00e0nh n\u00f3i chuy\u1ec7n v\u1edbi ng\u01b0\u1eddi n\u01b0\u1edbc ngo\u00e0i.<\/span><br><span style=\"color: #000000; font-size: 90%;\"> -&gt;&nbsp;<strong>8<\/strong>&nbsp;bu\u1ed5i h\u1ecdc C\u00e2u L\u1ea1c B\u1ed9 t\u1ed1i ch\u1ee7 nh\u1eadt h\u00e0ng tu\u1ea7n \u0111\u1ec3 n\u00e2ng cao v\u00e0 trau d\u1ed3i ki\u1ebfn th\u1ee9c.<\/span><\/p>\n<p><span style=\"color: #000000; font-size: 90%;\"><strong>\u25ba\u0110\u1ed0I T\u00c1C QU\u1ed0C T\u1ebe H\u1ed6 TR\u1ee2 GI\u1ea2NG D\u1ea0Y V\u00c0 TEST \u0110\u1ea6U RA CHO H\u1eccC VI\u00caN<\/strong><\/span><\/p>\n<p><img decoding=\"async\" loading=\"lazy\" class=\"size-medium wp-image-18918 aligncenter\" src=\"https:\/\/khachhang.webrt.vn\/phong\/ali\/wp-content\/uploads\/2020\/11\/Picture3-408x400.png\" alt=\"\" width=\"408\" height=\"400\" srcset=\"https:\/\/truonganhngu.mauthemewp.com\/wp-content\/uploads\/2020\/11\/Picture3-408x400.png 408w, https:\/\/truonganhngu.mauthemewp.com\/wp-content\/uploads\/2020\/11\/Picture3-768x752.png 768w, https:\/\/truonganhngu.mauthemewp.com\/wp-content\/uploads\/2020\/11\/Picture3-817x800.png 817w, https:\/\/truonganhngu.mauthemewp.com\/wp-content\/uploads\/2020\/11\/Picture3.png 975w\" sizes=\"(max-width: 408px) 100vw, 408px\" \/><\/p>\n<h2><span style=\"font-size: 80%;\"><strong><span style=\"color: #000000;\">\u25ba\u0110\u1ed8I NG\u0168 GI\u1ea2NG VI\u00caN<\/span><\/strong><\/span><\/h2>\n<p><span style=\"color: #000000;\">+ \u0110\u1ed9i ng\u0169 gi\u1ea3ng vi\u00ean gi\u00e0u kinh nghi\u1ec7m v\u00e0 c\u00f3 chuy\u00ean m\u00f4n cao v\u1edbi b\u1eb1ng TOEIC \u0111\u1ea1t t\u1ed1i thi\u1ec3u <strong><span style=\"font-size: 105%; color: #ed1c24;\">950+<\/span><\/strong> .<\/span><\/p>\n<p><span style=\"color: #282828;\">+ V\u1edbi <span style=\"color: #ed1c24;\">1 Gi\u1ea3ng Vi\u00ean, 2 Tr\u1ee3 Gi\u1ea3ng&nbsp;<\/span>v\u00e0 ch\u1ec9 <span style=\"color: #ed1c24;\">25 h\u1ecdc vi\u00ean\/l\u1edbp.<\/span> H\u1ecdc vi\u00ean s\u1ebd \u0111\u01b0\u1ee3c h\u1ed7 tr\u1ee3 s\u00e2u s\u00e1t.<\/span><\/p>\n<p><span style=\"color: #000000;\">+ Nhi\u1ec7t t\u00ecnh v\u00e0 theo d\u00f5i s\u00e1t sao c\u0169ng nh\u01b0 \u0111\u1ed3ng h\u00e0nh c\u00f9ng v\u1edbi b\u1ea1n trong v\u00e0 sau kh\u00f3a h\u1ecdc.<\/span><\/p>\n<p><img decoding=\"async\" loading=\"lazy\" class=\"size-medium wp-image-18235 aligncenter\" src=\"https:\/\/khachhang.webrt.vn\/phong\/ali\/wp-content\/uploads\/2020\/09\/IMG_1226-661x400.jpg\" alt=\"\" width=\"661\" height=\"400\" srcset=\"https:\/\/truonganhngu.mauthemewp.com\/wp-content\/uploads\/2020\/09\/IMG_1226-661x400.jpg 661w, https:\/\/truonganhngu.mauthemewp.com\/wp-content\/uploads\/2020\/09\/IMG_1226-768x465.jpg 768w, https:\/\/truonganhngu.mauthemewp.com\/wp-content\/uploads\/2020\/09\/IMG_1226-1322x800.jpg 1322w, https:\/\/truonganhngu.mauthemewp.com\/wp-content\/uploads\/2020\/09\/IMG_1226.jpg 1932w\" sizes=\"(max-width: 661px) 100vw, 661px\" \/><\/p>\n<p><\/p>\n<p style=\"text-align: justify;\"><span style=\"color: #000000; font-size: 90%;\"><strong><span style=\"color: #000000;\"><span class=\"_3gl1 _5zz4\" data-offset-key=\"168f4-0-0\"><span class=\"_ncl\">?<\/span><\/span><span data-offset-key=\"168f4-1-0\">&nbsp;<\/span>PH\u1ea6N QU\u00c0 <span style=\"color: #ed1c24; font-size: 20px;\">2<\/span><\/span><span style=\"color: #ed1c24; font-size: 20px;\">.000.000\u0111<\/span><span style=\"color: #000000;\"> KHI \u0110\u0102NG K\u00dd THEO L\u1ed8 TR\u00ccNH TRONG TH\u00c1NG 3:<\/span><\/strong><br><span style=\"color: #000000; font-size: 14px;\">? T\u1eb7ng 01 th\u1ebb tham gia C\u00e2u L\u1ea1c B\u1ed9 t\u1ed1i ch\u1ee7 nh\u1eadt h\u00e0ng tu\u1ea7n 12 th\u00e1ng&nbsp;tr\u1ecb gi\u00e1 1.200K<\/span><br><span style=\"color: #000000; font-size: 14px;\"> ?&nbsp;T\u1eb7ng 01 B\u1ed9 DVD ph\u00e1t \u00e2m chu\u1ea9n American Accent &#8211; Paul Gruber 500K<\/span><br><span style=\"color: #000000; font-size: 14px;\"> ? T\u1eb7ng 01 B\u1ed9 gi\u00e1o tr\u00ecnh tr\u1ecb gi\u00e1 300K<br><\/span><\/span><span style=\"color: #000000; font-size: 90%;\"><strong>-&gt; GI\u1ea2M TI\u1ebeP NGAY:<br><\/strong>&#8211;&nbsp;<strong>150K\/nh\u00f3m<\/strong>&nbsp;n\u1ebfu \u0111\u0103ng k\u00fd theo nh\u00f3m 3 ng\u01b0\u1eddi.<\/span><br><span style=\"color: #000000; font-size: 90%;\"> &#8211;&nbsp;<strong>300K\/nh\u00f3m<\/strong>&nbsp;n\u1ebfu \u0111\u0103ng k\u00fd theo nh\u00f3m 4 ng\u01b0\u1eddi.<\/span><br><span style=\"color: #000000; font-size: 90%;\"> &#8211;&nbsp;<strong>500K\/nh\u00f3m&nbsp;<\/strong>n\u1ebfu \u0111\u0103ng k\u00fd theo nh\u00f3m 5 ng\u01b0\u1eddi tr\u1edf l\u00ean.<\/span><\/p>\n<p style=\"text-align: justify;\"><span style=\"color: #000000; font-size: 90%;\"><strong>\u25ba C\u00c1CH HO\u00c0N TH\u00c0NH H\u1eccC PH\u00cd:<br><\/strong><\/span><span style=\"color: #000000; font-size: 90%;\"><strong>1: Tr\u1ef1c ti\u1ebfp:<br><\/strong><span style=\"color: #282828;\">C\u00e1c b\u1ea1n c\u00f3 th\u1ec3 qua v\u0103n ph\u00f2ng c\u1ee7a ALIBABA t\u1ea1i t\u1ea7ng&nbsp;<strong>5 s\u1ed1 186 \u0111\u01b0\u1eddng Gi\u1ea3i Ph\u00f3ng<\/strong>&nbsp;ho\u1eb7c s\u1ed1 <strong>1 Ng\u00f5 243 Tr\u1ea7n Qu\u1ed1c Ho\u00e0n<\/strong>&nbsp;<strong>&#8211; C\u1ea7u Gi\u1ea5y<\/strong> \u0111\u1ec3 gi\u1eef ch\u1ed7 v\u00e0 \u0111\u01b0\u1ee3c t\u01b0 v\u1ea5n mi\u1ec5n ph\u00ed.<\/span><br><\/span><span style=\"color: #000000;\"><strong>2: Chuy\u1ec3n Kho\u1ea3n:<br><\/strong><\/span><span style=\"color: #000000;\">T\u00ean Ch\u1ee7 TK:<strong>&nbsp;DINH THI LY<\/strong>&nbsp;\u2013 NG\u00c2N H\u00c0NG <strong>TP BANK<\/strong><\/span><br><span style=\"color: #000000;\">STK: 03142609001&nbsp; \u2013 Chi nh\u00e1nh H\u00e0 N\u1ed9i<\/span><br><span style=\"color: #000000;\">N\u1ed9i dung Chuy\u1ec3n Kho\u1ea3n: <strong>T\u00caN + L\u1edaP + S\u0110T<\/strong><\/span><br><span style=\"color: #000000;\"><strong>\u2014\u2014\u2014\u2014\u2014\u2014\u2013<\/strong><\/span><\/p>\n<p><span style=\"color: #000000; font-size: 90%;\">\u25ba<strong>LI\u00caN H\u1ec6 V\u1edaI CH\u00daNG T\u00d4I:<\/strong><\/span><br><span style=\"color: #000000; font-size: 90%;\"> Hotline<strong>: 02422391999&nbsp;<\/strong>t\u1eeb&nbsp;<strong>8h00 \u0111\u1ebfn 21h00 th\u1ee9 2 -&gt; th\u1ee9 7&nbsp;<\/strong>h\u00e0ng tu\u1ea7n<\/span><\/p>\n<p style=\"text-align: justify;\"><span style=\"font-size: 90%; color: #0000ff;\"><strong>&gt;&gt;&gt;<a style=\"color: #0000ff;\" href=\"https:\/\/www.facebook.com\/groups\/AlibabaEnglishClub\/\"> Tham Gia c\u1ed9ng \u0111\u1ed3ng ALIBABA v\u1edbi 60 ngh\u00ecn th\u00e0nh vi\u00ean tr\u00ean FACEBOOK&nbsp; \u0111\u1ec3 nh\u1eadn nh\u1eefng ngu\u1ed3n t\u00e0i li\u1ec7u ti\u1ebfng Anh h\u1eefu \u00edch nh\u00e9 !<\/a><\/strong><\/span><\/p>\n<p><span style=\"font-size: 90%;\"><span style=\"color: #000000;\"><strong>\u2014\u2014\u2014\u2014\u2014\u2014\u2013<br><\/strong><\/span><span style=\"color: #000000;\"><strong>H\u1ec6 TH\u1ed0NG C\u01a0 S\u1ede ALIBABA:<br>CS1: S\u1ed1 186 Gi\u1ea3i Ph\u00f3ng, Thanh Xu\u00e2n, H\u00e0 N\u1ed9i.<br>CS2: S\u1ed1 1 ng\u00f5 243 Tr\u1ea7n Qu\u1ed1c Ho\u00e0n, C\u1ea7u Gi\u1ea5y.<br>CS3: S\u1ed1 51 Nguy\u1ec5n Tr\u00e3i, Gi\u1ea3i Ph\u00f3ng, H\u00e0 N\u1ed9i.<br>CS4: S\u1ed1 19 \u2013 21 &nbsp;\u0110\u01b0\u1eddng V\u1ea1n An, Th\u00e0nh Ph\u1ed1 Vinh, Ngh\u1ec7 An.<br>Cs5: S\u1ed1 471 Tr\u1ea7n H\u01b0ng \u0110\u1ea1o \u2013 Th\u00e1i Ho\u00e0 \u2013 Ngh\u1ec7 An.<br>Cs6: S\u1ed1 177 B\u1ea1ch \u0110\u1eb1ng, qu\u1eadn B\u00ecnh Th\u1ea1nh, TP HCM.<br>Cs7: S\u1ed1 34 ng\u00f5 6B Nguy\u1ec5n Khuy\u1ebfn, H\u00e0 \u0110\u00f4ng, H\u00e0 N\u1ed9i.<br>CS8: S\u1ed1 1, ng\u00e1ch 28\/5, D\u01b0\u01a1ng Khu\u00ea, H\u00e0 N\u1ed9i.<\/strong><\/span><br><\/span><\/p>\n<p><\/p>\n\n\n<iframe src=\"https:\/\/alibaba.eduto.net\/pages\/registers\/dang-ki-khoa-hoc-basic-communication?page_type=iframe\" style=\"width:100%!important;height:800px!important;border: none!important;\" title=\"\u0110\u0103ng k\u00ed kh\u00f3a h\u1ecdc Basic Communication\">\n<\/iframe>\n","protected":false},"excerpt":{"rendered":"<p>H\u1eccC VI\u1ec6N ANH NG\u1eee V\u1ec0 \u0110\u00c0O T\u1ea0O K\u1ef8 N\u0102NG V\u00c0 TI\u1ebeNG ANH GIAO TI\u1ebeP CHO SINH VI\u00caN ! H\u1eccC VI\u1ec6N ANH NG\u1eee V\u1ec0\u0110\u00c0O T\u1ea0O K\u1ef8 N\u0102NG V\u00c0 TI\u1ebeNG ANH GIAO TI\u1ebeP CHO SINH VI\u00caN ! VTV1 N\u00d3I G\u00cc V\u1ec0 ALIBABA \u25ba GIAI \u0110O\u1ea0N 1:&nbsp;BASIC COMMUNICATION!&nbsp;\u25ba H\u1eccC PH\u00cd G\u1ed0C: 2.000.000 \u0110 -&gt; B\u1ea1n \u0111\u00e3 n\u00f3i \u0111\u01b0\u1ee3c [&#8230;]\n","protected":false},"author":2,"featured_media":8224,"parent":0,"menu_order":0,"comment_status":"closed","ping_status":"closed","template":"page-right-sidebar.php","meta":[],"yst_prominent_words":[],"_links":{"self":[{"href":"https:\/\/truonganhngu.mauthemewp.com\/index.php?rest_route=\/wp\/v2\/pages\/8242"}],"collection":[{"href":"https:\/\/truonganhngu.mauthemewp.com\/index.php?rest_route=\/wp\/v2\/pages"}],"about":[{"href":"https:\/\/truonganhngu.mauthemewp.com\/index.php?rest_route=\/wp\/v2\/types\/page"}],"author":[{"embeddable":true,"href":"https:\/\/truonganhngu.mauthemewp.com\/index.php?rest_route=\/wp\/v2\/users\/2"}],"replies":[{"embeddable":true,"href":"https:\/\/truonganhngu.mauthemewp.com\/index.php?rest_route=%2Fwp%2Fv2%2Fcomments&post=8242"}],"version-history":[{"count":27,"href":"https:\/\/truonganhngu.mauthemewp.com\/index.php?rest_route=\/wp\/v2\/pages\/8242\/revisions"}],"predecessor-version":[{"id":21283,"href":"https:\/\/truonganhngu.mauthemewp.com\/index.php?rest_route=\/wp\/v2\/pages\/8242\/revisions\/21283"}],"wp:featuredmedia":[{"embeddable":true,"href":"https:\/\/truonganhngu.mauthemewp.com\/index.php?rest_route=\/"}],"wp:attachment":[{"href":"https:\/\/truonganhngu.mauthemewp.com\/index.php?rest_route=%2Fwp%2Fv2%2Fmedia&parent=8242"}],"wp:term":[{"taxonomy":"yst_prominent_words","embeddable":true,"href":"https:\/\/truonganhngu.mauthemewp.com\/index.php?rest_route=%2Fwp%2Fv2%2Fyst_prominent_words&post=8242"}],"curies":[{"name":"wp","href":"https:\/\/api.w.org\/{rel}","templated":true}]}}