{"id":21590,"date":"2021-04-12T09:27:27","date_gmt":"2021-04-12T02:27:27","guid":{"rendered":"http:\/\/kho1.khomaudeprt.com\/aliba\/?page_id=21590"},"modified":"2023-07-09T01:39:51","modified_gmt":"2023-07-08T18:39:51","slug":"ly-do-chon-chung-toi","status":"publish","type":"page","link":"https:\/\/truonganhngu.mauthemewp.com\/?page_id=21590","title":{"rendered":"L\u00fd do ch\u1ecdn ch\u00fang t\u00f4i"},"content":{"rendered":"<div class=\"row rt_ly_do\"  id=\"row-379059387\">\n<div class=\"col small-12 large-12\"  ><div class=\"col-inner\"  >\n<h2>TRUNG T\u00c2M TI\u1ebeNG ANH QU\u1ed0C T\u1ebe H\u00c0NG \u0110\u1ea6U CHUY\u00caN GI\u1ea2NG D\u1ea0Y CH\u01af\u01a0NG TR\u00ccNH ANH NG\u1eee H\u1eccC THU\u1eacT<\/h2>\n<p>L\u00e0 nh\u00e0 ti\u00ean phong v\u1edbi h\u01a1n 15 n\u0103m kinh nghi\u1ec7m \u0111\u00e0o t\u1ea1o \u0111\u1ed9c quy\u1ec1n Anh ng\u1eef H\u1ecdc thu\u1eadt theo ti\u00eau chu\u1ea9n c\u1ee7a \u00dac t\u1ea1i Vi\u1ec7t Nam, ACET l\u00e0 Trung t\u00e2m ti\u1ebfng Anh qu\u1ed1c t\u1ebf h\u00e0ng \u0111\u1ea7u chuy\u00ean gi\u1ea3ng d\u1ea1y ch\u01b0\u01a1ng tr\u00ecnh Anh ng\u1eef H\u1ecdc thu\u1eadt v\u00e0 Luy\u1ec7n thi IELTS \u0111\u1ec3 chu\u1ea9n b\u1ecb n\u1ec1n t\u1ea3ng ng\u00f4n ng\u1eef cho vi\u1ec7c du h\u1ecdc v\u00e0 k\u1ef9 n\u0103ng h\u1ecdc t\u1eadp trong m\u00f4i tr\u01b0\u1eddng \u0111\u1ea1i h\u1ecdc qu\u1ed1c t\u1ebf. ACET c\u0169ng cung c\u1ea5p c\u00e1c kh\u00f3a k\u1ef9 n\u0103ng Ti\u1ebfng Anh H\u1ecdc thu\u1eadt chuy\u00ean bi\u1ec7t v\u00e0 Ti\u1ebfng Anh H\u1ecdc thu\u1eadt d\u00e0nh cho h\u1ecdc sinh THCS.<\/p>\n\n     <div class=\"news-widget-sidebar-widget11\">\n                  <div class=\"news-item-sidebar-clear\">\n                <div class=\"boxx__innner\">\n                   <div class=\"news-thumb\">\n                        <a href=\"https:\/\/truonganhngu.mauthemewp.com\/?p=10334\">\n                            <img width=\"696\" height=\"365\" src=\"https:\/\/truonganhngu.mauthemewp.com\/wp-content\/uploads\/2019\/04\/top-13-trung-tam-tieng-anh-giao-tiep-uy-tin-tai-ha-noi-alibaba-1.png\" class=\"attachment-large size-large wp-post-image\" alt=\"\" decoding=\"async\" loading=\"lazy\" title=\"Top 13 Trung T\u00e2m Ti\u1ebfng Anh Giao Ti\u1ebfp Uy T\u00edn T\u1ea1i H\u00e0 N\u1ed9i\" \/>               \n                        <\/a>\n                        <div class=\"date\">\n                              <p>21<\/p>\n                              <p>Th4<\/p>\n                        <\/div>           \n                    <\/div>\n                    <div class=\"box__slider\">\n                       <h4><a class=\"news-title\" href=\"https:\/\/truonganhngu.mauthemewp.com\/?p=10334\">Top 13 Trung T\u00e2m Ti\u1ebfng Anh Giao Ti\u1ebfp Uy T\u00edn T\u1ea1i H\u00e0 N\u1ed9i<\/a><\/h4>\n                       <div><p>Hi\u1ec7n nay, c\u00e1c trung t\u00e2m ti\u1ebfng Anh tr\u1edf th\u00e0nh m\u1ed9t ph\u1ea7n kh\u00f4ng th\u1ec3 thi\u1ebfu khi th\u1eddi bu\u1ed5i kinh t\u1ebf m\u1edf c\u1eeda, tr\u01b0\u1eddng n\u00e0o, ng\u00e0nh ngh\u1ec1 n\u00e0o c\u0169ng y\u00eau c\u1ea7u b\u1eb1ng ti\u1ebfng Anh qu\u1ed1c t\u1ebf. Nhu c\u1ea7u h\u1ecdc ti\u1ebfng Anh n\u1ed5 ra, c\u00e1c trung t\u00e2m ti\u1ebfng Anh c\u0169ng m\u1ecdc l\u00ean nh\u01b0 n\u1ea5m g\u00e2y b\u1ed1i r\u1ed1i cho [&#8230;]\n<\/div>\n                       <a href=\"https:\/\/truonganhngu.mauthemewp.com\/?p=10334\" class=\"view\">\u0110\u1ecdc th\u00eam<\/a>\n                    <\/div>\n                <\/div>\n                     \n              <\/div>\n                          <div class=\"news-item-sidebar-clear\">\n                <div class=\"boxx__innner\">\n                   <div class=\"news-thumb\">\n                        <a href=\"https:\/\/truonganhngu.mauthemewp.com\/?p=10224\">\n                            <img width=\"993\" height=\"576\" src=\"https:\/\/truonganhngu.mauthemewp.com\/wp-content\/uploads\/2019\/04\/N\u1ec0N-WEB.png\" class=\"attachment-large size-large wp-post-image\" alt=\"\" decoding=\"async\" loading=\"lazy\" title=\"H\u1ecdc ti\u1ebfng Anh \u1edf Alibaba c\u00f3 t\u1ed1t kh\u00f4ng?\" srcset=\"https:\/\/truonganhngu.mauthemewp.com\/wp-content\/uploads\/2019\/04\/N\u1ec0N-WEB.png 993w, https:\/\/truonganhngu.mauthemewp.com\/wp-content\/uploads\/2019\/04\/N\u1ec0N-WEB-690x400.png 690w, https:\/\/truonganhngu.mauthemewp.com\/wp-content\/uploads\/2019\/04\/N\u1ec0N-WEB-768x445.png 768w\" sizes=\"(max-width: 993px) 100vw, 993px\" \/>               \n                        <\/a>\n                        <div class=\"date\">\n                              <p>13<\/p>\n                              <p>Th4<\/p>\n                        <\/div>           \n                    <\/div>\n                    <div class=\"box__slider\">\n                       <h4><a class=\"news-title\" href=\"https:\/\/truonganhngu.mauthemewp.com\/?p=10224\">H\u1ecdc ti\u1ebfng Anh \u1edf Alibaba c\u00f3 t\u1ed1t kh\u00f4ng?<\/a><\/h4>\n                       <div><p>I. N\u00ean h\u1ecdc ti\u1ebfng Anh giao ti\u1ebfp \u1edf \u0111\u00e2u? Alibaba English Center t\u1ef1 tin l\u00e0 h\u1ecdc vi\u1ec7n Anh ng\u1eef \u0111\u00e0o t\u1ea1o k\u0129 n\u0103ng m\u1ec1m v\u00e0 ti\u1ebfng Anh giao ti\u1ebfp h\u00e0ng \u0111\u1ea7u t\u1ea1i trung t\u00e2m H\u00e0 N\u1ed9i. V\u1edbi 20,000 l\u01b0\u1ee3t h\u1ecdc vi\u00ean m\u1ed7i n\u0103m l\u00e0 con s\u1ed1 \u1ea5n t\u01b0\u1ee3ng ch\u1ee9ng t\u1ecf s\u1ef1 tin t\u01b0\u1edfng c\u1ee7a c\u00e1c [&#8230;]\n<\/div>\n                       <a href=\"https:\/\/truonganhngu.mauthemewp.com\/?p=10224\" class=\"view\">\u0110\u1ecdc th\u00eam<\/a>\n                    <\/div>\n                <\/div>\n                     \n              <\/div>\n                          <div class=\"news-item-sidebar-clear\">\n                <div class=\"boxx__innner\">\n                   <div class=\"news-thumb\">\n                        <a href=\"https:\/\/truonganhngu.mauthemewp.com\/?p=9663\">\n                            <img width=\"960\" height=\"503\" src=\"https:\/\/truonganhngu.mauthemewp.com\/wp-content\/uploads\/2019\/03\/54278794_2321199161468368_3105308084252180480_n.jpg\" class=\"attachment-large size-large wp-post-image\" alt=\"\" decoding=\"async\" loading=\"lazy\" title=\"L\u1ec5 ra m\u1eaft kh\u00f3a h\u1ecdc Toeic v\u00e0 th\u01b0\u01a1ng hi\u1ec7u Alitic\" srcset=\"https:\/\/truonganhngu.mauthemewp.com\/wp-content\/uploads\/2019\/03\/54278794_2321199161468368_3105308084252180480_n.jpg 960w, https:\/\/truonganhngu.mauthemewp.com\/wp-content\/uploads\/2019\/03\/54278794_2321199161468368_3105308084252180480_n-763x400.jpg 763w, https:\/\/truonganhngu.mauthemewp.com\/wp-content\/uploads\/2019\/03\/54278794_2321199161468368_3105308084252180480_n-768x402.jpg 768w\" sizes=\"(max-width: 960px) 100vw, 960px\" \/>               \n                        <\/a>\n                        <div class=\"date\">\n                              <p>22<\/p>\n                              <p>Th3<\/p>\n                        <\/div>           \n                    <\/div>\n                    <div class=\"box__slider\">\n                       <h4><a class=\"news-title\" href=\"https:\/\/truonganhngu.mauthemewp.com\/?p=9663\">L\u1ec5 ra m\u1eaft kh\u00f3a h\u1ecdc Toeic v\u00e0 th\u01b0\u01a1ng hi\u1ec7u Alitic<\/a><\/h4>\n                       <div><p>\u01afU \u0110\u00c3I C\u1ef0C L\u1edaN TRONG NG\u00c0Y L\u1ec4 RA M\u1eaeT KH\u00d3A H\u1eccC TOEIC V\u00c0 TH\u01af\u01a0NG HI\u1ec6U ALITIC [wpcdt-countdown id=&#8221;9665&#8243;] \u0110\u1ecba \u0111i\u1ec3m t\u1ea7ng 1, s\u1ed1 186 Alibaba English Center v\u00e0o l\u00fac 14h00 ng\u00e0y 24\/3\/2019 I. M\u1ee5c ti\u00eau kh\u00f3a h\u1ecdc TOEIC h\u01b0\u1edbng \u0111\u1ebfn Kh\u00f3a luy\u1ec7n thi TOEIC \u0111\u01b0\u1ee3c thi\u1ebft k\u1ebf nh\u1eb1m ph\u00e1t tri\u1ec3n kh\u1ea3 n\u0103ng ti\u1ebfng Anh m\u1ed9t [&#8230;]\n<\/div>\n                       <a href=\"https:\/\/truonganhngu.mauthemewp.com\/?p=9663\" class=\"view\">\u0110\u1ecdc th\u00eam<\/a>\n                    <\/div>\n                <\/div>\n                     \n              <\/div>\n                          <div class=\"news-item-sidebar-clear\">\n                <div class=\"boxx__innner\">\n                   <div class=\"news-thumb\">\n                        <a href=\"https:\/\/truonganhngu.mauthemewp.com\/?p=8929\">\n                            <img width=\"960\" height=\"640\" src=\"https:\/\/truonganhngu.mauthemewp.com\/wp-content\/uploads\/2018\/09\/39173275_1637782143016634_5896093334006398976_n.jpg\" class=\"attachment-large size-large wp-post-image\" alt=\"\" decoding=\"async\" loading=\"lazy\" title=\"T\u00e1n \u0111\u1ed5 T\u00e2y KH\u00d3A H\u1eccC TI\u1ebeNG ANH GIAO TI\u1ebeP GI\u00c1 R\u1eba ch\u01b0a \u0111\u1ebfn 1 tri\u1ec7u\" srcset=\"https:\/\/truonganhngu.mauthemewp.com\/wp-content\/uploads\/2018\/09\/39173275_1637782143016634_5896093334006398976_n.jpg 960w, https:\/\/truonganhngu.mauthemewp.com\/wp-content\/uploads\/2018\/09\/39173275_1637782143016634_5896093334006398976_n-600x400.jpg 600w, https:\/\/truonganhngu.mauthemewp.com\/wp-content\/uploads\/2018\/09\/39173275_1637782143016634_5896093334006398976_n-768x512.jpg 768w, https:\/\/truonganhngu.mauthemewp.com\/wp-content\/uploads\/2018\/09\/39173275_1637782143016634_5896093334006398976_n-272x182.jpg 272w\" sizes=\"(max-width: 960px) 100vw, 960px\" \/>               \n                        <\/a>\n                        <div class=\"date\">\n                              <p>06<\/p>\n                              <p>Th9<\/p>\n                        <\/div>           \n                    <\/div>\n                    <div class=\"box__slider\">\n                       <h4><a class=\"news-title\" href=\"https:\/\/truonganhngu.mauthemewp.com\/?p=8929\">T\u00e1n \u0111\u1ed5 T\u00e2y KH\u00d3A H\u1eccC TI\u1ebeNG ANH GIAO TI\u1ebeP GI\u00c1 R\u1eba ch\u01b0a \u0111\u1ebfn 1 tri\u1ec7u<\/a><\/h4>\n                       <div><p>Qu\u1ef3nh Hoa h\u1ecdc l\u1edbp A82. Trong m\u1ed9t l\u1ea7n l\u00e0m b\u00e0i t\u1eadp ph\u1ea3i \u0111i s\u0103n T\u00e2y \u1edf H\u1ed3 G\u01b0\u01a1m, Hoa \u0111\u00e3 t\u00ecnh c\u1edd g\u1eb7p ng\u01b0\u1eddi Ch\u1ed3ng t\u01b0\u01a1ng lai c\u1ee7a m\u00ecnh \u0111ang \u0111i d\u1ea1o. V\u1eady \u0111\u00f3, t\u00ecnh y\u00eau c\u1ee7a 2 ng\u01b0\u1eddi b\u1eaft \u0111\u1ea7u b\u1eb1ng t\u1eeb &#8220;EXCUSE ME&#8221; . Sau nhi\u1ec1u ch\u00f4ng gai, 2 ng\u01b0\u1eddi \u0111\u00e3 c\u00f3 m\u1ed9t [&#8230;]\n<\/div>\n                       <a href=\"https:\/\/truonganhngu.mauthemewp.com\/?p=8929\" class=\"view\">\u0110\u1ecdc th\u00eam<\/a>\n                    <\/div>\n                <\/div>\n                     \n              <\/div>\n                          <div class=\"news-item-sidebar-clear\">\n                <div class=\"boxx__innner\">\n                   <div class=\"news-thumb\">\n                        <a href=\"https:\/\/truonganhngu.mauthemewp.com\/?p=3699\">\n                            <img width=\"200\" height=\"200\" src=\"https:\/\/truonganhngu.mauthemewp.com\/wp-content\/uploads\/2019\/03\/ngoxuanthang.png\" class=\"attachment-large size-large wp-post-image\" alt=\"\" decoding=\"async\" loading=\"lazy\" title=\"B\u00e1o D\u00e2n Tr\u00ed &#8220;G\u1eb7p g\u1ee1 ch\u00e0ng doanh nh\u00e2n 9X v\u1edbi CLB ti\u1ebfng Anh l\u1edbn nh\u1ea5t H\u00e0 N\u1ed9i&#8221;\" \/>               \n                        <\/a>\n                        <div class=\"date\">\n                              <p>20<\/p>\n                              <p>Th1<\/p>\n                        <\/div>           \n                    <\/div>\n                    <div class=\"box__slider\">\n                       <h4><a class=\"news-title\" href=\"https:\/\/truonganhngu.mauthemewp.com\/?p=3699\">B\u00e1o D\u00e2n Tr\u00ed &#8220;G\u1eb7p g\u1ee1 ch\u00e0ng doanh nh\u00e2n 9X v\u1edbi CLB ti\u1ebfng Anh l\u1edbn nh\u1ea5t H\u00e0 N\u1ed9i&#8221;<\/a><\/h4>\n                       <div><p>\t\t\tC\u00f9ng Alibaba g\u1eb7p g\u1ee1 v\u1ecb CEO tr\u1ebb , kh\u00e1t v\u1ecdng v\u00e0 xem anh \u1ea5y chia s\u1ebb cho ch\u00fang ta nh\u1eefng b\u00e0i h\u1ecdc g\u00ec tr\u00ean con \u0111\u01b0\u1eddng chinh ph\u1ee5c th\u00e0nh c\u00f4ng nh\u00e9.\t\t\t<\/p>\n<\/div>\n                       <a href=\"https:\/\/truonganhngu.mauthemewp.com\/?p=3699\" class=\"view\">\u0110\u1ecdc th\u00eam<\/a>\n                    <\/div>\n                <\/div>\n                     \n              <\/div>\n                          <div class=\"news-item-sidebar-clear\">\n                <div class=\"boxx__innner\">\n                   <div class=\"news-thumb\">\n                        <a href=\"https:\/\/truonganhngu.mauthemewp.com\/?p=71\">\n                            <img width=\"960\" height=\"640\" src=\"https:\/\/truonganhngu.mauthemewp.com\/wp-content\/uploads\/2015\/10\/42147785_517325095400605_6579742339575578624_n.jpg\" class=\"attachment-large size-large wp-post-image\" alt=\"\" decoding=\"async\" loading=\"lazy\" title=\"B\u00e1o Tin T\u1ee9c Vi\u1ec7t Nam &#8220;9X th\u00e0nh c\u00f4ng v\u1edbi v\u1edbi m\u00f4 h\u00ecnh c\u00e2u l\u1ea1c b\u1ed9 ti\u1ebfng Anh&#8221;\" srcset=\"https:\/\/truonganhngu.mauthemewp.com\/wp-content\/uploads\/2015\/10\/42147785_517325095400605_6579742339575578624_n.jpg 960w, https:\/\/truonganhngu.mauthemewp.com\/wp-content\/uploads\/2015\/10\/42147785_517325095400605_6579742339575578624_n-600x400.jpg 600w, https:\/\/truonganhngu.mauthemewp.com\/wp-content\/uploads\/2015\/10\/42147785_517325095400605_6579742339575578624_n-768x512.jpg 768w, https:\/\/truonganhngu.mauthemewp.com\/wp-content\/uploads\/2015\/10\/42147785_517325095400605_6579742339575578624_n-272x182.jpg 272w\" sizes=\"(max-width: 960px) 100vw, 960px\" \/>               \n                        <\/a>\n                        <div class=\"date\">\n                              <p>20<\/p>\n                              <p>Th10<\/p>\n                        <\/div>           \n                    <\/div>\n                    <div class=\"box__slider\">\n                       <h4><a class=\"news-title\" href=\"https:\/\/truonganhngu.mauthemewp.com\/?p=71\">B\u00e1o Tin T\u1ee9c Vi\u1ec7t Nam &#8220;9X th\u00e0nh c\u00f4ng v\u1edbi v\u1edbi m\u00f4 h\u00ecnh c\u00e2u l\u1ea1c b\u1ed9 ti\u1ebfng Anh&#8221;<\/a><\/h4>\n                       <div><p>\u201cM\u1ed7i l\u1ea7n ngh\u0129 \u0111\u1ebfn gi\u1ecdt m\u1ed3 h\u00f4i th\u1ea5m \u0111\u1eabm tr\u00ean tr\u00e1n c\u1ee7a m\u1eb9, \u0111\u00f4i b\u00e0n tay chai s\u1ea1n c\u1ee7a ba t\u1ea7n t\u1ea3o nu\u00f4i m\u1ea5y anh em \u0103n h\u1ecdc, t\u00f4i l\u1ea1i t\u1ef1 \u0111\u1ed9ng vi\u00ean b\u1ea3n th\u00e2n m\u00ecnh, nh\u1ea5t \u0111\u1ecbnh ph\u1ea3i kh\u1edfi nghi\u1ec7p, nh\u1ea5t \u0111\u1ecbnh ph\u1ea3i th\u00e0nh c\u00f4ng\u201d, Th\u1eafng x\u00fac \u0111\u1ed9ng chia s\u1ebb. L\u1edbp h\u1ecdc Th\u1eafng gi\u1ea3ng [&#8230;]\n<\/div>\n                       <a href=\"https:\/\/truonganhngu.mauthemewp.com\/?p=71\" class=\"view\">\u0110\u1ecdc th\u00eam<\/a>\n                    <\/div>\n                <\/div>\n                     \n              <\/div>\n            \t<\/div>\n  <div class=\"view_new\">\n      <a href=\"https:\/\/truonganhngu.mauthemewp.com\/?cat=69\">\n        Xem t\u1ea5t c\u1ea3\n      <\/a>\n  <\/div>\n\n<h2 class=\"hds\">Ch\u01b0\u01a1ng tr\u00ecnh &amp; l\u1ed9 tr\u00ecnh<\/h2>\n\t<div class=\"img has-hover x md-x lg-x y md-y lg-y\" id=\"image_1312346955\">\r\n\t\t\t\t\t\t\t\t<div class=\"img-inner dark\" >\r\n\t\t\t<img width=\"1272\" height=\"747\" src=\"https:\/\/truonganhngu.mauthemewp.com\/wp-content\/uploads\/2021\/04\/lydo.png\" class=\"attachment-original size-original\" alt=\"\" decoding=\"async\" loading=\"lazy\" srcset=\"https:\/\/truonganhngu.mauthemewp.com\/wp-content\/uploads\/2021\/04\/lydo.png 1272w, https:\/\/truonganhngu.mauthemewp.com\/wp-content\/uploads\/2021\/04\/lydo-681x400.png 681w, https:\/\/truonganhngu.mauthemewp.com\/wp-content\/uploads\/2021\/04\/lydo-768x451.png 768w\" sizes=\"(max-width: 1272px) 100vw, 1272px\" \/>\t\t\t\t\t\t\r\n\t\t\t\t\t<\/div>\r\n\t\t\t\t\t\t\t\t\n<style scope=\"scope\">\n\n#image_1312346955 {\n  width: 100%;\n}\n<\/style>\n\t<\/div>\r\n\t\n<\/div><\/div>\n\n<style scope=\"scope\">\n\n<\/style>\n<\/div>\n\t<section class=\"section rt05\" id=\"section_468089151\">\r\n\t\t<div class=\"bg section-bg fill bg-fill  bg-loaded\" >\r\n\r\n\t\t\t\r\n\t\t\t\r\n\t\t\t\r\n\r\n\t\t<\/div><!-- .section-bg -->\r\n\r\n\t\t<div class=\"section-content relative\">\r\n\t\t\t\n<div class=\"row\"  id=\"row-1763875645\">\n<div class=\"col medium-7 small-12 large-7\"  ><div class=\"col-inner\"  >\n\t<div class=\"img has-hover x md-x lg-x y md-y lg-y\" id=\"image_1536207549\">\r\n\t\t\t\t\t\t\t\t<div class=\"img-inner dark\" >\r\n\t\t\t<img width=\"734\" height=\"678\" src=\"https:\/\/truonganhngu.mauthemewp.com\/wp-content\/uploads\/2023\/07\/a2.png\" class=\"attachment-original size-original\" alt=\"\" decoding=\"async\" loading=\"lazy\" srcset=\"https:\/\/truonganhngu.mauthemewp.com\/wp-content\/uploads\/2023\/07\/a2.png 734w, https:\/\/truonganhngu.mauthemewp.com\/wp-content\/uploads\/2023\/07\/a2-433x400.png 433w\" sizes=\"(max-width: 734px) 100vw, 734px\" \/>\t\t\t\t\t\t\r\n\t\t\t\t\t<\/div>\r\n\t\t\t\t\t\t\t\t\n<style scope=\"scope\">\n\n#image_1536207549 {\n  width: 100%;\n}\n<\/style>\n\t<\/div>\r\n\t\n<\/div><\/div>\n<div class=\"col medium-5 small-12 large-5\"  ><div class=\"col-inner\"  >\n\n<div class=\"wpcf7 no-js\" id=\"wpcf7-f21512-o1\" lang=\"vi\" dir=\"ltr\">\n<div class=\"screen-reader-response\"><p role=\"status\" aria-live=\"polite\" aria-atomic=\"true\"><\/p> <ul><\/ul><\/div>\n<form action=\"\/index.php?rest_route=%2Fwp%2Fv2%2Fpages%2F21590#wpcf7-f21512-o1\" method=\"post\" class=\"wpcf7-form init\" aria-label=\"Form li\u00ean h\u1ec7\" novalidate=\"novalidate\" data-status=\"init\">\n<div style=\"display: none;\">\n<input type=\"hidden\" name=\"_wpcf7\" value=\"21512\" \/>\n<input type=\"hidden\" name=\"_wpcf7_version\" value=\"5.7.7\" \/>\n<input type=\"hidden\" name=\"_wpcf7_locale\" value=\"vi\" \/>\n<input type=\"hidden\" name=\"_wpcf7_unit_tag\" value=\"wpcf7-f21512-o1\" \/>\n<input type=\"hidden\" name=\"_wpcf7_container_post\" value=\"0\" \/>\n<input type=\"hidden\" name=\"_wpcf7_posted_data_hash\" value=\"\" \/>\n<\/div>\n<div class=\"dk_tv_home\">\n\t<h2>\u0110\u0103ng K\u00fd T\u01b0 V\u1ea5n\n\t<\/h2>\n\t<p>\u0110\u0103ng k\u00fd t\u01b0 v\u1ea5n ngay h\u00f4m nay \u0111\u1ec3 nh\u1eadn nhi\u1ec1u \u01b0u \u0111\u00e3i\n\t<\/p>\n\t<p class=\"p\">C\u00d4NG TY TNHH ALIBABA ENGLISH VI\u1ec6T NAM\n\t<\/p>\n\t<p><span class=\"wpcf7-form-control-wrap\" data-name=\"text-227\"><input size=\"40\" class=\"wpcf7-form-control wpcf7-text wpcf7-validates-as-required\" aria-required=\"true\" aria-invalid=\"false\" placeholder=\"H\u1ecd v\u00e0 t\u00ean\" value=\"\" type=\"text\" name=\"text-227\" \/><\/span><span class=\"wpcf7-form-control-wrap\" data-name=\"text-228\"><input size=\"40\" class=\"wpcf7-form-control wpcf7-text wpcf7-validates-as-required\" aria-required=\"true\" aria-invalid=\"false\" placeholder=\"Tu\u1ed5i (H\u1ed7 tr\u1ee3 t\u01b0 v\u1ea5n l\u1ed9 tr\u00ecnh h\u1ecdc)\" value=\"\" type=\"text\" name=\"text-228\" \/><\/span><span class=\"wpcf7-form-control-wrap\" data-name=\"tel-581\"><input size=\"40\" class=\"wpcf7-form-control wpcf7-text wpcf7-tel wpcf7-validates-as-required wpcf7-validates-as-tel\" aria-required=\"true\" aria-invalid=\"false\" placeholder=\"\u0110i\u1ec7n tho\u1ea1i\" value=\"\" type=\"tel\" name=\"tel-581\" \/><\/span><span class=\"wpcf7-form-control-wrap\" data-name=\"email-925\"><input size=\"40\" class=\"wpcf7-form-control wpcf7-text wpcf7-email wpcf7-validates-as-required wpcf7-validates-as-email\" aria-required=\"true\" aria-invalid=\"false\" placeholder=\"Email\" value=\"\" type=\"email\" name=\"email-925\" \/><\/span><span class=\"wpcf7-form-control-wrap\" data-name=\"menu-272\"><select class=\"wpcf7-form-control wpcf7-select\" aria-invalid=\"false\" name=\"menu-272\"><option value=\"Khu v\u1ef1c\">Khu v\u1ef1c<\/option><option value=\"H\u00e0 N\u1ed9i\">H\u00e0 N\u1ed9i<\/option><option value=\"Tp.HCM\">Tp.HCM<\/option><\/select><\/span><span class=\"wpcf7-form-control-wrap\" data-name=\"checkbox-649\"><span class=\"wpcf7-form-control wpcf7-checkbox\"><span class=\"wpcf7-list-item first last\"><label><input type=\"checkbox\" name=\"checkbox-649[]\" value=\"T\u00f4i \u0111\u1ed3ng \u00fd nh\u1eadn th\u00eam th\u00f4ng tin v\u1ec1 du h\u1ecdc, h\u1ecdc b\u1ed5ng v\u00e0 IELTS t\u1eeb ALIBABAENGLISH\" \/><span class=\"wpcf7-list-item-label\">T\u00f4i \u0111\u1ed3ng \u00fd nh\u1eadn th\u00eam th\u00f4ng tin v\u1ec1 du h\u1ecdc, h\u1ecdc b\u1ed5ng v\u00e0 IELTS t\u1eeb ALIBABAENGLISH<\/span><\/label><\/span><\/span><\/span><input class=\"wpcf7-form-control has-spinner wpcf7-submit\" type=\"submit\" value=\"\u0110\u0103ng k\u00fd ngay\" \/>\n\t<\/p>\n<\/div><div class=\"wpcf7-response-output\" aria-hidden=\"true\"><\/div>\n<\/form>\n<\/div>\n\n<\/div><\/div>\n<\/div>\n\t\t<\/div><!-- .section-content -->\r\n\r\n\t\t\n<style scope=\"scope\">\n\n#section_468089151 {\n  padding-top: 30px;\n  padding-bottom: 30px;\n}\n<\/style>\n\t<\/section>\r\n\t\n","protected":false},"excerpt":{"rendered":"","protected":false},"author":1,"featured_media":0,"parent":0,"menu_order":0,"comment_status":"closed","ping_status":"closed","template":"page-blank.php","meta":[],"yst_prominent_words":[],"_links":{"self":[{"href":"https:\/\/truonganhngu.mauthemewp.com\/index.php?rest_route=\/wp\/v2\/pages\/21590"}],"collection":[{"href":"https:\/\/truonganhngu.mauthemewp.com\/index.php?rest_route=\/wp\/v2\/pages"}],"about":[{"href":"https:\/\/truonganhngu.mauthemewp.com\/index.php?rest_route=\/wp\/v2\/types\/page"}],"author":[{"embeddable":true,"href":"https:\/\/truonganhngu.mauthemewp.com\/index.php?rest_route=\/wp\/v2\/users\/1"}],"replies":[{"embeddable":true,"href":"https:\/\/truonganhngu.mauthemewp.com\/index.php?rest_route=%2Fwp%2Fv2%2Fcomments&post=21590"}],"version-history":[{"count":10,"href":"https:\/\/truonganhngu.mauthemewp.com\/index.php?rest_route=\/wp\/v2\/pages\/21590\/revisions"}],"predecessor-version":[{"id":21704,"href":"https:\/\/truonganhngu.mauthemewp.com\/index.php?rest_route=\/wp\/v2\/pages\/21590\/revisions\/21704"}],"wp:attachment":[{"href":"https:\/\/truonganhngu.mauthemewp.com\/index.php?rest_route=%2Fwp%2Fv2%2Fmedia&parent=21590"}],"wp:term":[{"taxonomy":"yst_prominent_words","embeddable":true,"href":"https:\/\/truonganhngu.mauthemewp.com\/index.php?rest_route=%2Fwp%2Fv2%2Fyst_prominent_words&post=21590"}],"curies":[{"name":"wp","href":"https:\/\/api.w.org\/{rel}","templated":true}]}}