{"id":17958,"date":"2020-09-05T10:30:27","date_gmt":"2020-09-05T03:30:27","guid":{"rendered":"https:\/\/khachhang.webrt.vn\/phong\/ali\/?page_id=17958"},"modified":"2021-03-12T11:46:01","modified_gmt":"2021-03-12T04:46:01","slug":"giai-doan-2-advanced-communication","status":"publish","type":"page","link":"https:\/\/truonganhngu.mauthemewp.com\/?page_id=17958","title":{"rendered":"G.\u0110o\u1ea1n 2: Advanced Communication"},"content":{"rendered":"<p style=\"text-align: center;\"><span style=\"font-size: 90%; color: #000000;\"><strong>H\u1eccC VI\u1ec6N ANH NG\u1eee V\u1ec0 \u0110\u00c0O T\u1ea0O K\u1ef8 N\u0102NG V\u00c0 TI\u1ebeNG ANH GIAO TI\u1ebeP CHO SINH VI\u00caN !<\/strong><\/span><\/p>\n<p style=\"text-align: center;\"><span style=\"font-size: 110%; color: #000000;\"><strong>H\u1eccC VI\u1ec6N ANH NG\u1eee V\u1ec0<br \/><\/strong><\/span><span style=\"font-size: 110%; color: #000000;\"><strong>\u0110\u00c0O T\u1ea0O K\u1ef8 N\u0102NG V\u00c0 TI\u1ebeNG ANH GIAO TI\u1ebeP CHO SINH VI\u00caN !<\/strong><\/span><\/p>\n<p style=\"text-align: center;\"><iframe loading=\"lazy\" src=\"https:\/\/www.youtube.com\/embed\/MaeclJGoNqo\" width=\"560\" height=\"315\" frameborder=\"0\" allowfullscreen=\"allowfullscreen\" data-mce-fragment=\"1\"><\/iframe><\/p>\n<p style=\"text-align: center;\"><em>VTV1 N\u00d3I G\u00cc V\u1ec0 ALIBABA<\/em><\/p>\n<p style=\"text-align: justify;\"><span style=\"color: #000000; font-size: 16px;\"><strong>\u25ba GIAI \u0110O\u1ea0N 2: ADVANCED COMMUNICATION &#8211; TI\u1ebeNG ANH GIAO TI\u1ebeP N\u00c2NG CAO<span style=\"font-size: 18px;\">\u00a0<span style=\"color: #000000;\">\u25baH\u1eccC PH\u00cd G\u1ed0C: <span style=\"color: #e14d43;\">2.000.000\u0111<\/span><\/span><\/span><\/strong><\/span><\/p>\n<p><span style=\"color: #000000; font-size: 90%;\">-&gt; K\u1ef9 n\u0103ng thuy\u1ebft tr\u00ecnh m\u00e1y chi\u1ebfu.<br \/><\/span><span style=\"color: #000000; font-size: 90%;\">-&gt; K\u1ef9 n\u0103ng ph\u1ea3n bi\u1ec7n ti\u1ebfng Anh theo ph\u01b0\u01a1ng ph\u00e1p\u00a0<\/span><strong style=\"color: #000000; font-size: 90%;\">Ph\u1ea3n X\u1ea1 Giao Ti\u1ebfp<br \/><\/strong><span style=\"color: #000000; font-size: 90%;\">-&gt; Thuy\u1ebft tr\u00ecnh c\u00e1c b\u1ea3n tin \u0110\u1ed8C &#8211; HOT &#8211; L\u1ea0 b\u1eb1ng ti\u1ebfng Anh.<br \/><\/span><span style=\"color: #000000; font-size: 90%;\">-&gt; S\u1eed d\u1ee5ng t\u1ea5t c\u1ea3 c\u00e1c\u00a0<\/span><strong style=\"color: #000000; font-size: 90%;\">c\u1ea5u tr\u00fac ng\u1eef ph\u00e1p<\/strong><span style=\"color: #000000; font-size: 90%;\">\u00a0v\u00e0\u00a0<\/span><strong style=\"color: #000000; font-size: 90%;\">v\u1ec1 ph\u00e1t \u00e2m<\/strong><span style=\"color: #000000; font-size: 90%;\">\u00a0l\u00fac n\u00f3i.<br \/><\/span><span style=\"color: #000000; font-size: 90%;\">-&gt; H\u1ecdc c\u00e1c\u00a0<\/span><strong style=\"color: #000000; font-size: 90%;\">ph\u01b0\u01a1ng ph\u00e1p h\u1ecdc t\u1eeb v\u1ef1ng th\u00f4ng d\u1ee5ng.<br \/><\/strong><span style=\"color: #000000; font-size: 90%;\">-&gt; H\u1ecdc ti\u1ebfng Anh qua video t\u1ea1o \u0111\u1ed9ng l\u1ef1c c\u1ee7a nh\u1eefng ng\u01b0\u1eddi th\u00e0nh c\u00f4ng nh\u01b0: Jack Ma, Mark Zuckerberg, Bill Gates<\/span><br \/><span style=\"color: #000000; font-size: 90%;\"> -&gt; H\u1ecdc\u00a0<strong>c\u00e1ch vi\u1ebft CV xin vi\u1ec7c b\u1eb1ng ti\u1ebfng Anh giao ti\u1ebfp n\u00e2ng cao.<\/strong><\/span><br \/><span style=\"color: #000000; font-size: 90%;\"> -&gt; H\u1ecdc c\u00e1ch vi\u1ebft CV b\u1eb1ng ti\u1ebfng Anh.<\/span><br \/><span style=\"color: #000000; font-size: 90%;\"> -&gt; Th\u1ef1c h\u00e0nh\u00a0<strong>Ph\u1ecfng V\u1ea5n &#8211; Tuy\u1ec3n D\u1ee5ng\u00a0<\/strong>ngay t\u1ea1i l\u1edbp h\u1ecdc.<\/span><br \/><span style=\"color: #000000; font-size: 90%;\"> -&gt; H\u1ecdc qua Game, FlashCard \u0111\u01b0\u1ee3c l\u1ef1a ch\u1ecdn thi\u1ebft k\u1ebf TH\u00da V\u1eca \u0111\u1ec3 v\u1eeba h\u1ecdc v\u1eeba ch\u01a1i.<\/span><br \/><span style=\"color: #000000; font-size: 90%;\"> -&gt; Nh\u1eefng b\u00e0i truy\u1ec1n \u0111\u1ed9ng l\u1ef1c t\u1eeb nh\u1eefng doanh nh\u00e2n th\u00e0nh c\u00f4ng \u0111\u01b0\u1ee3c \u0111\u00fac r\u00fat l\u1ea1i !<\/span><br \/><span style=\"color: #000000; font-size: 90%;\"> -&gt; H<strong>\u1ed7 tr\u1ee3 xin vi\u1ec7c 100% FREE<\/strong> sau kho\u00e1 h\u1ecdc !<\/span><\/p>\n<p><img decoding=\"async\" loading=\"lazy\" class=\"alignnone size-medium wp-image-9652 aligncenter\" src=\"https:\/\/khachhang.webrt.vn\/phong\/ali\/wp-content\/uploads\/2019\/03\/MG_2984.-2-600x400.jpg\" alt=\"\" width=\"600\" height=\"400\" srcset=\"https:\/\/truonganhngu.mauthemewp.com\/wp-content\/uploads\/2019\/03\/MG_2984.-2-600x400.jpg 600w, https:\/\/truonganhngu.mauthemewp.com\/wp-content\/uploads\/2019\/03\/MG_2984.-2-768x512.jpg 768w, https:\/\/truonganhngu.mauthemewp.com\/wp-content\/uploads\/2019\/03\/MG_2984.-2-1200x800.jpg 1200w, https:\/\/truonganhngu.mauthemewp.com\/wp-content\/uploads\/2019\/03\/MG_2984.-2-272x182.jpg 272w\" sizes=\"(max-width: 600px) 100vw, 600px\" \/><\/p>\n<p style=\"text-align: justify;\"><span style=\"color: #000000; font-size: 90%;\"><strong>\u25baTH\u1edcI L\u01af\u1ee2NG: 2 TH\u00c1NG<\/strong><\/span><\/p>\n<p style=\"text-align: justify;\"><span style=\"color: #000000; font-size: 90%;\">-&gt;\u00a0<strong>16<\/strong>\u00a0bu\u1ed5i h\u1ecdc ch\u00ednh<\/span><br \/><span style=\"color: #000000; font-size: 90%;\"> -&gt;\u00a0<strong>8<\/strong>\u00a0bu\u1ed5i ngo\u1ea1i kho\u00e1 s\u0103n T\u00e2y &#8211; th\u1ef1c h\u00e0nh n\u00f3i chuy\u1ec7n v\u1edbi ng\u01b0\u1eddi n\u01b0\u1edbc ngo\u00e0i.<\/span><br \/><span style=\"color: #000000; font-size: 90%;\"> -&gt;\u00a0<strong>8<\/strong>\u00a0bu\u1ed5i h\u1ecdc C\u00e2u L\u1ea1c B\u1ed9 t\u1ed1i ch\u1ee7 nh\u1eadt h\u00e0ng tu\u1ea7n \u0111\u1ec3 n\u00e2ng cao v\u00e0 trau d\u1ed3i ki\u1ebfn th\u1ee9c.<\/span><\/p>\n<p><span style=\"color: #000000; font-size: 90%;\"><strong>\u25ba\u0110\u1ed0I T\u00c1C QU\u1ed0C T\u1ebe H\u1ed6 TR\u1ee2 GI\u1ea2NG D\u1ea0Y V\u00c0 TEST \u0110\u1ea6U RA CHO H\u1eccC VI\u00caN<\/strong><\/span><\/p>\n<p><img decoding=\"async\" loading=\"lazy\" class=\"size-medium wp-image-18918 aligncenter\" src=\"https:\/\/khachhang.webrt.vn\/phong\/ali\/wp-content\/uploads\/2020\/11\/Picture3-408x400.png\" alt=\"\" width=\"408\" height=\"400\" srcset=\"https:\/\/truonganhngu.mauthemewp.com\/wp-content\/uploads\/2020\/11\/Picture3-408x400.png 408w, https:\/\/truonganhngu.mauthemewp.com\/wp-content\/uploads\/2020\/11\/Picture3-768x752.png 768w, https:\/\/truonganhngu.mauthemewp.com\/wp-content\/uploads\/2020\/11\/Picture3-817x800.png 817w, https:\/\/truonganhngu.mauthemewp.com\/wp-content\/uploads\/2020\/11\/Picture3.png 975w\" sizes=\"(max-width: 408px) 100vw, 408px\" \/><\/p>\n<h2><span style=\"font-size: 80%;\"><strong><span style=\"color: #000000;\">\u25ba\u0110\u1ed8I NG\u0168 GI\u1ea2NG VI\u00caN<\/span><\/strong><\/span><\/h2>\n<p><span style=\"color: #000000;\">+ \u0110\u1ed9i ng\u0169 gi\u1ea3ng vi\u00ean gi\u00e0u kinh nghi\u1ec7m v\u00e0 c\u00f3 chuy\u00ean m\u00f4n cao v\u1edbi b\u1eb1ng TOEIC \u0111\u1ea1t t\u1ed1i thi\u1ec3u <strong><span style=\"font-size: 105%; color: #ed1c24;\">950+<\/span><\/strong> s\u1ebd l\u00e0 ng\u01b0\u1eddi h\u01b0\u1edbng d\u1eabn tuy\u1ec7t v\u1eddi d\u00e0nh cho c\u00e1c b\u1ea1n.<\/span><\/p>\n<p><span style=\"color: #282828;\">+ V\u1edbi <span style=\"color: #ed1c24;\">1 Gi\u1ea3ng Vi\u00ean, 2 Tr\u1ee3 Gi\u1ea3ng\u00a0<\/span>v\u00e0 ch\u1ec9 <span style=\"color: #ed1c24;\">25 h\u1ecdc vi\u00ean\/l\u1edbp.<\/span> H\u1ecdc vi\u00ean s\u1ebd \u0111\u01b0\u1ee3c h\u1ed7 tr\u1ee3 s\u00e1t sao.<\/span><\/p>\n<p><span style=\"color: #000000;\">+ Nhi\u1ec7t t\u00ecnh v\u00e0 theo d\u00f5i s\u00e1t sao c\u0169ng nh\u01b0 \u0111\u1ed3ng h\u00e0nh c\u00f9ng v\u1edbi b\u1ea1n \u0111\u1ebfn khi chinh ph\u1ee5c ho\u00e0n to\u00e0n \u0111\u01b0\u1ee3c Ti\u1ebfng Anh Giao Ti\u1ebfp.<\/span><\/p>\n<p><img decoding=\"async\" loading=\"lazy\" class=\"size-full wp-image-18032 aligncenter\" src=\"https:\/\/khachhang.webrt.vn\/phong\/ali\/wp-content\/uploads\/2020\/09\/Trie\u0323\u0302u-Hie\u0302\u0301u.jpeg\" alt=\"\" width=\"750\" height=\"363\" \/><\/p>\n<p style=\"text-align: justify;\"><span style=\"color: #000000; font-size: 90%;\"><strong><span style=\"color: #000000;\"><span class=\"_3gl1 _5zz4\" data-offset-key=\"168f4-0-0\"><span class=\"_ncl\">?<\/span><\/span><span data-offset-key=\"168f4-1-0\">\u00a0<\/span>PH\u1ea6N QU\u00c0 <span style=\"color: #ed1c24; font-size: 20px;\">2<\/span><\/span><span style=\"color: #ed1c24; font-size: 20px;\">.000.000\u0111<\/span><span style=\"color: #000000;\">\u00a0KHI \u0110\u0102NG K\u00dd THEO L\u1ed8 TR\u00ccNH TRONG TH\u00c1NG 11:<\/span><\/strong><br \/><span style=\"color: #000000; font-size: 14px;\">? T\u1eb7ng 01 th\u1ebb tham gia C\u00e2u L\u1ea1c B\u1ed9 t\u1ed1i ch\u1ee7 nh\u1eadt h\u00e0ng tu\u1ea7n 12 th\u00e1ng\u00a0tr\u1ecb gi\u00e1 1.200K<\/span><br \/><span style=\"color: #000000; font-size: 14px;\"> ?\u00a0T\u1eb7ng 01 B\u1ed9 DVD ph\u00e1t \u00e2m chu\u1ea9n American Accent &#8211; Paul Gruber 500K<\/span><br \/><span style=\"color: #000000; font-size: 14px;\"> ? T\u1eb7ng 01 B\u1ed9 gi\u00e1o tr\u00ecnh tr\u1ecb gi\u00e1 300K<br \/><\/span><\/span><span style=\"color: #000000; font-size: 90%;\"><strong>-&gt; GI\u1ea2M TI\u1ebeP NGAY:<br \/><\/strong>&#8211;\u00a0<strong>150K\/nh\u00f3m<\/strong>\u00a0n\u1ebfu \u0111\u0103ng k\u00fd theo nh\u00f3m 3 ng\u01b0\u1eddi.<\/span><br \/><span style=\"color: #000000; font-size: 90%;\"> &#8211;\u00a0<strong>300K\/nh\u00f3m<\/strong>\u00a0n\u1ebfu \u0111\u0103ng k\u00fd theo nh\u00f3m 4 ng\u01b0\u1eddi.<\/span><br \/><span style=\"color: #000000; font-size: 90%;\"> &#8211;\u00a0<strong>500K\/nh\u00f3m\u00a0<\/strong>n\u1ebfu \u0111\u0103ng k\u00fd theo nh\u00f3m 5 ng\u01b0\u1eddi tr\u1edf l\u00ean.<\/span><\/p>\n<p style=\"text-align: justify;\"><span style=\"color: #000000; font-size: 90%;\"><strong>\u25ba C\u00c1CH HO\u00c0N TH\u00c0NH H\u1eccC PH\u00cd:<br \/><\/strong><\/span><span style=\"color: #000000; font-size: 90%;\"><strong>1: Tr\u1ef1c ti\u1ebfp:<br \/><\/strong><span style=\"color: #282828;\">C\u00e1c b\u1ea1n c\u00f3 th\u1ec3 qua v\u0103n ph\u00f2ng c\u1ee7a ALIBABA t\u1ea1i t\u1ea7ng\u00a0<strong>5 s\u1ed1 186 \u0111\u01b0\u1eddng Gi\u1ea3i Ph\u00f3ng<\/strong>\u00a0ho\u1eb7c s\u1ed1 <strong>1 Ng\u00f5 243 Tr\u1ea7n Qu\u1ed1c Ho\u00e0n<\/strong>\u00a0<strong>&#8211; C\u1ea7u Gi\u1ea5y<\/strong> \u0111\u1ec3 gi\u1eef ch\u1ed7 v\u00e0 \u0111\u01b0\u1ee3c t\u01b0 v\u1ea5n mi\u1ec5n ph\u00ed.<\/span><br \/><\/span><span style=\"color: #000000;\"><strong>2: Chuy\u1ec3n Kho\u1ea3n:<br \/><\/strong><\/span><span style=\"color: #000000;\">T\u00ean Ch\u1ee7 TK:<strong>\u00a0DINH THI LY<\/strong>\u00a0\u2013 NG\u00c2N H\u00c0NG <strong>TP BANK<\/strong><br \/>STK: 03142609001\u00a0 \u2013 Chi nh\u00e1nh H\u00e0 N\u1ed9i<br \/>N\u1ed9i dung Chuy\u1ec3n Kho\u1ea3n: <strong>T\u00caN + L\u1edaP + S\u0110T<\/strong><\/span><br \/><span style=\"color: #000000;\"><strong>\u2014\u2014\u2014\u2014\u2014\u2014\u2013<\/strong><\/span><\/p>\n<p><span style=\"color: #000000; font-size: 90%;\">\u25ba<strong> LI\u00caN H\u1ec6 V\u1edaI CH\u00daNG T\u00d4I:<\/strong><\/span><br \/><span style=\"color: #000000; font-size: 90%;\"> Hotline<strong>: 02422391999\u00a0<\/strong>t\u1eeb\u00a0<strong>8h00 \u0111\u1ebfn 21h00 th\u1ee9 2 -&gt; th\u1ee9 7\u00a0<\/strong>h\u00e0ng tu\u1ea7n<\/span><\/p>\n<p style=\"text-align: justify;\"><span style=\"font-size: 90%; color: #0000ff;\"><strong>&gt;&gt;&gt;<a style=\"color: #0000ff;\" href=\"https:\/\/www.facebook.com\/groups\/AlibabaEnglishClub\/\"> Tham Gia c\u1ed9ng \u0111\u1ed3ng ALIBABA v\u1edbi 60 ngh\u00ecn th\u00e0nh vi\u00ean tr\u00ean FACEBOOK \u0111\u1ec3 nh\u1eadn nh\u1eefng ngu\u1ed3n t\u00e0i li\u1ec7u ti\u1ebfng Anh h\u1eefu \u00edch nh\u00e9 !<\/a><\/strong><\/span><\/p>\n<p><span style=\"font-size: 90%;\"><span style=\"color: #000000;\"><strong>\u2014\u2014\u2014\u2014\u2014\u2014\u2013<br \/><\/strong><\/span><span style=\"color: #000000;\"><strong>H\u1ec6 TH\u1ed0NG C\u01a0 S\u1ede ALIBABA:<br \/>CS1: S\u1ed1 186 Gi\u1ea3i Ph\u00f3ng, Thanh Xu\u00e2n, H\u00e0 N\u1ed9i.<br \/>CS2: S\u1ed1 1 ng\u00f5 243 Tr\u1ea7n Qu\u1ed1c Ho\u00e0n, C\u1ea7u Gi\u1ea5y.<br \/>CS3: S\u1ed1 51 Nguy\u1ec5n Tr\u00e3i, Gi\u1ea3i Ph\u00f3ng, H\u00e0 N\u1ed9i.<br \/>CS4: S\u1ed1 19 \u2013 21 \u00a0\u0110\u01b0\u1eddng V\u1ea1n An, Th\u00e0nh Ph\u1ed1 Vinh, Ngh\u1ec7 An.<br \/>Cs5: S\u1ed1 471 Tr\u1ea7n H\u01b0ng \u0110\u1ea1o \u2013 Th\u00e1i Ho\u00e0 \u2013 Ngh\u1ec7 An.<br \/>Cs6: S\u1ed1 177 B\u1ea1ch \u0110\u1eb1ng, qu\u1eadn B\u00ecnh Th\u1ea1nh, TP HCM.<br \/>Cs7: S\u1ed1 34 ng\u00f5 6B Nguy\u1ec5n Khuy\u1ebfn, H\u00e0 \u0110\u00f4ng, H\u00e0 N\u1ed9i.<br \/>CS8: S\u1ed1 1, ng\u00e1ch 28\/5, D\u01b0\u01a1ng Khu\u00ea, H\u00e0 N\u1ed9i.<\/strong><\/span><\/span><\/p>\n\n\n<iframe src=\"https:\/\/alibaba.eduto.net\/pages\/registers\/dang-ky-khoa-hoc-advanced-alibaba?page_type=iframe\" style=\"width:100%!important;height:800px!important;border:none!important\" title=\"\u0110\u0103ng k\u00fd kh\u00f3a h\u1ecdc Advanced Alibaba\">\n<\/iframe>\n","protected":false},"excerpt":{"rendered":"<p>H\u1eccC VI\u1ec6N ANH NG\u1eee V\u1ec0 \u0110\u00c0O T\u1ea0O K\u1ef8 N\u0102NG V\u00c0 TI\u1ebeNG ANH GIAO TI\u1ebeP CHO SINH VI\u00caN ! H\u1eccC VI\u1ec6N ANH NG\u1eee V\u1ec0\u0110\u00c0O T\u1ea0O K\u1ef8 N\u0102NG V\u00c0 TI\u1ebeNG ANH GIAO TI\u1ebeP CHO SINH VI\u00caN ! VTV1 N\u00d3I G\u00cc V\u1ec0 ALIBABA \u25ba GIAI \u0110O\u1ea0N 2: ADVANCED COMMUNICATION &#8211; TI\u1ebeNG ANH GIAO TI\u1ebeP N\u00c2NG CAO\u00a0\u25baH\u1eccC PH\u00cd G\u1ed0C: [&#8230;]\n","protected":false},"author":1,"featured_media":0,"parent":0,"menu_order":0,"comment_status":"closed","ping_status":"closed","template":"page-right-sidebar.php","meta":[],"yst_prominent_words":[],"_links":{"self":[{"href":"https:\/\/truonganhngu.mauthemewp.com\/index.php?rest_route=\/wp\/v2\/pages\/17958"}],"collection":[{"href":"https:\/\/truonganhngu.mauthemewp.com\/index.php?rest_route=\/wp\/v2\/pages"}],"about":[{"href":"https:\/\/truonganhngu.mauthemewp.com\/index.php?rest_route=\/wp\/v2\/types\/page"}],"author":[{"embeddable":true,"href":"https:\/\/truonganhngu.mauthemewp.com\/index.php?rest_route=\/wp\/v2\/users\/1"}],"replies":[{"embeddable":true,"href":"https:\/\/truonganhngu.mauthemewp.com\/index.php?rest_route=%2Fwp%2Fv2%2Fcomments&post=17958"}],"version-history":[{"count":20,"href":"https:\/\/truonganhngu.mauthemewp.com\/index.php?rest_route=\/wp\/v2\/pages\/17958\/revisions"}],"predecessor-version":[{"id":21102,"href":"https:\/\/truonganhngu.mauthemewp.com\/index.php?rest_route=\/wp\/v2\/pages\/17958\/revisions\/21102"}],"wp:attachment":[{"href":"https:\/\/truonganhngu.mauthemewp.com\/index.php?rest_route=%2Fwp%2Fv2%2Fmedia&parent=17958"}],"wp:term":[{"taxonomy":"yst_prominent_words","embeddable":true,"href":"https:\/\/truonganhngu.mauthemewp.com\/index.php?rest_route=%2Fwp%2Fv2%2Fyst_prominent_words&post=17958"}],"curies":[{"name":"wp","href":"https:\/\/api.w.org\/{rel}","templated":true}]}}