{"id":17709,"date":"2020-08-20T22:32:52","date_gmt":"2020-08-20T15:32:52","guid":{"rendered":"https:\/\/khachhang.webrt.vn\/phong\/ali\/?page_id=17709"},"modified":"2021-03-22T09:14:55","modified_gmt":"2021-03-22T02:14:55","slug":"english-for-work","status":"publish","type":"page","link":"https:\/\/truonganhngu.mauthemewp.com\/?page_id=17709","title":{"rendered":"English At Workplace 2021"},"content":{"rendered":"<h1 style=\"text-align: center;\"><span style=\"color: #000000;\"><strong>ENGLISH AT WORKPLACE 2021<\/strong><\/span><\/h1>\n<p style=\"text-align: center;\"><span style=\"color: #ed1c24;\"><strong><span style=\"font-size: 19px;\">\u0110\u1ec2 TI\u1ebeNG ANH TR\u1ede TH\u00c0NH C\u00d4NG C\u1ee4 H\u1eeeU \u00cdCH TRONG C\u00d4NG VI\u1ec6C<\/span><\/strong><\/span><\/p>\n<p><span style=\"font-size: 15px; color: #000000;\">C\u00f3 khi n\u00e0o b\u1ea1n th\u1ea5y b\u1ea5t ti\u1ec7n v\u00ec ch\u1ec9 bi\u1ebft nh\u00ecn \u0111\u1ed3ng nghi\u1ec7p n\u00f3i chuy\u1ec7n b\u1eb1ng ti\u1ebfng Anh v\u1edbi \u0111\u1ed1i t\u00e1c? C\u00f3 khi n\u00e0o b\u1ea1n v\u1ec1 nh\u00e0 v\u00e0 t\u1ef1 h\u1ecfi \u201cT\u1ea1i sao m\u00ecnh l\u1ea1i \u0111\u1ec3 c\u01a1 h\u1ed9i tr\u00f4i qua ch\u1ec9 v\u00ec kh\u00f4ng bi\u1ebft tr\u1ea3 l\u1eddi b\u1eb1ng ti\u1ebfng Anh!\u201d.&nbsp;<\/span><\/p>\n<p><span style=\"font-size: 15px; color: #000000;\">C\u00f3 ph\u1ea3i b\u1ea1n \u0111ang ngh\u0129 trong \u0111\u1ea7u l\u00e0:<\/span><br>\n<span style=\"font-size: 15px; color: #000000;\">&#8211; B\u1eadn r\u1ed9n th\u1ebf n\u00e0y th\u00ec l\u1ea5y \u0111\u00e2u ra th\u1eddi gian h\u1ecdc?<\/span><br>\n<span style=\"font-size: 15px; color: #000000;\">&#8211; L\u1edbn tu\u1ed5i nh\u01b0 n\u00e0y r\u1ed3i li\u1ec7u c\u00f3 c\u00f2n h\u1ecdc \u0111\u01b0\u1ee3c kh\u00f4ng? <\/span><br>\n<span style=\"font-size: 15px; color: #000000;\">&#8211; N\u1ec1n t\u1ea3ng kh\u00f4ng c\u00f3 th\u00ec li\u1ec7u c\u00f3 theo k\u1ecbp v\u1edbi c\u1ea3 l\u1edbp?<\/span><br>\n<span style=\"font-size: 15px; color: #000000;\">&#8211; \u0110i h\u1ecdc th\u00ec ng\u1ea1i ph\u1ea3i g\u1eb7p c\u00e1c b\u1ea1n sinh vi\u00ean tr\u1ebb tu\u1ed5i v\u00e0 ho\u1ea1t \u0111\u1ed9ng qu\u00e1 nhi\u1ec1u?<\/span><\/p>\n<p><span style=\"font-size: 15px; color: #000000;\">V\u1eady th\u00ec kh\u00f3a h\u1ecdc English At Workplace 2021 (Ti\u1ebfng Anh d\u00e0nh cho ng\u01b0\u1eddi \u0111i l\u00e0m) c\u1ee7a Alibaba l\u00e0 d\u00e0nh cho b\u1ea1n!<\/span><span style=\"color: #000000;\">&nbsp;<\/span><\/p>\n<p style=\"text-align: center;\"><iframe loading=\"lazy\" src=\"https:\/\/www.youtube.com\/embed\/MaeclJGoNqo\" width=\"560\" height=\"315\" frameborder=\"0\" allowfullscreen=\"allowfullscreen\" data-mce-fragment=\"1\"><\/iframe><\/p>\n<p style=\"text-align: center;\"><em>VTV1 N\u00d3I G\u00cc V\u1ec0 ALIBABA<\/em><\/p>\n<p><span style=\"font-size: 18px; color: #000000;\"><strong><span class=\"_3gl1 _5zz4\" data-offset-key=\"168f4-0-0\"><span class=\"_ncl\">?<\/span><\/span>&nbsp;M\u00d4 T\u1ea2 CH\u01af\u01a0NG TR\u00ccNH H\u1eccC C\u1ee6A ALIBABA<\/strong><\/span><\/p>\n<ol>\n<li style=\"font-weight: 400;\"><span style=\"font-weight: 400; color: #000000; font-size: 15px;\">H\u1ecdc \u0111i \u0111\u00f4i v\u1edbi v\u1edbi th\u1ef1c h\u00e0nh qua c\u00e1c ch\u1ee7 \u0111\u1ec1 g\u1eafn v\u1edbi c\u00f4ng vi\u1ec7c th\u1ef1c t\u1ebf: Ti\u1ebfp \u0111\u00f3n; Trao \u0111\u1ed5i v\u1ec1 c\u00f4ng vi\u1ec7c; s\u1ea3n ph\u1ea9m, d\u1ecbch v\u1ee5; G\u1ecdi \u0111i\u1ec7n, \u0111\u1eb7t l\u1ecbch h\u1eb9n; T\u1ea1o d\u1ef1ng m\u1ed1i quan h\u1ec7; Thuy\u1ebft tr\u00ecnh; Ph\u1ea3n bi\u1ec7n; \u2026&nbsp;<\/span><\/li>\n<li style=\"font-weight: 400;\"><span style=\"font-weight: 400; color: #000000; font-size: 15px;\">L\u1ed9 tr\u00ecnh h\u1ecdc t\u1eadp \u0111\u01b0\u1ee3c thi\u1ebft k\u1ebf ri\u00eang bi\u1ec7t d\u00e0nh cho ng\u01b0\u1eddi \u0111i l\u00e0m, c\u00e1c doanh nghi\u1ec7p.<\/span><\/li>\n<li style=\"font-weight: 400;\"><span style=\"font-weight: 400; color: #000000; font-size: 15px;\">\u0110\u00e0o t\u1ea1o c\u00e1c k\u1ef9 n\u0103ng ng\u00f4n ng\u1eef trong Ti\u1ebfng Anh k\u00e8m theo nh\u1eefng k\u1ef9 n\u0103ng m\u1ec1m nh\u01b0 Thuy\u1ebft tr\u00ecnh &#8211; Ph\u1ea3n bi\u1ec7n.<\/span><\/li>\n<li style=\"font-weight: 400;\"><span style=\"font-weight: 400; color: #000000; font-size: 15px;\">K\u1ebft h\u1ee3p c\u00e1c ph\u01b0\u01a1ng ph\u00e1p h\u1ecdc hi\u1ec7n \u0111\u1ea1i thay v\u00ec ch\u1ec9 ng\u1ed3i h\u1ecdc thu\u1ed9c l\u00f2ng v\u00e0 ghi ch\u00e9p kh\u00f4 khan.<\/span><\/li>\n<\/ol>\n<p><span style=\"font-size: 18px; color: #000000;\"><strong><span class=\"_3gl1 _5zz4\" data-offset-key=\"168f4-0-0\"><span class=\"_ncl\">?<\/span><\/span>&nbsp;\u0110\u1ed8I NG\u0168 NH\u00c2N S\u1ef0<\/strong><\/span><\/p>\n<ol>\n<li style=\"font-weight: 400;\"><span style=\"font-weight: 400; color: #000000; font-size: 15px;\">Nh\u00e2n s\u1ef1 l\u00e0 nh\u1eefng ng\u01b0\u1eddi c\u00f3 \u0111\u1ea7y \u0111\u1ee7 ch\u1ee9ng ch\u1ec9 Qu\u1ed1c t\u1ebf v\u1edbi nghi\u1ec7p v\u1ee5 S\u01b0 ph\u1ea1m.<\/span><\/li>\n<li style=\"font-weight: 400;\"><span style=\"font-weight: 400; color: #000000; font-size: 15px;\">\u0110\u1ed9i ng\u0169 d\u00e0y d\u1eb7n kinh nghi\u1ec7m v\u1edbi nhi\u1ec1u n\u0103m c\u00f4ng t\u00e1c trong ng\u00e0nh.<\/span><\/li>\n<li style=\"font-weight: 400;\"><span style=\"font-weight: 400; color: #000000; font-size: 15px;\">Lu\u00f4n d\u00e0nh t\u00e2m huy\u1ebft trong su\u1ed1t qu\u00e1 tr\u00ecnh gi\u1ea3ng d\u1ea1y.<\/span><\/li>\n<li style=\"font-weight: 400;\"><span style=\"font-weight: 400; color: #000000; font-size: 15px;\">H\u1ed7 tr\u1ee3 ngay m\u1ed7i khi h\u1ecdc vi\u00ean c\u1ea7n s\u1ef1 gi\u00fap \u0111\u1ee1.<\/span><\/li>\n<\/ol>\n<p><span style=\"font-size: 18px; color: #000000;\"><strong><span class=\"_3gl1 _5zz4\" data-offset-key=\"168f4-0-0\"><span class=\"_ncl\">?<\/span><\/span>&nbsp;M\u00d4 T\u1ea2 L\u1edaP H\u1eccC<\/strong><\/span><\/p>\n<ol>\n<li style=\"font-weight: 400;\"><span style=\"font-weight: 400; color: #000000; font-size: 15px;\">L\u1edbp h\u1ecdc d\u00e0nh ri\u00eang cho ng\u01b0\u1eddi \u0111i l\u00e0m, c\u00e1c doanh nghi\u1ec7p.<\/span><\/li>\n<li style=\"font-weight: 400;\"><span style=\"font-weight: 400; color: #000000; font-size: 15px;\">H\u1ecdc vi\u00ean s\u1ebd \u0111\u01b0\u1ee3c l\u00e0m b\u00e0i Test tr\u01b0\u1edbc khi b\u1eaft \u0111\u1ea7u kh\u00f3a h\u1ecdc \u0111\u1ec3 \u0111\u01b0\u1ee3c ph\u00e2n lo\u1ea1i r\u00f5 r\u00e0ng.<\/span><\/li>\n<li style=\"font-weight: 400;\"><span style=\"font-weight: 400; color: #000000; font-size: 15px;\">L\u1edbp h\u1ecdc v\u1edbi s\u0129 s\u1ed1 c\u1ef1c \u00edt \u0111\u1ec3 \u0111\u1ea3m b\u1ea3o ch\u1ea5t l\u01b0\u1ee3ng kh\u00f3a h\u1ecdc.<\/span><\/li>\n<li style=\"font-weight: 400;\"><span style=\"font-weight: 400; color: #000000; font-size: 15px;\">M\u1ed7i bu\u1ed5i h\u1ecdc h\u1ecdc vi\u00ean s\u1ebd \u0111\u01b0\u1ee3c th\u1ef1c h\u00e0nh \u0111\u1ec3 ghi nh\u1edb b\u00e0i t\u1ed1t h\u01a1n.<\/span><\/li>\n<\/ol>\n<p><span style=\"color: #000000;\"><strong><span style=\"font-size: 18px;\"><span class=\"_3gl1 _5zz4\" data-offset-key=\"168f4-0-0\"><span class=\"_ncl\">?<\/span><\/span>&nbsp;D\u1ecaCH V\u1ee4 H\u1ed6 TR\u1ee2&nbsp;<\/span><\/strong><\/span><\/p>\n<ol>\n<li style=\"font-weight: 400;\"><span style=\"font-weight: 400; color: #000000; font-size: 15px;\">H\u1ed7 tr\u1ee3 h\u1ecdc b\u00f9, b\u1ea3o l\u01b0u nh\u1eb1m h\u1ed7 tr\u1ee3 h\u1ecdc vi\u00ean c\u00f3 th\u1ec3 tham gia \u0111\u1ea7y \u0111\u1ee7 s\u1ed1 bu\u1ed5i h\u1ecdc.<\/span><\/li>\n<li style=\"font-weight: 400;\"><span style=\"font-weight: 400; color: #000000; font-size: 15px;\">Gi\u1ea3ng vi\u00ean, Tr\u1ee3 gi\u1ea3ng lu\u00f4n h\u1ed7 tr\u1ee3 24\/7 \u0111\u1ec3 \u0111\u1ea3m b\u1ea3o ch\u1ea5t l\u01b0\u1ee3ng l\u1edbp h\u1ecdc v\u00e0 nhu c\u1ea7u c\u1ee7a h\u1ecdc vi\u00ean.<\/span><\/li>\n<li style=\"font-weight: 400;\"><span style=\"font-weight: 400; color: #000000; font-size: 15px;\">\u0110\u01b0\u1ee3c h\u1ed7 tr\u1ee3 nh\u1eefng nhu c\u1ea7u li\u00ean quan \u0111\u1ebfn \u0111\u1ecbnh h\u01b0\u1edbng ngh\u1ec1 nghi\u1ec7p, t\u00ecm vi\u1ec7c l\u00e0m th\u00f4ng qua c\u00e1c \u0111\u1ed1i t\u00e1c c\u1ee7a Alibaba nh\u01b0 TopCV, Vua vi\u1ec7c l\u00e0m,\u2026<\/span><\/li>\n<li style=\"font-weight: 400;\"><span style=\"font-weight: 400; color: #000000; font-size: 15px;\">H\u1ed7 tr\u1ee3 t\u00e0i li\u1ec7u b\u1ed5 tr\u1ee3 khi h\u1ecdc vi\u00ean c\u00f3 nhu c\u1ea7u.<\/span><\/li>\n<\/ol>\n<p><span style=\"font-size: 18px; color: #000000;\"><strong><span style=\"font-size: 14px;\"><span class=\"_3gl1 _5zz4\" data-offset-key=\"168f4-0-0\"><span class=\"_ncl\">?<\/span><\/span>&nbsp;<\/span>M\u00d4 T\u1ea2 \u0110\u1ed0I T\u01af\u1ee2NG H\u1eccC VI\u00caN<\/strong><\/span><\/p>\n<ol>\n<li style=\"font-weight: 400;\"><span style=\"font-weight: 400; font-size: 15px; color: #000000;\">Ng\u01b0\u1eddi c\u1ea7n s\u1eed d\u1ee5ng ti\u1ebfng Anh \u0111\u1ec3 h\u1ed7 tr\u1ee3 cho c\u00f4ng vi\u1ec7c h\u00e0ng ng\u00e0y nh\u01b0 Nghe &#8211; N\u00f3i &#8211; \u0110\u1ecdc &#8211; Vi\u1ebft,&#8230;<\/span><\/li>\n<li style=\"font-weight: 400;\"><span style=\"font-weight: 400; font-size: 15px; color: #000000;\">Ng\u01b0\u1eddi c\u00f3 \u0111\u1ecbnh h\u01b0\u1edbng t\u00ecm vi\u1ec7c v\u00e0 lao \u0111\u1ed9ng t\u1ea1i c\u00e1c m\u00f4i tr\u01b0\u1eddng hi\u1ec7n \u0111\u1ea1i, ph\u00e1t tri\u1ec3n.<\/span><\/li>\n<li style=\"font-weight: 400;\"><span style=\"font-weight: 400; font-size: 15px; color: #000000;\">Ng\u01b0\u1eddi c\u00f3 \u0111\u1ecbnh h\u01b0\u1edbng l\u00e0m vi\u1ec7c t\u1ea1i c\u00e1c c\u00f4ng ty li\u00ean doanh, t\u1eadp \u0111o\u00e0n \u0111a qu\u1ed1c gia, c\u00e1c c\u00f4ng ty t\u1ea1i n\u01b0\u1edbc ngo\u00e0i.<\/span><\/li>\n<li style=\"font-weight: 400;\"><span style=\"font-weight: 400; font-size: 15px; color: #000000;\">Ng\u01b0\u1eddi c\u00f3 d\u1ef1 \u0111\u1ecbnh th\u0103ng ti\u1ebfn th\u00eam trong vi\u1ec7c.&nbsp;<\/span><\/li>\n<li style=\"font-weight: 400;\"><span style=\"font-weight: 400; font-size: 15px; color: #000000;\">Ng\u01b0\u1eddi \u0111i l\u00e0m mu\u1ed1n h\u1ecdc ti\u1ebfng Anh nh\u01b0ng ch\u01b0a bi\u1ebft n\u00ean h\u1ecdc t\u1eeb \u0111\u00e2u.<\/span><\/li>\n<\/ol>\n<p><span style=\"color: #000000; font-size: 15px;\"><span style=\"font-size: 17px;\"><strong><span style=\"color: #000000;\"><span class=\"_3gl1 _5zz4\" data-offset-key=\"168f4-0-0\"><span class=\"_ncl\">?<\/span><\/span> PH\u1ea6N QU\u00c0 <span style=\"color: #ed1c24;\">2<\/span><\/span><span style=\"color: #ed1c24;\">.000.000\u0111<\/span><span style=\"color: #000000;\"> KHI \u0110\u0102NG K\u00dd THEO L\u1ed8 TR\u00ccNH TRONG TH\u00c1NG 3 N\u00c0Y:<\/span><\/strong><\/span><br>\n? T\u1eb7ng 01 th\u1ebb tham gia C\u00e2u L\u1ea1c B\u1ed9 t\u1ed1i ch\u1ee7 nh\u1eadt h\u00e0ng tu\u1ea7n 12 th\u00e1ng&nbsp;tr\u1ecb gi\u00e1 1.200K<br>\n?&nbsp;T\u1eb7ng 01 B\u1ed9 DVD ph\u00e1t \u00e2m chu\u1ea9n American Accent &#8211; Paul Gruber 500K<br>\n? T\u1eb7ng 01 B\u1ed9 gi\u00e1o tr\u00ecnh tr\u1ecb gi\u00e1 300K<br>\n<\/span><\/p>\n<p><span style=\"color: #000000; font-size: 15px;\"><strong>&gt; GI\u1ea2M TI\u1ebeP NGAY:<br>\n<\/strong><span style=\"color: #000000;\"><strong>&#8211; 150K<\/strong>\/nh\u00f3m n\u1ebfu \u0111\u0103ng k\u00fd theo nh\u00f3m 3 ng\u01b0\u1eddi.<\/span><br>\n<span style=\"color: #000000;\"> &#8211;&nbsp;<strong>300K<\/strong>\/nh\u00f3m n\u1ebfu \u0111\u0103ng k\u00fd theo nh\u00f3m 4 ng\u01b0\u1eddi.<\/span><br>\n<span style=\"color: #000000;\"> &#8211;&nbsp;<strong>500K<\/strong>\/nh\u00f3m n\u1ebfu \u0111\u0103ng k\u00fd theo nh\u00f3m 5 ng\u01b0\u1eddi tr\u1edf l\u00ean.<\/span><br>\n<\/span><\/p>\n<p><span style=\"color: #000000; font-size: 17px;\"><strong>\u25baC\u00c1CH HO\u00c0N TH\u00c0NH H\u1eccC PH\u00cd:<\/strong><\/span><\/p>\n<p><span style=\"color: #000000; font-size: 15px;\"><strong>1: Tr\u1ef1c ti\u1ebfp:<br>\n<\/strong>C\u00e1c b\u1ea1n c\u00f3 th\u1ec3 qua v\u0103n ph\u00f2ng c\u1ee7a ALIBABA t\u1ea1i t\u1ea7ng&nbsp;<strong>5 s\u1ed1 186 \u0111\u01b0\u1eddng Gi\u1ea3i Ph\u00f3ng&nbsp;\u2013 Thanh Xu\u00e2n \u2013 H\u00e0 N\u1ed9i<\/strong> ho\u1eb7c <strong>s\u1ed1 1 ng\u00f5 243 Tr\u1ea7n Qu\u1ed1c Ho\u00e0n &#8211; C\u1ea7u Gi\u1ea5y<\/strong> \u0111\u1ec3 gi\u1eef ch\u1ed7 v\u00e0 \u0111\u01b0\u1ee3c t\u01b0 v\u1ea5n mi\u1ec5n ph\u00ed.<\/span><\/p>\n<p><span style=\"color: #000000; font-size: 15px;\"><strong>2: Chuy\u1ec3n Kho\u1ea3n:<br>\n<\/strong><\/span><span style=\"color: #000000;\">T\u00ean Ch\u1ee7 TK:<strong>&nbsp;DINH THI LY<\/strong>&nbsp;\u2013 NG\u00c2N H\u00c0NG <strong>TP BANK<\/strong><\/span><br>\n<span style=\"color: #000000;\">STK: 03142609001&nbsp; \u2013 Chi nh\u00e1nh H\u00e0 N\u1ed9i<\/span><br>\n<span style=\"color: #000000;\">N\u1ed9i dung Chuy\u1ec3n Kho\u1ea3n: <strong>T\u00caN + L\u1edaP + S\u0110T<\/strong><\/span><br>\n<span style=\"color: #000000; font-size: 15px;\"> <strong>\u2014\u2014\u2014\u2014\u2014\u2014\u2013<\/strong><\/span><\/p>\n<p><span style=\"font-size: 15px;\"><span style=\"color: #000000;\">\u25ba<strong> LI\u00caN H\u1ec6 V\u1edaI CH\u00daNG T\u00d4I: <\/strong><\/span><span style=\"color: #000000;\">Hotline<strong>: 02422391999&nbsp;<\/strong>t\u1eeb&nbsp;<strong>8h00 \u0111\u1ebfn 21h00 th\u1ee9 2 -&gt; th\u1ee9 7&nbsp;<\/strong>h\u00e0ng tu\u1ea7n<\/span><\/span><\/p>\n<p><span style=\"color: #0000ff; font-size: 15px;\"><strong>&gt;&gt;&gt;<a style=\"color: #0000ff;\" href=\"https:\/\/www.facebook.com\/groups\/AlibabaEnglishClub\/\"> Tham Gia c\u1ed9ng \u0111\u1ed3ng ALIBABA v\u1edbi 61 ngh\u00ecn th\u00e0nh vi\u00ean tr\u00ean Facebook \u0111\u1ec3 nh\u1eadn nh\u1eefng ngu\u1ed3n t\u00e0i li\u1ec7u ti\u1ebfng Anh h\u1eefu \u00edch nh\u00e9 !<\/a><\/strong><\/span><\/p>\n<p><span style=\"color: #000000;\"><strong>H\u1ec6 TH\u1ed0NG C\u01a0 S\u1ede ALIBABA:<br>\nCS1: S\u1ed1 186 Gi\u1ea3i Ph\u00f3ng, Thanh Xu\u00e2n, H\u00e0 N\u1ed9i.<br>\nCS2: S\u1ed1 1 ng\u00f5 243 Tr\u1ea7n Qu\u1ed1c Ho\u00e0n, C\u1ea7u Gi\u1ea5y.<br>\nCS3: S\u1ed1 51 Nguy\u1ec5n Tr\u00e3i, Gi\u1ea3i Ph\u00f3ng, H\u00e0 N\u1ed9i.<br>\nCS4: S\u1ed1 19 \u2013 21 &nbsp;\u0110\u01b0\u1eddng V\u1ea1n An, Th\u00e0nh Ph\u1ed1 Vinh, Ngh\u1ec7 An.<br>\nCs5: S\u1ed1 471 Tr\u1ea7n H\u01b0ng \u0110\u1ea1o \u2013 Th\u00e1i Ho\u00e0 \u2013 Ngh\u1ec7 An.<br>\nCs6: S\u1ed1 177 B\u1ea1ch \u0110\u1eb1ng, qu\u1eadn B\u00ecnh Th\u1ea1nh, TP HCM.<br>\nCs7: S\u1ed1 34 ng\u00f5 6B Nguy\u1ec5n Khuy\u1ebfn, H\u00e0 \u0110\u00f4ng, H\u00e0 N\u1ed9i.<br>\nCS8: S\u1ed1 1, ng\u00e1ch 28\/5, D\u01b0\u01a1ng Khu\u00ea, H\u00e0 N\u1ed9i.<\/strong><\/span><\/p>\n<p><span style=\"color: #000000;\"><strong>\u2014\u2014\u2014\u2014\u2014\u2014\u2013<\/strong><\/span><\/p>\n<p><span style=\"color: #000000; font-size: 15px;\">\u25baCH\u1eccN L\u1edaP PH\u00d9 H\u1ee2P V\u1edaI B\u1ea0N \u1ede \u0110\u00c2Y NH\u00c9 ^^<\/span><\/p>\n\n\n<iframe src=\"http:\/\/manage.alibabaenglish.vn\/pages\/registers\/dang-ki-khoa-hoc-english-at-workplace?page_type=iframe\" style=\"width:100%!important;height:800px!important;border: none!important;\" title=\"\u0110\u0103ng k\u00ed kh\u00f3a h\u1ecdc English At WorkPlace\">\n<\/iframe>\n","protected":false},"excerpt":{"rendered":"<p>ENGLISH AT WORKPLACE 2021 \u0110\u1ec2 TI\u1ebeNG ANH TR\u1ede TH\u00c0NH C\u00d4NG C\u1ee4 H\u1eeeU \u00cdCH TRONG C\u00d4NG VI\u1ec6C C\u00f3 khi n\u00e0o b\u1ea1n th\u1ea5y b\u1ea5t ti\u1ec7n v\u00ec ch\u1ec9 bi\u1ebft nh\u00ecn \u0111\u1ed3ng nghi\u1ec7p n\u00f3i chuy\u1ec7n b\u1eb1ng ti\u1ebfng Anh v\u1edbi \u0111\u1ed1i t\u00e1c? C\u00f3 khi n\u00e0o b\u1ea1n v\u1ec1 nh\u00e0 v\u00e0 t\u1ef1 h\u1ecfi \u201cT\u1ea1i sao m\u00ecnh l\u1ea1i \u0111\u1ec3 c\u01a1 h\u1ed9i tr\u00f4i qua [&#8230;]\n","protected":false},"author":1,"featured_media":0,"parent":0,"menu_order":0,"comment_status":"closed","ping_status":"closed","template":"page-right-sidebar.php","meta":[],"yst_prominent_words":[],"_links":{"self":[{"href":"https:\/\/truonganhngu.mauthemewp.com\/index.php?rest_route=\/wp\/v2\/pages\/17709"}],"collection":[{"href":"https:\/\/truonganhngu.mauthemewp.com\/index.php?rest_route=\/wp\/v2\/pages"}],"about":[{"href":"https:\/\/truonganhngu.mauthemewp.com\/index.php?rest_route=\/wp\/v2\/types\/page"}],"author":[{"embeddable":true,"href":"https:\/\/truonganhngu.mauthemewp.com\/index.php?rest_route=\/wp\/v2\/users\/1"}],"replies":[{"embeddable":true,"href":"https:\/\/truonganhngu.mauthemewp.com\/index.php?rest_route=%2Fwp%2Fv2%2Fcomments&post=17709"}],"version-history":[{"count":16,"href":"https:\/\/truonganhngu.mauthemewp.com\/index.php?rest_route=\/wp\/v2\/pages\/17709\/revisions"}],"predecessor-version":[{"id":21294,"href":"https:\/\/truonganhngu.mauthemewp.com\/index.php?rest_route=\/wp\/v2\/pages\/17709\/revisions\/21294"}],"wp:attachment":[{"href":"https:\/\/truonganhngu.mauthemewp.com\/index.php?rest_route=%2Fwp%2Fv2%2Fmedia&parent=17709"}],"wp:term":[{"taxonomy":"yst_prominent_words","embeddable":true,"href":"https:\/\/truonganhngu.mauthemewp.com\/index.php?rest_route=%2Fwp%2Fv2%2Fyst_prominent_words&post=17709"}],"curies":[{"name":"wp","href":"https:\/\/api.w.org\/{rel}","templated":true}]}}