{"id":16624,"date":"2020-06-05T23:46:00","date_gmt":"2020-06-05T16:46:00","guid":{"rendered":"https:\/\/khachhang.webrt.vn\/phong\/ali\/?page_id=16624"},"modified":"2021-03-12T17:27:04","modified_gmt":"2021-03-12T10:27:04","slug":"khoa-basic-communication","status":"publish","type":"page","link":"https:\/\/truonganhngu.mauthemewp.com\/?page_id=16624","title":{"rendered":"G.\u0110o\u1ea1n 1: Basic Communication"},"content":{"rendered":"<p style=\"text-align: center;\"><span style=\"font-size: 90%; color: #000000;\"><strong>H\u1eccC VI\u1ec6N ANH NG\u1eee V\u1ec0 \u0110\u00c0O T\u1ea0O K\u1ef8 N\u0102NG V\u00c0 TI\u1ebeNG ANH GIAO TI\u1ebeP CHO SINH VI\u00caN !<\/strong><\/span><\/p>\n<p style=\"text-align: center;\"><span style=\"font-size: 110%; color: #000000;\"><strong>H\u1eccC VI\u1ec6N ANH NG\u1eee V\u1ec0<br \/><\/strong><\/span><span style=\"font-size: 110%; color: #000000;\"><strong>\u0110\u00c0O T\u1ea0O K\u1ef8 N\u0102NG V\u00c0 TI\u1ebeNG ANH GIAO TI\u1ebeP CHO SINH VI\u00caN!<\/strong><\/span><\/p>\n<p style=\"text-align: center;\"><iframe loading=\"lazy\" src=\"https:\/\/www.youtube.com\/embed\/MaeclJGoNqo\" width=\"560\" height=\"315\" frameborder=\"0\" allowfullscreen=\"allowfullscreen\" data-mce-fragment=\"1\"><\/iframe><\/p>\n<p style=\"text-align: center;\"><em>VTV1 N\u00d3I G\u00cc V\u1ec0 ALIBABA<\/em><\/p>\n<p><span style=\"font-size: 90%;\"><span style=\"color: #000000;\"><strong><span style=\"font-size: 18px;\">Giai \u0111o\u1ea1n 1: Basic Communication!<\/span><\/strong><\/span><\/span><\/p>\n<p style=\"text-align: justify;\"><span style=\"font-size: 90%;\"><span style=\"color: #000000;\">-&gt; B\u1ea1n \u0111\u00e3 n\u00f3i \u0111\u01b0\u1ee3c ti\u1ebfng Anh nh\u01b0ng v\u1eabn sai t\u1eeb v\u1ef1ng ng\u1eef ph\u00e1p?<br \/><\/span><span style=\"color: #000000;\">-&gt; B\u1ea1n \u0111ang mu\u1ed1n n\u00e2ng cao v\u1ed1n t\u1eeb v\u1ef1ng v\u00e0 ng\u1eef ph\u00e1p c\u1ee7a m\u00ecnh nh\u01b0ng v\u1eabn ch\u01b0a t\u00ecm \u0111\u01b0\u1ee3c m\u1ed9t kh\u00f3a h\u1ecdc ph\u00f9 h\u1ee3p?<br \/><\/span><strong><span style=\"color: #000000;\"><span style=\"font-size: 90%;\">V\u1eady h\u00e3y c\u00f9ng ch\u00fang m\u00ecnh t\u00ecm hi\u1ec3u giai \u0111o\u1ea1n <\/span><span style=\"font-size: 15px;\">Basic Communication<\/span><span style=\"font-size: 90%;\">\u00a0t\u1ea1i Alibaba nh\u00e9!<\/span><br \/><\/span><\/strong><span style=\"color: #000000;\"><strong>\u25ba\u00a0<\/strong><\/span><span style=\"color: #000000;\"><strong>B\u1ea0N S\u1ebc H\u1eccC \u0110\u01af\u1ee2C G\u00cc?<\/strong><\/span><\/span><\/p>\n<p style=\"text-align: justify;\"><span style=\"color: #000000; font-size: 90%;\">-&gt; NH\u1eeeNG T\u1eea V\u1ef0NG th\u00f4ng d\u1ee5ng b\u1eb1ng nh\u1eefng c\u00e1ch M\u1edaI M\u1eba, TH\u00da V\u1eca, KH\u00d4NG NH\u00c0M CH\u00c1N: h\u1ecdc qua <strong>tr\u00f2 ch\u01a1i<\/strong>,\u00a0<strong>gameshow<\/strong>,\u00a0<strong>kahoot it<\/strong>,\u00a0<strong>flash card<\/strong>\u2026<\/span><br \/><span style=\"color: #000000; font-size: 90%;\"> -&gt; H\u1ecdc l\u1ea1i c\u00e1c th\u00ec trong ti\u1ebfng Anh theo m\u1ed9t <strong><span style=\"font-size: 16px;\">ph\u01b0\u01a1ng ph\u00e1p h\u1ecdc m\u1edbi!<\/span><br \/><\/strong>-&gt; Nh\u1eefng C\u1ea4U TR\u00daC C\u00c2U ph\u1ed5 bi\u1ebfn \u00e1p d\u1ee5ng trong c\u1ea3 v\u0103n n\u00f3i v\u00e0 v\u0103n vi\u1ebft!<\/span><br \/><span style=\"color: #000000; font-size: 90%;\"> -&gt; C\u00e1c B\u00c0I H\u1eccC NG\u1eee PH\u00c1P phong ph\u00fa, th\u01b0\u1eddng \u00e1p d\u1ee5ng trong giao ti\u1ebfp h\u1eb1ng ng\u00e0y.<\/span><br \/><span style=\"color: #000000; font-size: 90%;\"> -&gt; C\u1ea3i thi\u1ec7n k\u0129 n\u0103ng n\u00f3i, ph\u1ea3n x\u1ea1 ti\u1ebfng anh qua c\u00e1c ho\u1ea1t \u0111\u1ed9ng tr\u00ean l\u1edbp v\u00e0 l\u01b0\u1ee3ng b\u00e0i t\u1eadp phong ph\u00fa full k\u1ef9 n\u0103ng:\u00a0<strong>NGHE &#8211; N\u00d3I &#8211; \u0110\u1eccC &#8211; VI\u1ebeT<br \/><\/strong>-&gt; \u0110\u01b0\u1ee3c luy\u1ec7n t\u1eadp v\u00e0 th\u1ef1c h\u00e0nh n\u00f3i c\u00e1c t\u1eeb v\u1ef1ng v\u00e0 c\u1ea5u tr\u00fac ngay t\u1ea1i l\u1edbp h\u1ecdc.<\/span><\/p>\n<div class=\"youtube-responsive-container\"><img decoding=\"async\" loading=\"lazy\" class=\"alignnone size-medium wp-image-15727 aligncenter\" src=\"https:\/\/khachhang.webrt.vn\/phong\/ali\/wp-content\/uploads\/2020\/03\/72070316_1121106914762449_4650756425386033152_n-533x400.jpg\" alt=\"\" width=\"533\" height=\"400\" srcset=\"https:\/\/truonganhngu.mauthemewp.com\/wp-content\/uploads\/2020\/03\/72070316_1121106914762449_4650756425386033152_n-533x400.jpg 533w, https:\/\/truonganhngu.mauthemewp.com\/wp-content\/uploads\/2020\/03\/72070316_1121106914762449_4650756425386033152_n-768x576.jpg 768w, https:\/\/truonganhngu.mauthemewp.com\/wp-content\/uploads\/2020\/03\/72070316_1121106914762449_4650756425386033152_n.jpg 960w\" sizes=\"(max-width: 533px) 100vw, 533px\" \/><\/div>\n<p style=\"text-align: justify;\"><span style=\"font-size: 90%;\"><span style=\"color: #ed1c24;\"><strong>\u25ba\u00a0<\/strong><\/span><span style=\"color: #000000;\"><strong><span style=\"color: #ed1c24;\">TH\u1edcI L\u01af\u1ee2NG:<\/span><br \/><\/strong><\/span><span style=\"color: #000000;\">-&gt;\u00a0<strong>16<\/strong>\u00a0bu\u1ed5i h\u1ecdc ch\u00ednh tr\u00ean l\u1edbp \u2013 <strong>2h<\/strong>\/ bu\u1ed5i h\u1ecdc<\/span><\/span><br \/><span style=\"color: #000000; font-size: 90%;\"> -&gt; <b>8<\/b>\u00a0bu\u1ed5i h\u1ecdc C\u00e2u L\u1ea1c B\u1ed9 t\u1ed1i ch\u1ee7 nh\u1eadt h\u00e0ng tu\u1ea7n \u0111\u1ec3 trau d\u1ed3i th\u00eam ki\u1ebfn th\u1ee9c.<\/span><br \/><span style=\"color: #000000; font-size: 90%;\"> -&gt; Ngo\u00e0i ra Alibaba c\u00f2n t\u1ed5 ch\u1ee9c <b>8<\/b>\u00a0bu\u1ed5i ngo\u1ea1i kho\u00e1 s\u0103n T\u00e2y th\u1ef1c h\u00e0nh n\u00f3i chuy\u1ec7n v\u1edbi ng\u01b0\u1eddi n\u01b0\u1edbc ngo\u00e0i. (1 bu\u1ed5i\/tu\u1ea7n trong 7 tu\u1ea7n)<\/span><br \/><span style=\"color: #000000; font-size: 90%;\"> -&gt; H\u1ecdc vi\u00ean \u0111\u01b0\u1ee3c h\u1ecdc b\u00f9, chuy\u1ec3n l\u1edbp n\u1ebfu trong qu\u00e1 tr\u00ecnh h\u1ecdc c\u00f3 v\u01b0\u1edbng v\u1ec1 th\u1eddi gian, Club s\u1ebd lu\u00f4n t\u1ea1o \u0111i\u1ec1u ki\u1ec7n \u0111\u1ec3 h\u1ecdc vi\u00ean h\u1ecdc h\u1ebft kho\u00e1.<\/span><br \/><span style=\"color: #000000; font-size: 90%;\"> -&gt; H\u1ecdc vi\u00ean \u0111\u01b0\u1ee3c c\u1ea5p ch\u1ee9ng ch\u1ec9, \u0111\u01b0\u1ee3c c\u00f4ng nh\u1eadn \u1edf nhi\u1ec1u doanh nghi\u1ec7p!<\/span><\/p>\n<h2><span style=\"font-size: 80%;\"><strong><span style=\"color: #000000;\">\u25ba\u0110\u1ed8I NG\u0168 GI\u1ea2NG VI\u00caN<\/span><\/strong><\/span><\/h2>\n<p><span style=\"color: #000000;\">+ \u0110\u1ed9i ng\u0169 gi\u1ea3ng vi\u00ean gi\u00e0u kinh nghi\u1ec7m v\u00e0 c\u00f3 chuy\u00ean m\u00f4n cao v\u1edbi b\u1eb1ng TOEIC \u0111\u1ea1t t\u1ed1i thi\u1ec3u <strong><span style=\"font-size: 105%; color: #ed1c24;\">950+<\/span><\/strong> s\u1ebd l\u00e0 ng\u01b0\u1eddi h\u01b0\u1edbng d\u1eabn tuy\u1ec7t v\u1eddi d\u00e0nh cho c\u00e1c b\u1ea1n.<\/span><\/p>\n<p><span style=\"color: #282828;\">+ V\u1edbi <span style=\"color: #ed1c24;\">1 Gi\u1ea3ng Vi\u00ean, 2 Tr\u1ee3 Gi\u1ea3ng\u00a0<\/span>v\u00e0 ch\u1ec9 <span style=\"color: #ed1c24;\">25 h\u1ecdc vi\u00ean\/l\u1edbp.<\/span> H\u1ecdc vi\u00ean s\u1ebd \u0111\u01b0\u1ee3c h\u1ed7 tr\u1ee3 s\u00e2u s\u00e1t sao.<\/span><\/p>\n<p><span style=\"color: #000000;\">+ Nhi\u1ec7t t\u00ecnh v\u00e0 theo d\u00f5i s\u00e1t sao c\u0169ng nh\u01b0 \u0111\u1ed3ng h\u00e0nh c\u00f9ng v\u1edbi b\u1ea1n \u0111\u1ebfn khi b\u1ea1n \u0111\u1ea1t \u0111\u01b0\u1ee3c m\u1ee5c ti\u00eau ng\u00f4n ng\u1eef.<\/span><\/p>\n<p><img decoding=\"async\" loading=\"lazy\" class=\"size-medium wp-image-18026 aligncenter\" src=\"https:\/\/khachhang.webrt.vn\/phong\/ali\/wp-content\/uploads\/2020\/09\/IMG_1221-783x400.jpg\" alt=\"\" width=\"783\" height=\"400\" srcset=\"https:\/\/truonganhngu.mauthemewp.com\/wp-content\/uploads\/2020\/09\/IMG_1221-783x400.jpg 783w, https:\/\/truonganhngu.mauthemewp.com\/wp-content\/uploads\/2020\/09\/IMG_1221-768x392.jpg 768w, https:\/\/truonganhngu.mauthemewp.com\/wp-content\/uploads\/2020\/09\/IMG_1221-1400x715.jpg 1400w, https:\/\/truonganhngu.mauthemewp.com\/wp-content\/uploads\/2020\/09\/IMG_1221.jpg 1728w\" sizes=\"(max-width: 783px) 100vw, 783px\" \/><\/p>\n<table style=\"width: 100%; background-color: #ffd000;\">\n<tbody>\n<tr>\n<td style=\"width: 100%;\">\n<h3 style=\"text-align: center;\"><span style=\"font-size: 12px;\"><span style=\"color: #000000;\"><strong><span style=\"color: #ed1c24;\">\u0110\u1eb6C BI\u1ec6T<\/span><br \/><\/strong><span style=\"font-size: 10px;\"><strong>-&gt; \u0110\u0102NG K\u00dd L\u1ed8 TR\u00ccNH GIAO TI\u1ebeP PH\u1ea2N X\u1ea0 4 TH\u00c1NG GI\u1ea2M 1.800K CH\u1ec8 C\u00d2N 2.600.000\u0111 (GI\u00c1 G\u1ed0C 4.400.000\u0110)<\/strong><\/span><\/span><span style=\"font-size: 10px;\"><strong><em><span style=\"color: #0000ff;\"><br \/><\/span><\/em><\/strong><\/span><\/span><span style=\"font-size: 10px;\"><strong><span style=\"color: #000000;\">-&gt; \u0110\u0102NG K\u00dd L\u1ed8 TR\u00ccNH ESB 6 TH\u00c1NG GIAO TI\u1ebeP, GI\u1ea2M 2.000K CH\u1ec8 C\u00d2N 3.999.000\u0111 (GI\u00c1 G\u1ed0C 6.000.000\u0111)<em> <span style=\"color: #0000ff;\"><a style=\"color: #0000ff;\" href=\"https:\/\/khachhang.webrt.vn\/phong\/ali\/lo-trinh-toan-dien\/\">T\u1ea0I \u0110\u00c2Y<\/a><br \/><\/span><\/em><\/span><\/strong><strong><span style=\"color: #000000;\">&gt; \u0110\u0102NG K\u00dd L\u1ed8 TR\u00ccNH ULTIMATE GIAO TI\u1ebeP &amp; TOEIC 500+, GI\u1ea2M 4.500K CH\u1ec8 C\u00d2N 5.999.000\u0111 (GI\u00c1 G\u1ed0C 10.500.000\u0111)<em> <span style=\"color: #0000ff;\"><a style=\"color: #0000ff;\" href=\"https:\/\/khachhang.webrt.vn\/phong\/ali\/goi-ultimate-english-2020\">T\u1ea0I \u0110\u00c2Y<br \/><\/a><\/span><\/em><\/span><\/strong><strong style=\"font-family: inherit;\"><span style=\"color: #000000;\">&gt; \u0110\u0102NG K\u00dd L\u1ed8 TR\u00ccNH INCREDIBLE GIAO TI\u1ebeP &amp; TOEIC 700+ , GI\u1ea2M 3.500K CH\u1ec8 C\u00d2N 9.500.000\u0111 (GI\u00c1 G\u1ed0C 13.000.000\u0111)<em> <span style=\"color: #0000ff;\"><a style=\"color: #0000ff;\" href=\"https:\/\/khachhang.webrt.vn\/phong\/ali\/goi-incredible-english-2020\">T\u1ea0I \u0110\u00c2Y<\/a><\/span><\/em><\/span><\/strong><\/span><\/h3>\n<\/td>\n<\/tr>\n<\/tbody>\n<\/table>\n<p style=\"text-align: justify;\"><span style=\"font-size: 90%;\"><span style=\"color: #ed1c24; font-size: 105%;\"><strong>\u25ba<\/strong><strong> H\u1eccC PH\u00cd G\u1ed0C: 2<\/strong><\/span><span style=\"color: #000000;\"><strong style=\"line-height: 1.5;\"><span style=\"color: #ed1c24; font-size: 105%;\">.000.000 \u0110<br \/><\/span><\/strong><\/span><span style=\"color: #000000;\"><strong style=\"line-height: 1.5;\"><span style=\"color: #ed1c24; font-size: 105%;\"><br \/><\/span><\/strong><\/span><\/span><span style=\"color: #000000; font-size: 90%;\"><strong><span style=\"color: #000000;\"><span class=\"_3gl1 _5zz4\" data-offset-key=\"168f4-0-0\"><span class=\"_ncl\">?<\/span><\/span><span data-offset-key=\"168f4-1-0\">\u00a0<\/span>PH\u1ea6N QU\u00c0 <span style=\"color: #ed1c24; font-size: 20px;\">2<\/span><\/span><span style=\"color: #ed1c24; font-size: 20px;\">.000.000\u0111<\/span><span style=\"color: #000000;\"> KHI \u0110\u0102NG K\u00dd THEO L\u1ed8 TR\u00ccNH TRONG TH\u00c1NG 3:<\/span><\/strong><br \/><span style=\"color: #000000; font-size: 14px;\">? T\u1eb7ng 01 th\u1ebb tham gia C\u00e2u L\u1ea1c B\u1ed9 t\u1ed1i ch\u1ee7 nh\u1eadt h\u00e0ng tu\u1ea7n 12 th\u00e1ng\u00a0tr\u1ecb gi\u00e1 1.200K<\/span><br \/><span style=\"color: #000000; font-size: 14px;\"> ?\u00a0T\u1eb7ng 01 B\u1ed9 DVD ph\u00e1t \u00e2m chu\u1ea9n American Accent &#8211; Paul Gruber 500K<\/span><br \/><span style=\"color: #000000; font-size: 14px;\"> ? T\u1eb7ng 01 B\u1ed9 gi\u00e1o tr\u00ecnh tr\u1ecb gi\u00e1 300K<br \/><\/span><br \/><\/span><\/p>\n<blockquote>\n<p><span style=\"color: #000000; font-size: 90%;\"><strong>GI\u1ea2M TI\u1ebeP NGAY:<br \/><\/strong>&#8211; <strong>150K\/nh\u00f3m<\/strong>\u00a0n\u1ebfu \u0111\u0103ng k\u00fd theo nh\u00f3m 3 ng\u01b0\u1eddi.<\/span><br \/><span style=\"color: #000000; font-size: 90%;\"> &#8211; <strong>300K\/nh\u00f3m<\/strong>\u00a0n\u1ebfu \u0111\u0103ng k\u00fd theo nh\u00f3m 4 ng\u01b0\u1eddi.<\/span><br \/><span style=\"color: #000000; font-size: 90%;\"> &#8211; <strong>500K\/nh\u00f3m\u00a0<\/strong>n\u1ebfu \u0111\u0103ng k\u00fd theo nh\u00f3m 5 ng\u01b0\u1eddi tr\u1edf l\u00ean.<\/span><\/p>\n<\/blockquote>\n\n\n<iframe src=\"https:\/\/alibaba.eduto.net\/pages\/registers\/dang-ki-khoa-hoc-basic-communication?page_type=iframe\" style=\"width:100%!important;height:800px!important;border: none!important;\" title=\"\u0110\u0103ng k\u00ed kh\u00f3a h\u1ecdc Basic Communication\">\n<\/iframe>\n","protected":false},"excerpt":{"rendered":"<p>H\u1eccC VI\u1ec6N ANH NG\u1eee V\u1ec0 \u0110\u00c0O T\u1ea0O K\u1ef8 N\u0102NG V\u00c0 TI\u1ebeNG ANH GIAO TI\u1ebeP CHO SINH VI\u00caN ! H\u1eccC VI\u1ec6N ANH NG\u1eee V\u1ec0\u0110\u00c0O T\u1ea0O K\u1ef8 N\u0102NG V\u00c0 TI\u1ebeNG ANH GIAO TI\u1ebeP CHO SINH VI\u00caN! VTV1 N\u00d3I G\u00cc V\u1ec0 ALIBABA Giai \u0111o\u1ea1n 1: Basic Communication! -&gt; B\u1ea1n \u0111\u00e3 n\u00f3i \u0111\u01b0\u1ee3c ti\u1ebfng Anh nh\u01b0ng v\u1eabn sai t\u1eeb [&#8230;]\n","protected":false},"author":1,"featured_media":0,"parent":0,"menu_order":0,"comment_status":"closed","ping_status":"closed","template":"page-right-sidebar.php","meta":[],"yst_prominent_words":[],"_links":{"self":[{"href":"https:\/\/truonganhngu.mauthemewp.com\/index.php?rest_route=\/wp\/v2\/pages\/16624"}],"collection":[{"href":"https:\/\/truonganhngu.mauthemewp.com\/index.php?rest_route=\/wp\/v2\/pages"}],"about":[{"href":"https:\/\/truonganhngu.mauthemewp.com\/index.php?rest_route=\/wp\/v2\/types\/page"}],"author":[{"embeddable":true,"href":"https:\/\/truonganhngu.mauthemewp.com\/index.php?rest_route=\/wp\/v2\/users\/1"}],"replies":[{"embeddable":true,"href":"https:\/\/truonganhngu.mauthemewp.com\/index.php?rest_route=%2Fwp%2Fv2%2Fcomments&post=16624"}],"version-history":[{"count":24,"href":"https:\/\/truonganhngu.mauthemewp.com\/index.php?rest_route=\/wp\/v2\/pages\/16624\/revisions"}],"predecessor-version":[{"id":21138,"href":"https:\/\/truonganhngu.mauthemewp.com\/index.php?rest_route=\/wp\/v2\/pages\/16624\/revisions\/21138"}],"wp:attachment":[{"href":"https:\/\/truonganhngu.mauthemewp.com\/index.php?rest_route=%2Fwp%2Fv2%2Fmedia&parent=16624"}],"wp:term":[{"taxonomy":"yst_prominent_words","embeddable":true,"href":"https:\/\/truonganhngu.mauthemewp.com\/index.php?rest_route=%2Fwp%2Fv2%2Fyst_prominent_words&post=16624"}],"curies":[{"name":"wp","href":"https:\/\/api.w.org\/{rel}","templated":true}]}}